{"id":17592,"date":"2020-01-15T13:30:07","date_gmt":"2020-01-15T11:30:07","guid":{"rendered":"https:\/\/annabis.es\/oleo-de-canhamo-bio-oleo-de-canhamo-a-alternativa-saudavel\/"},"modified":"2024-10-24T15:18:51","modified_gmt":"2024-10-24T13:18:51","slug":"oleo-de-canhamo-bio-oleo-de-canhamo-a-alternativa-saudavel","status":"publish","type":"page","link":"https:\/\/annabis.es\/pt-pt\/oleo-de-canhamo-bio-oleo-de-canhamo-a-alternativa-saudavel\/","title":{"rendered":"\u00d3LEO DE C\u00c2NHAMO BIO \u00d3leo de c\u00e2nhamo, a alternativa saud\u00e1vel"},"content":{"rendered":"<p>[et_pb_section fb_built=&#8221;1&#8243; background_color=&#8221;rgba(0,0,0,0.61)&#8221; _builder_version=&#8221;3.0.105&#8243; use_background_color_gradient=&#8221;on&#8221; background_color_gradient_start=&#8221;#44c427&#8243; background_color_gradient_end=&#8221;#edca31&#8243; background_image=&#8221;https:\/\/annabis.es\/wp-content\/uploads\/2019\/10\/aceite-de-can\u0303amo-bio-ensaladas.jpg&#8221; custom_margin=&#8221;|||&#8221; custom_padding=&#8221;|||&#8221; mix_blend_mode=&#8221;multiply&#8221;][et_pb_row make_fullwidth=&#8221;on&#8221; use_custom_gutter=&#8221;on&#8221; gutter_width=&#8221;1&#8243; _builder_version=&#8221;3.0.105&#8243;][et_pb_column type=&#8221;4_4&#8243; _builder_version=&#8221;3.0.47&#8243; parallax=&#8221;off&#8221; parallax_method=&#8221;on&#8221;][et_pb_text admin_label=&#8221;titulo (h1)&#8221; _builder_version=&#8221;3.0.105&#8243; text_font=&#8221;Dosis|500||on|||||&#8221; text_font_size=&#8221;35&#8243; text_font_size_phone=&#8221;20&#8243; text_font_size_last_edited=&#8221;on|desktop&#8221; text_letter_spacing=&#8221;3&#8243; text_letter_spacing_last_edited=&#8221;on|phone&#8221; header_font=&#8221;||||||||&#8221; header_font_size=&#8221;40&#8243; header_font_size_phone=&#8221;30&#8243; header_font_size_last_edited=&#8221;on|phone&#8221; text_orientation=&#8221;center&#8221;]<\/p>\n<h1 style=\"text-align: center;\">\u00d3LEO DE C\u00c2NHAMO 100% ORG\u00c2NICO<\/h1>\n<p>[\/et_pb_text][et_pb_divider show_divider=&#8221;on&#8221; divider_position=&#8221;center&#8221; divider_weight=&#8221;3&#8243; height=&#8221;10px&#8221; _builder_version=&#8221;3.0.105&#8243; max_width=&#8221;50%&#8221; module_alignment=&#8221;center&#8221;][\/et_pb_divider][et_pb_text admin_label=&#8221;h2&#8243; _builder_version=&#8221;3.0.105&#8243; text_font=&#8221;Dosis|500|||||||&#8221; text_font_size=&#8221;20&#8243; text_font_size_tablet=&#8221;18&#8243; text_font_size_phone=&#8221;16&#8243; text_font_size_last_edited=&#8221;on|desktop&#8221; text_letter_spacing=&#8221;5px&#8221; header_3_font_size=&#8221;30px&#8221; custom_margin=&#8221;1em|||&#8221;]<\/p>\n<h2 style=\"text-align: center;\">EXTRA\u00cdDO DA 1\u00aa PRENSAGEM A FRIO DAS MELHORES SEMENTES DE C\u00c2NHAMO ORG\u00c2NICO<\/h2>\n<h1 style=\"text-align: center;\"><\/h1>\n<h1 style=\"text-align: center;\"><\/h1>\n<p>[\/et_pb_text][\/et_pb_column][\/et_pb_row][\/et_pb_section][et_pb_section fb_built=&#8221;1&#8243; _builder_version=&#8221;3.0.105&#8243; custom_margin=&#8221;2em|||&#8221; custom_padding=&#8221;9px|0px|54px|0px&#8221;][et_pb_row custom_padding=&#8221;19px|0px|2px|0px&#8221; custom_margin=&#8221;||0px|&#8221; _builder_version=&#8221;3.0.105&#8243;][et_pb_column type=&#8221;4_4&#8243; _builder_version=&#8221;3.0.47&#8243; parallax=&#8221;off&#8221; parallax_method=&#8221;on&#8221;][et_pb_text admin_label=&#8221;texto INTRO (h3)&#8221; _builder_version=&#8221;3.0.105&#8243; text_font_size=&#8221;16px&#8221; text_line_height=&#8221;1.9em&#8221; header_font=&#8221;Dosis|||on|||||&#8221; header_2_font=&#8221;Dosis|200||on|||||&#8221; header_3_letter_spacing=&#8221;2px&#8221; text_orientation=&#8221;center&#8221;]<\/p>\n<p>Uma alternativa ideal de \u00f3leo vegetal para dietas vegetarianas, veganas ou com baixo teor de colesterol, gra\u00e7as ao seu alto teor de \u00e1cidos gordos essenciais \u00d3mega 3-6 na propor\u00e7\u00e3o ideal de 3:1 para o nosso corpo os absorver. Seu alto teor de vitaminas, minerais e fitoester\u00f3is o torna o melhor \u00f3leo vegetal para aqueles que querem incluir um \u00f3leo saud\u00e1vel em sua dieta. <\/p>\n<p>[\/et_pb_text][\/et_pb_column][\/et_pb_row][et_pb_row custom_margin=&#8221;||0px|&#8221; _builder_version=&#8221;3.0.105&#8243;][et_pb_column type=&#8221;1_2&#8243; _builder_version=&#8221;3.0.47&#8243; parallax=&#8221;off&#8221; parallax_method=&#8221;on&#8221;][et_pb_text _builder_version=&#8221;3.0.105&#8243; custom_margin=&#8221;||0px|&#8221; custom_padding=&#8221;||0px|&#8221;]<\/p>\n<h3>\u00d3LEO DE C\u00c2NHAMO: O \u00d3LEO SAUD\u00c1VEL<\/h3>\n<p>  O c\u00e2nhamo \u00e9 um superingrediente funcional ou superalimento com excelentes <strong>propriedades antioxidantes e anti-inflamat\u00f3rias<\/strong>, que beneficiam principalmente o nosso sistema cardiovascular. Uma fonte \u00fanica de \u00d3mega 3-6 e vitamina E que protege as c\u00e9lulas e tecidos do envelhecimento. A sua cor esverdeada particular e o seu agrad\u00e1vel aroma e sabor a frutos secos tornam-na uma alternativa saud\u00e1vel ideal para aqueles que querem uma oferta extra de \u00d3mega 3-6 na sua dieta. Um \u00f3leo vegetal que podemos incluir quer como complemento, ingerindo 2 colheres de sopa deste maravilhoso &#8216;ouro verde&#8217; por dia, quer incluindo-o como molho em receitas frias, como torradas, saladas ou massas.<br \/>\n[\/et_pb_text][\/et_pb_column][et_pb_column type=&#8221;1_2&#8243; _builder_version=&#8221;3.0.47&#8243; parallax=&#8221;off&#8221; parallax_method=&#8221;on&#8221;][et_pb_image src=&#8221;https:\/\/annabis.es\/wp-content\/uploads\/2020\/05\/ANNABIS-bio-hemp-oil-aceite-semillas-ca\u0301n\u0303amo-orga\u0301nico-cannabis-ensaladas-omega3-6-BIO.png&#8221; url=&#8221;https:\/\/annabis.es\/producto\/aceite-alimentario-semillas-de-canamo-ecologico-bio-hemp-oil-rico-en-omega-3-6\/&#8221; align=&#8221;center&#8221; _builder_version=&#8221;3.0.105&#8243; max_width=&#8221;50%&#8221;][\/et_pb_image][et_pb_button button_url=&#8221;https:\/\/annabis.es\/producto\/aceite-alimentario-semillas-de-canamo-ecologico-bio-hemp-oil-rico-en-omega-3-6\/&#8221; button_text=&#8221;COMPRAR AGORA&#8221; button_alignment=&#8221;center&#8221; admin_label=&#8221;Bot\u00f3n COMPRAR&#8221; _builder_version=&#8221;3.0.105&#8243;][\/et_pb_button][\/et_pb_column][\/et_pb_row][et_pb_row _builder_version=&#8221;3.0.47&#8243; background_size=&#8221;initial&#8221; background_position=&#8221;top_left&#8221; background_repeat=&#8221;repeat&#8221;][et_pb_column type=&#8221;1_2&#8243; _builder_version=&#8221;3.0.47&#8243; parallax=&#8221;off&#8221; parallax_method=&#8221;on&#8221;][et_pb_image src=&#8221;https:\/\/annabis.es\/wp-content\/uploads\/2019\/10\/aceite-de-can\u0303amo-bio-ensaladas.jpg&#8221; _builder_version=&#8221;3.0.105&#8243;][\/et_pb_image][\/et_pb_column][et_pb_column type=&#8221;1_2&#8243; _builder_version=&#8221;3.0.47&#8243; parallax=&#8221;off&#8221; parallax_method=&#8221;on&#8221;][et_pb_text _builder_version=&#8221;3.0.105&#8243; custom_margin=&#8221;||0px|&#8221; custom_padding=&#8221;||0px|&#8221;]<\/p>\n<h3><\/h3>\n<h3>O \u00d3LEO DE C\u00c2NHAMO \u00c9 SEGURO?<\/h3>\n<p>  O consumo de produtos derivados do C\u00e2nhamo ainda apresenta alguns obst\u00e1culos devido \u00e0 confus\u00e3o do C\u00e2nhamo ou da Cannabis com variedades psicotr\u00f3picas da planta da mesma esp\u00e9cie: <em>Cannabis Sativa L. <\/em>O \u00f3leo de c\u00e2nhamo \u00e9 psicotr\u00f3pico? Como posso tomar? Atualmente, certas variedades de plantas industriais de cannabis, chamadas c\u00e2nhamo industrial, podem ser legalmente produzidas, a partir das quais s\u00e3o produzidos v\u00e1rios produtos derivados, desde \u00f3leo de c\u00e2nhamo, leite de c\u00e2nhamo, fibras, t\u00eaxteis, papel e cosm\u00e9ticos, entre muitos outros. Gra\u00e7as \u00e0 sua rica composi\u00e7\u00e3o mineral e vegetal e ao seu elevado valor nutricional, o \u00f3leo de sementes de c\u00e2nhamo regularmente inclu\u00eddo na nossa dieta <strong>melhora a sa\u00fade e previne v\u00e1rias doen\u00e7as<\/strong>, beneficiando os nossos sistemas imunit\u00e1rio e cardiovascular.<br \/>\n[\/et_pb_text][\/et_pb_column][\/et_pb_row][\/et_pb_section][et_pb_section fb_built=&#8221;1&#8243; _builder_version=&#8221;3.0.105&#8243; background_image=&#8221;https:\/\/annabis.es\/wp-content\/uploads\/2020\/02\/semillas-aceite-canamo-vegetal-ecologico-scaled.jpg&#8221; parallax=&#8221;on&#8221;][et_pb_row _builder_version=&#8221;3.0.105&#8243;][et_pb_column type=&#8221;4_4&#8243; _builder_version=&#8221;3.0.47&#8243; parallax=&#8221;off&#8221; parallax_method=&#8221;on&#8221;][et_pb_text background_layout=&#8221;dark&#8221; admin_label=&#8221;titulo Aceite de C\u00e1\u00f1amo&#8221; _builder_version=&#8221;3.0.105&#8243; text_font=&#8221;Dosis||||||||&#8221; text_font_size=&#8221;16px&#8221; text_letter_spacing=&#8221;5px&#8221; header_font=&#8221;Dosis|||on|||||&#8221; header_2_font=&#8221;|||on|||||&#8221; header_2_font_size=&#8221;30&#8243;]<\/p>\n<h2 style=\"text-align: center;\">\u00d3leo de c\u00e2nhamo: o melhor \u00f3leo vegetal 100% org\u00e2nico<\/h2>\n<p>[\/et_pb_text][\/et_pb_column][\/et_pb_row][\/et_pb_section][et_pb_section fb_built=&#8221;1&#8243; _builder_version=&#8221;3.0.47&#8243;][et_pb_row use_custom_gutter=&#8221;on&#8221; gutter_width=&#8221;4&#8243; background_color_2=&#8221;#edecea&#8221; padding_right_2=&#8221;50px&#8221; padding_bottom_2=&#8221;50px&#8221; _builder_version=&#8221;3.0.105&#8243;][et_pb_column type=&#8221;2_3&#8243; _builder_version=&#8221;3.0.47&#8243; parallax=&#8221;off&#8221; parallax_method=&#8221;on&#8221;][et_pb_text admin_label=&#8221;c\u00f3mo cocinar&#8221; _builder_version=&#8221;3.0.105&#8243; header_font=&#8221;Dosis|||on|||||&#8221; header_2_font=&#8221;|||on|||||&#8221; header_2_font_size=&#8221;30&#8243;]<\/p>\n<h3>COMO POSSO COZINHAR COM \u00d3LEO DE C\u00c2NHAMO?<\/h3>\n<p>  Para cozinhar com \u00f3leo de c\u00e2nhamo, \u00e9 essencial n\u00e3o submet\u00ea-lo a altas temperaturas ou aquec\u00ea-lo para evitar a oxida\u00e7\u00e3o e a perda de seus muitos nutrientes naturais. \u00c9 melhor us\u00e1-lo \u00e0 temperatura ambiente, sem aquec\u00ea-lo ou us\u00e1-lo como um \u00f3leo de cozinha &#8220;normal&#8221;. Aqui est\u00e3o algumas <a href=\"https:\/\/annabis.es\/pt-pt\/escritorio-natural\/como-cozinhar-com-oleo-de-canhamo\/\">ideias de receitas<\/a> para incluir \u00f3leo de semente de cannabis em seus pratos e come\u00e7ar a enriquecer sua dieta com este superalimento natural.    <\/p>\n<h3><\/h3>\n<h3>QUEM PODE TOMAR \u00d3LEO DE C\u00c2NHAMO ORG\u00c2NICO?<\/h3>\n<p>  O \u00f3leo de c\u00e2nhamo \u00e9 um excelente suplemento para a inf\u00e2ncia, gravidez, m\u00e3es que amamentam e idosos, n\u00e3o psicoativos, \u00e9 claro. Como j\u00e1 explicamos, \u00e9 um \u00f3leo rico em vitaminas e minerais. Seu alto teor de ferro efetivamente previne a anemia. Sua combina\u00e7\u00e3o de c\u00e1lcio, magn\u00e9sio e f\u00f3sforo ajuda no desenvolvimento \u00f3sseo. E a sua elevada riqueza proteica promove a massa muscular. Al\u00e9m disso, \u00e9 um recurso natural ideal para prevenir doen\u00e7as cardiovasculares ou neurodegenerativas t\u00edpicas da idade.<br \/>\n[\/et_pb_text][\/et_pb_column][et_pb_column type=&#8221;1_3&#8243; _builder_version=&#8221;3.0.47&#8243; padding_bottom=&#8221;50px&#8221; padding_right=&#8221;50px&#8221; background_color=&#8221;#edecea&#8221; parallax=&#8221;off&#8221; parallax_method=&#8221;on&#8221;][et_pb_divider disabled_on=&#8221;|off|on&#8221; _builder_version=&#8221;3.0.105&#8243;][\/et_pb_divider][et_pb_image src=&#8221;https:\/\/annabis.es\/wp-content\/uploads\/2020\/02\/pasta-aceite-can\u0303amo-ecologico-bio.jpg&#8221; url=&#8221;https:\/\/annabis.es\/?post_type=product&amp;p=251&#8243; show_bottom_space=&#8221;off&#8221; align=&#8221;center&#8221; _builder_version=&#8221;3.0.105&#8243; background_color=&#8221;rgba(255,255,255,0)&#8221; max_width=&#8221;90%&#8221; module_alignment=&#8221;left&#8221; custom_margin=&#8221;-50px|||-50px&#8221; box_shadow_style=&#8221;preset3&#8243;][\/et_pb_image][\/et_pb_column][\/et_pb_row][\/et_pb_section][et_pb_section fb_built=&#8221;1&#8243; module_id=&#8221;Boletim informativo&#8221; _builder_version=&#8221;3.0.105&#8243; module_alignment=&#8221;center&#8221; global_module=&#8221;10770&#8243;][et_pb_row custom_width_percent=&#8221;50%&#8221; custom_padding=&#8221;|2em||2em&#8221; background_color=&#8221;#eaeaea&#8221; background_color_2=&#8221;#efefef&#8221; padding_top_2=&#8221;2em&#8221; padding_right_2=&#8221;2em&#8221; padding_bottom_2=&#8221;2em&#8221; padding_left_2=&#8221;2em&#8221; _builder_version=&#8221;3.0.105&#8243; module_alignment=&#8221;center&#8221;][et_pb_column type=&#8221;4_4&#8243; _builder_version=&#8221;3.0.47&#8243; parallax=&#8221;off&#8221; parallax_method=&#8221;on&#8221;][et_pb_text disabled_on=&#8221;on|on|&#8221; admin_label=&#8221;comunidad annabis (h2)&#8221; _builder_version=&#8221;3.0.105&#8243; background_size=&#8221;initial&#8221; background_position=&#8221;top_left&#8221; background_repeat=&#8221;repeat&#8221; text_orientation=&#8221;center&#8221; module_alignment=&#8221;center&#8221; use_border_color=&#8221;off&#8221;]<\/p>\n<h2>COMUNIDADE ANNABIS<\/h2>\n<p>Subscreva a nossa newsletter e obtenha um desconto de 10%! Receber\u00e1 tamb\u00e9m novidades sobre os nossos produtos, dicas de cuidados com a pele e o corpo, descobrir\u00e1 rotinas saud\u00e1veis&#8230; Junte-se a n\u00f3s e aproveite o seu primeiro desconto! <\/p>\n<p>[\/et_pb_text][et_pb_text disabled_on=&#8221;||on&#8221; admin_label=&#8221;comunidad annabis (h2) MOVIL&#8221; _builder_version=&#8221;3.0.105&#8243; background_size=&#8221;initial&#8221; background_position=&#8221;top_left&#8221; background_repeat=&#8221;repeat&#8221; text_orientation=&#8221;center&#8221; module_alignment=&#8221;center&#8221; use_border_color=&#8221;off&#8221;]<\/p>\n<h2>COMUNIDADE ANNABIS<\/h2>\n<p>Subscreva a nossa newsletter e obtenha um desconto de 10%!  <\/p>\n<p>[\/et_pb_text][et_pb_contact_form captcha=&#8221;off&#8221; email=&#8221;webmaster@greenmotiv.com  &#8221; custom_message=&#8221;NOVA SUBSCRI\u00c7\u00c3O annabis.es:||et_pb_line_break_holder||||et_pb_line_break_holder||Nome:||et_pb_line_break_holder||%%Name%%||et_pb_line_break_holder||Endere\u00e7o eletr\u00f3nico:||et_pb_line_break_holder||%%correo_electr\u00f3nico%%||et_pb_line_break_holder||&#8221; use_redirect=&#8221;on&#8221; redirect_url=&#8221;https:\/\/annabis.es\/bono-descuento\/&#8221; success_message=&#8221;Obrigado por se juntar \u00e0 nossa comunidade!  &#8221; submit_button_text=&#8221;Quero subscrever!&#8221; form_background_color=&#8221;#ffffff&#8221; disabled_on=&#8221;on|on|&#8221; admin_label=&#8221;Formulario NWS (gesti\u00f3n manual)&#8221; _builder_version=&#8221;3.0.105&#8243; form_field_text_align=&#8221;left&#8221; border_width_all=&#8221;2px&#8221; text_orientation=&#8221;left&#8221; max_width=&#8221;50%&#8221; module_alignment=&#8221;center&#8221; custom_padding=&#8221;0px|||&#8221; custom_button=&#8221;on&#8221; button_text_size=&#8221;14&#8243; button_use_icon=&#8221;off&#8221; button_letter_spacing_hover=&#8221;1&#8243; module_id=&#8221;et_pb_contact_form_0&#8243;][et_pb_contact_field field_id=&#8221;Name&#8221; field_title=&#8221;Designa\u00e7\u00e3o&#8221; fullwidth_field=&#8221;on&#8221; field_background_color=&#8221;#ffffff&#8221; _builder_version=&#8221;3.0.105&#8243;][\/et_pb_contact_field][et_pb_contact_field field_id=&#8221;correo_electr\u00f3nico&#8221; field_title=&#8221;Email&#8221; field_type=&#8221;email&#8221; fullwidth_field=&#8221;on&#8221; _builder_version=&#8221;3.0.105&#8243;][\/et_pb_contact_field][et_pb_contact_field field_id=&#8221;privacidad&#8221; field_title=&#8221;Privacidade&#8221; field_type=&#8221;checkbox&#8221; checkbox_options=&#8221;%91{%22value%22:%22Aceito a Pol\u00edtica de Privacidade%22,%22checked%22:0},{%22value%22:%22Aceito receber informa\u00e7\u00f5es comerciais%22,%22checked%22:0}%93&#8243; fullwidth_field=&#8221;on&#8221; _builder_version=&#8221;3.0.105&#8243; max_width_tablet=&#8221;100%&#8221; max_width_phone=&#8221;100%&#8221;][\/et_pb_contact_field][\/et_pb_contact_form][et_pb_text admin_label=&#8221;Texto privacidad&#8221; _builder_version=&#8221;3.0.105&#8243; text_font_size=&#8221;9px&#8221; text_line_height=&#8221;1.6em&#8221; custom_margin=&#8221;|3em||3em&#8221;]<\/p>\n<div class=\"page\" title=\"P\u00e1gina 27\">\n<div class=\"layoutArea\">\n<div class=\"column\">\n<p style=\"text-align: center;\"><a href=\"https:\/\/annabis.es\/aviso-legal\/\">Prote\u00e7\u00e3o de dados<\/a><br \/>O respons\u00e1vel pelo tratamento dos dados \u00e9 a GREENMOTIV SL. O objetivo da recolha de dados \u00e9 poder responder \u00e0s suas quest\u00f5es, sem transferir os seus dados para terceiros. Voc\u00ea tem o direito de saber quais informa\u00e7\u00f5es mantemos sobre voc\u00ea, corrigi-las ou exclu\u00ed-las, conforme explicado em nossa <a href=\"https:\/\/annabis.es\/aviso-legal\/\">Pol\u00edtica de Privacidade<\/a>.  <\/p>\n<\/div>\n<\/div>\n<\/div>\n<p>[\/et_pb_text][et_pb_social_media_follow admin_label=&#8221;RRSS&#8221; _builder_version=&#8221;3.0.105&#8243; border_radii=&#8221;on||||&#8221; text_orientation=&#8221;center&#8221;][et_pb_social_media_follow_network social_network=&#8221;facebook&#8221; url=&#8221;https:\/\/www.facebook.com\/annabisnatural&#8221; _builder_version=&#8221;3.0.105&#8243; background_color=&#8221;#8bb234&#8243; follow_button=&#8221;off&#8221; url_new_window=&#8221;on&#8221;] Facebook [\/et_pb_social_media_follow_network][et_pb_social_media_follow_network social_network=&#8221;instagram&#8221; url=&#8221;https:\/\/www.instagram.com\/annabis.es\/&#8221; _builder_version=&#8221;3.0.105&#8243; background_color=&#8221;#8bb234&#8243; follow_button=&#8221;off&#8221; url_new_window=&#8221;on&#8221;] Instagram [\/et_pb_social_media_follow_network][et_pb_social_media_follow_network social_network=&#8221;pinterest&#8221; _builder_version=&#8221;3.0.105&#8243; background_color=&#8221;#8bb234&#8243; follow_button=&#8221;off&#8221; url_new_window=&#8221;on&#8221;] Pinterest [\/et_pb_social_media_follow_network][et_pb_social_media_follow_network social_network=&#8221;youtube&#8221; url=&#8221;https:\/\/www.youtube.com\/channel\/UCLldcYAZGNq2p2JjC-yFCIA&#8221; _builder_version=&#8221;3.0.105&#8243; background_color=&#8221;#8bb234&#8243; follow_button=&#8221;off&#8221; url_new_window=&#8221;on&#8221;] Youtube [\/et_pb_social_media_follow_network][et_pb_social_media_follow_network social_network=&#8221;twitter&#8221; url=&#8221;https:\/\/twitter.com\/Annabis_es&#8221; _builder_version=&#8221;3.0.105&#8243; background_color=&#8221;#8bb234&#8243; follow_button=&#8221;off&#8221; url_new_window=&#8221;on&#8221;] Twitter [\/et_pb_social_media_follow_network][\/et_pb_social_media_follow][\/et_pb_column][\/et_pb_row][\/et_pb_section]<\/p>\n","protected":false},"excerpt":{"rendered":"<p>\u00d3leo de c\u00e2nhamo org\u00e2nico para alimentos: o \u00f3leo saud\u00e1vel. Um \u00f3leo vegetal 100% org\u00e2nico da 1\u00aa prensagem a frio de sementes de Cannabis Sativa L com grandes benef\u00edcios nutricionais para o nosso corpo. <\/p>\n","protected":false},"author":444,"featured_media":16364,"parent":0,"menu_order":0,"comment_status":"closed","ping_status":"closed","template":"","meta":{"_acf_changed":false,"_et_pb_use_builder":"on","_et_pb_old_content":"","_et_gb_content_width":"","footnotes":""},"class_list":["post-17592","page","type-page","status-publish","has-post-thumbnail","hentry"],"acf":[],"_links":{"self":[{"href":"https:\/\/annabis.es\/pt-pt\/wp-json\/wp\/v2\/pages\/17592","targetHints":{"allow":["GET"]}}],"collection":[{"href":"https:\/\/annabis.es\/pt-pt\/wp-json\/wp\/v2\/pages"}],"about":[{"href":"https:\/\/annabis.es\/pt-pt\/wp-json\/wp\/v2\/types\/page"}],"author":[{"embeddable":true,"href":"https:\/\/annabis.es\/pt-pt\/wp-json\/wp\/v2\/users\/444"}],"replies":[{"embeddable":true,"href":"https:\/\/annabis.es\/pt-pt\/wp-json\/wp\/v2\/comments?post=17592"}],"version-history":[{"count":0,"href":"https:\/\/annabis.es\/pt-pt\/wp-json\/wp\/v2\/pages\/17592\/revisions"}],"wp:featuredmedia":[{"embeddable":true,"href":"https:\/\/annabis.es\/pt-pt\/wp-json\/wp\/v2\/media\/16364"}],"wp:attachment":[{"href":"https:\/\/annabis.es\/pt-pt\/wp-json\/wp\/v2\/media?parent=17592"}],"curies":[{"name":"wp","href":"https:\/\/api.w.org\/{rel}","templated":true}]}}