{"id":17820,"date":"2022-04-19T11:30:40","date_gmt":"2022-04-19T09:30:40","guid":{"rendered":"https:\/\/annabis.es\/termos-e-condicoes-promocao-21-na-atopicann\/"},"modified":"2024-10-24T15:20:16","modified_gmt":"2024-10-24T13:20:16","slug":"termos-e-condicoes-promocao-21-na-atopicann","status":"publish","type":"page","link":"https:\/\/annabis.es\/pt-pt\/termos-e-condicoes-promocao-21-na-atopicann\/","title":{"rendered":"Termos e condi\u00e7\u00f5es &#8211; promo\u00e7\u00e3o 2+1 na ATOPICANN"},"content":{"rendered":"<p>[et_pb_section bb_built=&#8221;1&#8243; fullwidth=&#8221;off&#8221; specialty=&#8221;off&#8221; next_background_color=&#8221;#ffffff&#8221; _builder_version=&#8221;3.0.105&#8243; background_color=&#8221;#8bb234&#8243; custom_padding=&#8221;0px||0px|&#8221; background_image=&#8221;https:\/\/annabis.es\/wp-content\/uploads\/2020\/04\/oferta-arthrocann-gel-cannabis-dolor-articular-muscular-slider_LR.jpg&#8221;][et_pb_row][et_pb_column type=&#8221;4_4&#8243;][et_pb_text admin_label=&#8221;Titulo&#8221; _builder_version=&#8221;3.0.105&#8243; background_layout=&#8221;dark&#8221;]<\/p>\n<h1>BASES JUR\u00cdDICAS PROMO\u00c7\u00c3O 2+1 ATOPICANN<\/h1>\n<p>[\/et_pb_text][\/et_pb_column][\/et_pb_row][\/et_pb_section][et_pb_section bb_built=&#8221;1&#8243; admin_label=&#8221;Section&#8221; fullwidth=&#8221;off&#8221; specialty=&#8221;off&#8221; prev_background_color=&#8221;#8bb234&#8243;][et_pb_row admin_label=&#8221;Linha&#8221; background_position=&#8221;top_left&#8221; background_repeat=&#8221;repeat&#8221; background_size=&#8221;initial&#8221;][et_pb_column type=&#8221;4_4&#8243;][et_pb_text admin_label=&#8221;Text&#8221; background_layout=&#8221;light&#8221; use_border_color=&#8221;off&#8221; background_position=&#8221;top_left&#8221; background_repeat=&#8221;repeat&#8221; background_size=&#8221;initial&#8221; _builder_version=&#8221;3.0.105&#8243; header_font_size=&#8221;26px&#8221; header_2_font_size=&#8221;20px&#8221; header_3_font_size=&#8221;16px&#8221; ol_position=&#8221;inside&#8221;]<\/p>\n<h2>1. EMPRESA ORGANIZADORA<\/h2>\n<p>GREENMOTIV S.L., como representante oficial da ANNABIS em Espanha, com CIF B66485541, localizada em C\/ Consell de Cent, 113-115, Entlo 1\u00aa, 08015 Barcelona, Espanha (doravante, a &#8220;empresa organizadora&#8221;) organiza a seguinte promo\u00e7\u00e3o sazonal &#8220;2+1 ATOPICANN&#8221;.<\/p>\n<h2>2. EM QUE CONSISTE A PROMO\u00c7\u00c3O?<\/h2>\n<p>Beneficie agora de um <strong>2+1 em <a href=\"https:\/\/annabis.es\/?post_type=product&#038;p=1650\">ATOPICANN,<\/a><\/strong> o nosso creme de can\u00e1bis vegan com extrato de turfa mais vendido para o cuidado di\u00e1rio da pele seca e delicada, como pele at\u00f3pica (adulta e beb\u00e9), pele psori\u00e1tica ou pele com altera\u00e7\u00f5es dermatol\u00f3gicas que incluem irrita\u00e7\u00e3o, secura, comich\u00e3o ou picadas. Para <strong>cada 2 unidades<\/strong> deste creme, voc\u00ea receber\u00e1 <strong>1 unidade GRATUITAMENTE, sem necessidade de pedido m\u00ednimo para varejo ou pontos de venda. <\/strong>Al\u00e9m disso, oferecemos-lhe a possibilidade de aceder a um<strong> PACK PROMOCIONAL especial para cada 10 unidades<\/strong>, com um ecr\u00e3 de secret\u00e1ria, folhetos informativos e amostras gratuitas de produtos. No caso dos <strong>distribuidores grossistas<\/strong>, para garantir a correta transfer\u00eancia para os seus clientes, a promo\u00e7\u00e3o 2+1 \u00e9 aplicada a partir <strong>das primeiras 30 unidades da ATOPICANN,<\/strong> obtendo 3 packs de 10 unidades cada + 5 GR\u00c1TIS para transportar os seus clientes e oferecer-lhes o melhor cuidado natural para peles delicadas. A partir destas unidades m\u00ednimas, a promo\u00e7\u00e3o ser\u00e1 aplicada por cada 2 unidades ou em packs de 10 para quem pretenda apostar num produto de can\u00e1bis de al\u00edvio natural, eficaz e imediato, como o ATOPICANN, com um pack promocional completo com amostras, flyers e um expositor de mesa.<\/p>\n<h2>3. O QUE INCLUI CADA PACK PROMOCIONAL?<\/h2>\n<p>Cada pacote ou kit promocional especial inclui os seguintes produtos:<\/p>\n<ul>\n<li>10 unidades de Atopicann + 5 unidades adicionais gratuitas<\/li>\n<li>20 pcs de testadores de produtos Atopicann*<\/li>\n<li>1 embalagem de folhetos para divulga\u00e7\u00e3o no ponto de venda*<\/li>\n<li>1 ecr\u00e3 ou ecr\u00e3 de secret\u00e1ria* para visibilidade do produto**<\/li>\n<\/ul>\n<p><i>*Promo\u00e7\u00e3o dispon\u00edvel enquanto durarem os stocks. **1 expositor de presente ser\u00e1 inclu\u00eddo com o primeiro pacote de 10 unidades, para pacotes subsequentes o resto dos materiais promocionais ser\u00e3o inclu\u00eddos. <\/i><\/p>\n<h2>4. DATAS DE EXECU\u00c7\u00c3O<\/h2>\n<p>A promo\u00e7\u00e3o estar\u00e1 ativa <strong>de 2 a 27 de maio de 2021 <\/strong>(ambos inclusive), sujeita \u00e0 disponibilidade de stock e n\u00e3o compat\u00edvel com outros descontos ou promo\u00e7\u00f5es.<\/p>\n<h2>5. DADOS PESSOAIS<\/h2>\n<p>De acordo com a Lei Org\u00e2nica de Prote\u00e7\u00e3o de Dados Pessoais e a Lei de Servi\u00e7os da Sociedade da Informa\u00e7\u00e3o e Com\u00e9rcio Eletr\u00f4nico, os participantes s\u00e3o informados de que os dados pessoais que fornecerem ser\u00e3o incorporados a um arquivo de dados pessoais, de propriedade da empresa organizadora. Estes dados ser\u00e3o utilizados e tratados, para al\u00e9m da finalidade de participa\u00e7\u00e3o no concurso, para a pesquisa, promo\u00e7\u00e3o e marketing dos servi\u00e7os da GREENMOTIV S.L., o que incluir\u00e1 o envio de comunica\u00e7\u00f5es comerciais, incluindo por meios eletr\u00f3nicos. Se desejarem, podem exercer os seus direitos de acesso, retifica\u00e7\u00e3o, oposi\u00e7\u00e3o e cancelamento dos seus dados a qualquer momento, escrevendo para o respons\u00e1vel pelo tratamento dos dados no endere\u00e7o <a href=\"mailto:info@annabis.es\">info@annabis.es<\/a>.  <\/p>\n<h2>6. ACEITA\u00c7\u00c3O DOS TERMOS E CONDI\u00c7\u00d5ES<\/h2>\n<p>A participa\u00e7\u00e3o nesta promo\u00e7\u00e3o implica a aceita\u00e7\u00e3o destas regras na sua totalidade, pelo que a manifesta\u00e7\u00e3o, no sentido de n\u00e3o aceita\u00e7\u00e3o das mesmas, implicar\u00e1 a exclus\u00e3o do participante e, em consequ\u00eancia das mesmas, a empresa organizadora ficar\u00e1 dispensada do cumprimento da obriga\u00e7\u00e3o contratada com o referido participante. Ao aceitar a promo\u00e7\u00e3o, o participante assume todas as despesas incorridas, exceto as expressamente inclu\u00eddas na promo\u00e7\u00e3o em quest\u00e3o, bem como a responsabilidade que possa advir da utiliza\u00e7\u00e3o da mesma. Neste sentido, o participante ser\u00e1 respons\u00e1vel por todos os impostos acumulados ou despesas que n\u00e3o sejam especificamente mencionadas nestas regras.  <\/p>\n<h2>7. CANCELAMENTO E\/OU PRORROGA\u00c7\u00c3O<\/h2>\n<p>A empresa organizadora reserva-se o direito de cancelar, modificar, encurtar ou prolongar a opera\u00e7\u00e3o em curso, no todo ou em parte, se as circunst\u00e2ncias o exigirem, sem ter de justificar essa decis\u00e3o, sem exigir o pagamento de indemniza\u00e7\u00f5es. No caso de uma implementa\u00e7\u00e3o incorreta por qualquer um dos distribuidores ou lojas, a empresa organizadora reserva-se o direito de cancelar a promo\u00e7\u00e3o ao cliente cujas a\u00e7\u00f5es s\u00e3o fraudulentas. <\/p>\n<h2>8. FISCALIDADE<\/h2>\n<p>A realiza\u00e7\u00e3o da promo\u00e7\u00e3o, bem como a concess\u00e3o de itens adicionais est\u00e3o sujeitos \u00e0s normas fiscais vigentes.<\/p>\n<h2>9. DIREITOS DE PROPRIEDADE INTELECTUAL<\/h2>\n<p>A empresa organizadora reserva-se o direito de utilizar os nomes e imagens dos concorrentes vencedores, bem como de todos os participantes, para efeitos da sua utiliza\u00e7\u00e3o para fins publicit\u00e1rios nos meios de comunica\u00e7\u00e3o social que considere adequados e sem necessidade de notifica\u00e7\u00e3o expl\u00edcita.<\/p>\n<h2>10. LEGISLA\u00c7\u00c3O APLIC\u00c1VEL E AUTORIDADES COMPETENTES<\/h2>\n<p>A lei aplic\u00e1vel a este concurso promocional \u00e9 a lei espanhola, e os tribunais competentes para ouvir qualquer conflito ou controv\u00e9rsia s\u00e3o os Tribunais da cidade de Barcelona (Espanha).<\/p>\n<p>&nbsp;<\/p>\n<p>Se tiver alguma d\u00favida sobre a promo\u00e7\u00e3o, pode contactar-nos atrav\u00e9s do 93 217 73 33 ou por e-mail <a href=\"mailto:hola@greenmotiv.com\">hola@greenmotiv.com<\/a>.<\/p>\n<p>[\/et_pb_text][\/et_pb_column][\/et_pb_row][\/et_pb_section]<\/p>\n","protected":false},"excerpt":{"rendered":"<p><div class=\"et_pb_row et_pb_row_0 et_pb_row_empty\">\n\t\t\t\t\n\t\t\t\t\n\t\t\t\t\n\t\t\t\t\n\t\t\t\t\n\t\t\t<\/div> BASES JUR\u00cdDICAS PROMO\u00c7\u00c3O 2+1 ATOPICANN 1. EMPRESA ORGANIZADORA GREENMOTIV S.L., como representante oficial da ANNABIS em Espanha, com CIF B66485541, localizada em C\/ Consell de Cent, 113-115, Entlo 1\u00aa, 08015 Barcelona, Espanha (doravante, a &#8220;empresa organizadora&#8221;) organiza a seguinte promo\u00e7\u00e3o sazonal &#8220;2+1 ATOPICANN&#8221;. 2. EM QUE CONSISTE A PROMO\u00c7\u00c3O? Beneficie agora de um 2+1 [&hellip;]<\/p>\n","protected":false},"author":1,"featured_media":16711,"parent":0,"menu_order":0,"comment_status":"closed","ping_status":"closed","template":"","meta":{"_acf_changed":false,"_et_pb_use_builder":"on","_et_pb_old_content":"","_et_gb_content_width":"","footnotes":""},"class_list":["post-17820","page","type-page","status-publish","has-post-thumbnail","hentry"],"acf":[],"_links":{"self":[{"href":"https:\/\/annabis.es\/pt-pt\/wp-json\/wp\/v2\/pages\/17820","targetHints":{"allow":["GET"]}}],"collection":[{"href":"https:\/\/annabis.es\/pt-pt\/wp-json\/wp\/v2\/pages"}],"about":[{"href":"https:\/\/annabis.es\/pt-pt\/wp-json\/wp\/v2\/types\/page"}],"author":[{"embeddable":true,"href":"https:\/\/annabis.es\/pt-pt\/wp-json\/wp\/v2\/users\/1"}],"replies":[{"embeddable":true,"href":"https:\/\/annabis.es\/pt-pt\/wp-json\/wp\/v2\/comments?post=17820"}],"version-history":[{"count":0,"href":"https:\/\/annabis.es\/pt-pt\/wp-json\/wp\/v2\/pages\/17820\/revisions"}],"wp:featuredmedia":[{"embeddable":true,"href":"https:\/\/annabis.es\/pt-pt\/wp-json\/wp\/v2\/media\/16711"}],"wp:attachment":[{"href":"https:\/\/annabis.es\/pt-pt\/wp-json\/wp\/v2\/media?parent=17820"}],"curies":[{"name":"wp","href":"https:\/\/api.w.org\/{rel}","templated":true}]}}