{"id":17824,"date":"2021-11-16T17:26:06","date_gmt":"2021-11-16T15:26:06","guid":{"rendered":"https:\/\/annabis.es\/o-que-ha-de-novo-em-produtos-naturais-de-cannabis\/"},"modified":"2024-10-24T15:20:15","modified_gmt":"2024-10-24T13:20:15","slug":"o-que-ha-de-novo-em-produtos-naturais-de-cannabis","status":"publish","type":"page","link":"https:\/\/annabis.es\/pt-pt\/o-que-ha-de-novo-em-produtos-naturais-de-cannabis\/","title":{"rendered":"O que h\u00e1 de novo em produtos naturais de cannabis"},"content":{"rendered":"<p>[et_pb_section bb_built=&#8221;1&#8243; admin_label=&#8221;section&#8221; fullwidth=&#8221;off&#8221; specialty=&#8221;off&#8221; background_color=&#8221;#53a1ae&#8221; parallax_method=&#8221;off&#8221; custom_padding=&#8221;0px||0px|&#8221; next_background_color=&#8221;#ffffff&#8221; _builder_version=&#8221;3.0.105&#8243;][et_pb_row admin_label=&#8221;rema&#8221; make_fullwidth=&#8221;off&#8221; use_custom_width=&#8221;off&#8221; width_unit=&#8221;on&#8221; use_custom_gutter=&#8221;on&#8221; gutter_width=&#8221;2&#8243; padding_mobile=&#8221;off&#8221; allow_player_pause=&#8221;off&#8221; parallax=&#8221;off&#8221; parallax_method=&#8221;off&#8221; make_equal=&#8221;off&#8221; parallax_1=&#8221;off&#8221; parallax_method_1=&#8221;off&#8221; parallax_2=&#8221;off&#8221; parallax_method_2=&#8221;off&#8221; column_padding_mobile=&#8221;on&#8221; background_position=&#8221;top_left&#8221; background_repeat=&#8221;repeat&#8221; background_size=&#8221;initial&#8221;][et_pb_column type=&#8221;4_4&#8243;][et_pb_text admin_label=&#8221;T\u00edtulo categoria&#8221; background_layout=&#8221;dark&#8221; text_orientation=&#8221;center&#8221; use_border_color=&#8221;off&#8221; background_position=&#8221;top_left&#8221; background_repeat=&#8221;repeat&#8221; background_size=&#8221;initial&#8221; module_alignment=&#8221;center&#8221; _builder_version=&#8221;3.0.105&#8243;]<\/p>\n<h1>Novos produtos CBD + CBG<\/h1>\n<p>[\/et_pb_text][\/et_pb_column][\/et_pb_row][\/et_pb_section][et_pb_section bb_built=&#8221;1&#8243; admin_label=&#8221;Section&#8221; fullwidth=&#8221;off&#8221; specialty=&#8221;off&#8221; transparent_background=&#8221;off&#8221; allow_player_pause=&#8221;off&#8221; inner_shadow=&#8221;off&#8221; parallax=&#8221;off&#8221; parallax_method=&#8221;off&#8221; custom_padding=&#8221;25px|||&#8221; padding_mobile=&#8221;on&#8221; make_fullwidth=&#8221;off&#8221; use_custom_width=&#8221;off&#8221; width_unit=&#8221;on&#8221; make_equal=&#8221;off&#8221; use_custom_gutter=&#8221;off&#8221; custom_padding_tablet=&#8221;0px|||&#8221; custom_padding_last_edited=&#8221;on|desktop&#8221; prev_background_color=&#8221;#53a1ae&#8221; next_background_color=&#8221;#ffffff&#8221;][et_pb_row][et_pb_column type=&#8221;4_4&#8243;][et_pb_shop admin_label=&#8221;Tienda Novedades&#8221; _builder_version=&#8221;3.0.105&#8243; type=&#8221;product_category&#8221; columns_number=&#8221;0&#8243; orderby=&#8221;menu_order&#8221; include_categories=&#8221;3545&#8243; \/][et_pb_text admin_label=&#8221;Novedades en cosm\u00e9tica natural de Cannabis&#8221; background_layout=&#8221;light&#8221; use_border_color=&#8221;off&#8221; disabled=&#8221;off&#8221; disabled_on=&#8221;off||&#8221; background_position=&#8221;top_left&#8221; background_repeat=&#8221;repeat&#8221; background_size=&#8221;initial&#8221; _builder_version=&#8221;3.0.105&#8243;]<\/p>\n<h2>O que h\u00e1 de novo nos cosm\u00e9ticos naturais de cannabis<\/h2>\n<p>Nesta se\u00e7\u00e3o voc\u00ea encontrar\u00e1 todas as novidades e novos lan\u00e7amentos em diferentes produtos <strong>cosm\u00e9ticos BIO<\/strong> para cuidados faciais e corporais, <strong>produtos de higiene<\/strong> ou <strong>cremes de massagem<\/strong>, todos eles baseados nas <strong>propriedades naturais do \u00f3leo de c\u00e2nhamo como<\/strong> o principal ingrediente ativo natural comum em todas as suas f\u00f3rmulas.<\/p>\n<p><em>Lembramos que alguns produtos s\u00e3o <strong>de EDI\u00c7\u00c3O LIMITADA,<\/strong> pelo que a sua disponibilidade est\u00e1 sujeita a <strong>FIM DE STOCK.<\/strong> N\u00e3o os deixe escapar!   <\/em><\/p>\n<p>[\/et_pb_text][et_pb_text admin_label=&#8221;Productos de Cannabis naturales, org\u00e1nicos y veganos&#8221; background_layout=&#8221;light&#8221; use_border_color=&#8221;off&#8221; disabled=&#8221;off&#8221; disabled_on=&#8221;off||&#8221; background_position=&#8221;top_left&#8221; background_repeat=&#8221;repeat&#8221; background_size=&#8221;initial&#8221; _builder_version=&#8221;3.0.105&#8243;]<\/p>\n<h2>Produtos de can\u00e1bis naturais, org\u00e2nicos e veganos<\/h2>\n<p>Os nossos produtos oferecem-lhe op\u00e7\u00f5es de cuidados naturais, org\u00e2nicos e veganos, adaptando-se aos seus valores. N\u00e3o fazemos testes em animais e estamos comprometidos com embalagens recicl\u00e1veis para gerar o m\u00ednimo impacto ambiental. As nossas f\u00f3rmulas oferecem-lhe assim<strong> cuidados que respeitam o seu corpo e o meio ambiente<\/strong>. <\/p>\n<p>&nbsp;<\/p>\n<p>[\/et_pb_text][\/et_pb_column][\/et_pb_row][et_pb_row][et_pb_column type=&#8221;4_4&#8243;][et_pb_text admin_label=&#8221;Titulo productos m\u00e1s vendidos&#8221; background_layout=&#8221;light&#8221; use_border_color=&#8221;off&#8221; disabled=&#8221;off&#8221; disabled_on=&#8221;off||&#8221; background_position=&#8221;top_left&#8221; background_repeat=&#8221;repeat&#8221; background_size=&#8221;initial&#8221; _builder_version=&#8221;3.0.105&#8243;]<\/p>\n<h2>Os produtos que os nossos clientes mais gostam&#8230;<\/h2>\n<p>[\/et_pb_text][et_pb_shop admin_label=&#8221;Tienda (m\u00e1s vendidos)&#8221; _builder_version=&#8221;3.0.105&#8243; type=&#8221;best_selling&#8221; posts_number=&#8221;4&#8243; columns_number=&#8221;0&#8243; orderby=&#8221;menu_order&#8221; \/][\/et_pb_column][\/et_pb_row][\/et_pb_section][et_pb_section bb_built=&#8221;1&#8243; module_id=&#8221;Boletim informativo&#8221; _builder_version=&#8221;3.0.105&#8243; module_alignment=&#8221;center&#8221; collapsed=&#8221;off&#8221; prev_background_color=&#8221;#000000&#8243; global_module=&#8221;10770&#8243;][et_pb_row global_parent=&#8221;10770&#8243; custom_padding=&#8221;|2em||2em&#8221; background_color=&#8221;#eaeaea&#8221; background_color_2=&#8221;#efefef&#8221; padding_top_2=&#8221;2em&#8221; padding_right_2=&#8221;2em&#8221; padding_bottom_2=&#8221;2em&#8221; padding_left_2=&#8221;2em&#8221; disabled_on=&#8221;on|on|on&#8221; _builder_version=&#8221;3.0.105&#8243; module_alignment=&#8221;center&#8221; disabled=&#8221;on&#8221;][et_pb_column type=&#8221;4_4&#8243;][et_pb_text admin_label=&#8221;comunidad annabis (h2)&#8221; global_parent=&#8221;10770&#8243; disabled_on=&#8221;on|on|&#8221; _builder_version=&#8221;3.0.105&#8243; background_size=&#8221;initial&#8221; background_position=&#8221;top_left&#8221; background_repeat=&#8221;repeat&#8221; text_orientation=&#8221;center&#8221; module_alignment=&#8221;center&#8221; use_border_color=&#8221;off&#8221;]<\/p>\n<h2>COMUNIDADE ANNABIS<\/h2>\n<p>Subscreva a nossa newsletter e obtenha um desconto de 10%! Receber\u00e1 tamb\u00e9m novidades sobre os nossos produtos, dicas de cuidados com a pele e o corpo, descobrir\u00e1 rotinas saud\u00e1veis&#8230; Junte-se a n\u00f3s e aproveite o seu primeiro desconto!<\/p>\n<p>[\/et_pb_text][et_pb_text admin_label=&#8221;comunidad annabis (h2) MOVIL&#8221; global_parent=&#8221;10770&#8243; disabled_on=&#8221;||on&#8221; _builder_version=&#8221;3.0.105&#8243; background_size=&#8221;initial&#8221; background_position=&#8221;top_left&#8221; background_repeat=&#8221;repeat&#8221; text_orientation=&#8221;center&#8221; module_alignment=&#8221;center&#8221; use_border_color=&#8221;off&#8221;]<\/p>\n<h2>COMUNIDADE ANNABIS<\/h2>\n<p>Subscreva a nossa newsletter e obtenha um desconto de 10%!<\/p>\n<p>[\/et_pb_text][et_pb_contact_form admin_label=&#8221;Formulario NWS (gesti\u00f3n manual)&#8221; global_parent=&#8221;10770&#8243; captcha=&#8221;off&#8221; email=&#8221;webmaster@greenmotiv.com  &#8221; custom_message=&#8221;NOVA SUBSCRI\u00c7\u00c3O annabis.es:||et_pb_line_break_holder||||et_pb_line_break_holder||Nome:||et_pb_line_break_holder||%%Name%%||et_pb_line_break_holder||Endere\u00e7o eletr\u00f3nico:||et_pb_line_break_holder||%%correo_electr\u00f3nico%%||et_pb_line_break_holder||&#8221; use_redirect=&#8221;on&#8221; redirect_url=&#8221;https:\/\/annabis.es\/bono-descuento\/&#8221; submit_button_text=&#8221;Quero subscrever!&#8221; form_background_color=&#8221;#ffffff&#8221; disabled_on=&#8221;on|on|&#8221; module_id=&#8221;et_pb_contact_form_0&#8243; _builder_version=&#8221;3.0.105&#8243; form_field_text_align=&#8221;left&#8221; border_width_all=&#8221;2px&#8221; text_orientation=&#8221;left&#8221; max_width=&#8221;50%&#8221; module_alignment=&#8221;center&#8221; custom_padding=&#8221;0px|||&#8221; custom_button=&#8221;on&#8221; button_text_size=&#8221;14&#8243; button_use_icon=&#8221;off&#8221; button_letter_spacing_hover=&#8221;1&#8243;][et_pb_contact_field field_id=&#8221;Name&#8221; field_title=&#8221;Designa\u00e7\u00e3o&#8221; fullwidth_field=&#8221;on&#8221; field_background_color=&#8221;#ffffff&#8221; _builder_version=&#8221;3.0.105&#8243;][\/et_pb_contact_field][et_pb_contact_field field_id=&#8221;correo_electr\u00f3nico&#8221; field_title=&#8221;Email&#8221; field_type=&#8221;email&#8221; fullwidth_field=&#8221;on&#8221; _builder_version=&#8221;3.0.105&#8243;][\/et_pb_contact_field][et_pb_contact_field field_id=&#8221;privacidad&#8221; field_title=&#8221;Privacidade&#8221; field_type=&#8221;checkbox&#8221; checkbox_options=&#8221;%91{%22value%22:%22Aceito a Pol\u00edtica de Privacidade%22,%22checked%22:0},{%22value%22:%22Aceito receber informa\u00e7\u00f5es comerciais%22,%22checked%22:0}%93&#8243; required_mark=&#8221;off&#8221; fullwidth_field=&#8221;on&#8221; field_background_color=&#8221;#999999&#8243; _builder_version=&#8221;3.0.105&#8243; max_width_tablet=&#8221;100%&#8221; max_width_phone=&#8221;100%&#8221;][\/et_pb_contact_field][\/et_pb_contact_form][et_pb_text admin_label=&#8221;Texto privacidad&#8221; global_parent=&#8221;10770&#8243; _builder_version=&#8221;3.0.105&#8243; text_font_size=&#8221;9px&#8221; text_line_height=&#8221;1.6em&#8221; custom_margin=&#8221;|3em||3em&#8221;]<\/p>\n<div class=\"page\" title=\"P\u00e1gina 27\">\n<div class=\"layoutArea\">\n<div class=\"column\">\n<p style=\"text-align: center;\"><a href=\"https:\/\/annabis.es\/aviso-legal\/\">Prote\u00e7\u00e3o de dados<\/a><br \/>\nO respons\u00e1vel pelo tratamento dos dados \u00e9 a GREENMOTIV SL. O objetivo da recolha de dados \u00e9 poder responder \u00e0s suas quest\u00f5es, sem transferir os seus dados para terceiros. Voc\u00ea tem o direito de saber quais informa\u00e7\u00f5es mantemos sobre voc\u00ea, corrigi-las ou exclu\u00ed-las, conforme explicado em nossa <a href=\"https:\/\/annabis.es\/aviso-legal\/\">Pol\u00edtica de Privacidade<\/a>.  <\/p>\n<\/div>\n<\/div>\n<\/div>\n<p>[\/et_pb_text][et_pb_social_media_follow admin_label=&#8221;RRSS&#8221; global_parent=&#8221;10770&#8243; _builder_version=&#8221;3.0.105&#8243; border_radii=&#8221;on||||&#8221; text_orientation=&#8221;center&#8221;][et_pb_social_media_follow_network social_network=&#8221;facebook&#8221; url=&#8221;https:\/\/www.facebook.com\/annabisnatural&#8221; _builder_version=&#8221;3.0.105&#8243; background_color=&#8221;#8bb234&#8243; follow_button=&#8221;off&#8221; url_new_window=&#8221;on&#8221;] Facebook [\/et_pb_social_media_follow_network][et_pb_social_media_follow_network social_network=&#8221;instagram&#8221; url=&#8221;https:\/\/www.instagram.com\/annabis.es\/&#8221; _builder_version=&#8221;3.0.105&#8243; background_color=&#8221;#8bb234&#8243; follow_button=&#8221;off&#8221; url_new_window=&#8221;on&#8221;] Instagram [\/et_pb_social_media_follow_network][et_pb_social_media_follow_network social_network=&#8221;pinterest&#8221; _builder_version=&#8221;3.0.105&#8243; background_color=&#8221;#8bb234&#8243; follow_button=&#8221;off&#8221; url_new_window=&#8221;on&#8221;] Pinterest [\/et_pb_social_media_follow_network][et_pb_social_media_follow_network social_network=&#8221;youtube&#8221; url=&#8221;https:\/\/www.youtube.com\/channel\/UCLldcYAZGNq2p2JjC-yFCIA&#8221; _builder_version=&#8221;3.0.105&#8243; background_color=&#8221;#8bb234&#8243; follow_button=&#8221;off&#8221; url_new_window=&#8221;on&#8221;] Youtube [\/et_pb_social_media_follow_network][et_pb_social_media_follow_network social_network=&#8221;twitter&#8221; url=&#8221;https:\/\/twitter.com\/Annabis_es&#8221; _builder_version=&#8221;3.0.105&#8243; background_color=&#8221;#8bb234&#8243; follow_button=&#8221;off&#8221; url_new_window=&#8221;on&#8221;] Twitter [\/et_pb_social_media_follow_network][\/et_pb_social_media_follow][\/et_pb_column][\/et_pb_row][\/et_pb_section]<\/p>\n","protected":false},"excerpt":{"rendered":"<p>Novos produtos CBD + CBG <div class=\"et_pb_row et_pb_row_0 et_pb_row_empty\">\n\t\t\t\t\n\t\t\t\t\n\t\t\t\t\n\t\t\t\t\n\t\t\t\t\n\t\t\t<\/div> O que h\u00e1 de novo nos cosm\u00e9ticos naturais de cannabis Nesta se\u00e7\u00e3o voc\u00ea encontrar\u00e1 todas as novidades e novos lan\u00e7amentos em diferentes produtos cosm\u00e9ticos BIO para cuidados faciais e corporais, produtos de higiene ou cremes de massagem, todos eles baseados nas propriedades naturais do \u00f3leo de c\u00e2nhamo como o [&hellip;]<\/p>\n","protected":false},"author":1,"featured_media":0,"parent":0,"menu_order":0,"comment_status":"closed","ping_status":"closed","template":"","meta":{"_acf_changed":false,"_et_pb_use_builder":"on","_et_pb_old_content":"","_et_gb_content_width":"","footnotes":""},"class_list":["post-17824","page","type-page","status-publish","hentry"],"acf":[],"_links":{"self":[{"href":"https:\/\/annabis.es\/pt-pt\/wp-json\/wp\/v2\/pages\/17824","targetHints":{"allow":["GET"]}}],"collection":[{"href":"https:\/\/annabis.es\/pt-pt\/wp-json\/wp\/v2\/pages"}],"about":[{"href":"https:\/\/annabis.es\/pt-pt\/wp-json\/wp\/v2\/types\/page"}],"author":[{"embeddable":true,"href":"https:\/\/annabis.es\/pt-pt\/wp-json\/wp\/v2\/users\/1"}],"replies":[{"embeddable":true,"href":"https:\/\/annabis.es\/pt-pt\/wp-json\/wp\/v2\/comments?post=17824"}],"version-history":[{"count":0,"href":"https:\/\/annabis.es\/pt-pt\/wp-json\/wp\/v2\/pages\/17824\/revisions"}],"wp:attachment":[{"href":"https:\/\/annabis.es\/pt-pt\/wp-json\/wp\/v2\/media?parent=17824"}],"curies":[{"name":"wp","href":"https:\/\/api.w.org\/{rel}","templated":true}]}}