{"id":17961,"date":"2016-10-28T13:48:58","date_gmt":"2016-10-28T11:48:58","guid":{"rendered":"https:\/\/annabis.es\/o-que-e-o-canhamo\/"},"modified":"2024-10-25T08:46:23","modified_gmt":"2024-10-25T06:46:23","slug":"o-que-e-o-canhamo","status":"publish","type":"page","link":"https:\/\/annabis.es\/pt-pt\/o-que-e-o-canhamo\/","title":{"rendered":"O QUE \u00c9 O C\u00c2NHAMO?"},"content":{"rendered":"<p>[et_pb_section fb_built=&#8221;1&#8243; custom_padding_last_edited=&#8221;on|desktop&#8221; admin_label=&#8221;section&#8221; _builder_version=&#8221;4.24.2&#8243; background_color=&#8221;#3d97a2&#8243; custom_padding=&#8221;0px||0px|&#8221; custom_padding_tablet=&#8221;0px||0px|&#8221; custom_padding_phone=&#8221;&#8221; transparent_background=&#8221;off&#8221; padding_mobile=&#8221;on&#8221; make_fullwidth=&#8221;off&#8221; use_custom_width=&#8221;off&#8221; width_unit=&#8221;on&#8221; global_colors_info=&#8221;{}&#8221;][et_pb_row use_custom_gutter=&#8221;on&#8221; gutter_width=&#8221;2&#8243; padding_mobile=&#8221;off&#8221; column_padding_mobile=&#8221;on&#8221; admin_label=&#8221;rema&#8221; _builder_version=&#8221;4.16&#8243; background_size=&#8221;initial&#8221; background_position=&#8221;top_left&#8221; background_repeat=&#8221;repeat&#8221; make_fullwidth=&#8221;off&#8221; use_custom_width=&#8221;off&#8221; width_unit=&#8221;on&#8221; global_colors_info=&#8221;{}&#8221;][et_pb_column type=&#8221;4_4&#8243; _builder_version=&#8221;4.16&#8243; custom_padding=&#8221;|||&#8221; global_colors_info=&#8221;{}&#8221; custom_padding__hover=&#8221;|||&#8221;][et_pb_text admin_label=&#8221;Text&#8221; _builder_version=&#8221;4.24.2&#8243; background_size=&#8221;initial&#8221; background_position=&#8221;top_left&#8221; background_repeat=&#8221;repeat&#8221; text_orientation=&#8221;center&#8221; background_layout=&#8221;dark&#8221; module_alignment=&#8221;center&#8221; hover_enabled=&#8221;0&#8243; use_border_color=&#8221;off&#8221; border_color=&#8221;#ffffff&#8221; border_style=&#8221;solid&#8221; global_colors_info=&#8221;{}&#8221; sticky_enabled=&#8221;0&#8243;]<\/p>\n<h1>C\u00c2NHAMO, CBD E CBG<\/h1>\n<p>[\/et_pb_text][\/et_pb_column][\/et_pb_row][\/et_pb_section][et_pb_section fb_built=&#8221;1&#8243; custom_padding_last_edited=&#8221;on|desktop&#8221; _builder_version=&#8221;4.16&#8243; custom_padding=&#8221;25px|||&#8221; custom_padding_tablet=&#8221;0px|||&#8221; custom_padding_phone=&#8221;&#8221; transparent_background=&#8221;off&#8221; padding_mobile=&#8221;on&#8221; make_fullwidth=&#8221;off&#8221; use_custom_width=&#8221;off&#8221; width_unit=&#8221;on&#8221; global_colors_info=&#8221;{}&#8221;][et_pb_row column_structure=&#8221;1_4,3_4&#8243; _builder_version=&#8221;4.16&#8243; background_size=&#8221;initial&#8221; background_position=&#8221;top_left&#8221; background_repeat=&#8221;repeat&#8221; global_colors_info=&#8221;{}&#8221;][et_pb_column type=&#8221;1_4&#8243; _builder_version=&#8221;4.16&#8243; custom_padding=&#8221;|||&#8221; global_colors_info=&#8221;{}&#8221; custom_padding__hover=&#8221;|||&#8221;][et_pb_sidebar area=&#8221;sidebar-1&#8243; admin_label=&#8221;Sidebar&#8221; _builder_version=&#8221;4.16&#8243; remove_border=&#8221;off&#8221; saved_tabs=&#8221;all&#8221; global_colors_info=&#8221;{}&#8221;][\/et_pb_sidebar][\/et_pb_column][et_pb_column type=&#8221;3_4&#8243; _builder_version=&#8221;4.16&#8243; custom_padding=&#8221;|||&#8221; global_colors_info=&#8221;{}&#8221; custom_padding__hover=&#8221;|||&#8221;][et_pb_text admin_label=&#8221;Text&#8221; _builder_version=&#8221;4.24.2&#8243; background_size=&#8221;initial&#8221; background_position=&#8221;top_left&#8221; background_repeat=&#8221;repeat&#8221; hover_enabled=&#8221;0&#8243; use_border_color=&#8221;off&#8221; border_color=&#8221;#ffffff&#8221; border_style=&#8221;solid&#8221; global_colors_info=&#8221;{}&#8221; sticky_enabled=&#8221;0&#8243;]<\/p>\n<h2>O QUE \u00c9 C\u00c2NHAMO<\/h2>\n<p>O c\u00e2nhamo \u00e9 uma variedade da esp\u00e9cie vegetal cannabis, tecnicamente chamada Cannabis Sativa L., que \u00e9 cultivada para obter fibras e sementes. Fibras e sementes s\u00e3o incrivelmente valiosas, e \u00e9 por isso que o c\u00e2nhamo \u00e9 frequentemente chamado de &#8220;safra de dinheiro&#8221;. O c\u00e2nhamo \u00e9 uma planta muito abundante e cresce muito rapidamente em condi\u00e7\u00f5es de solo muito diversas. O cultivo de c\u00e2nhamo para fins industriais tem sido realizado ancestralmente pelas m\u00e3os de muitas civiliza\u00e7\u00f5es h\u00e1 mais de 12.000 anos. O c\u00e2nhamo industrial era a fibra desejada usada para fazer corda, linho, papel e vestu\u00e1rio at\u00e9 que t\u00eaxteis alternativos e sint\u00e9ticos para esses fins foram descobertos.    <\/p>\n<p>[\/et_pb_text][et_pb_text admin_label=&#8221;Text&#8221; _builder_version=&#8221;4.16&#8243; background_size=&#8221;initial&#8221; background_position=&#8221;top_left&#8221; background_repeat=&#8221;repeat&#8221; hover_enabled=&#8221;0&#8243; use_border_color=&#8221;off&#8221; global_colors_info=&#8221;{}&#8221; sticky_enabled=&#8221;0&#8243;]<\/p>\n<h2>HIST\u00d3RIA DO C\u00c2NHAMO<\/h2>\n<p>  Da mesma forma que tem sido feito ao longo da hist\u00f3ria, o c\u00e2nhamo \u00e9 atualmente usado para fins medicinais. Estudos cient\u00edficos recentes confirmam a efic\u00e1cia do c\u00e2nhamo na sua aplica\u00e7\u00e3o terap\u00eautica. A hist\u00f3ria do c\u00e2nhamo anda de m\u00e3os dadas com a hist\u00f3ria da coloniza\u00e7\u00e3o e do desenvolvimento das comunidades humanas. Gra\u00e7as \u00e0 alta resist\u00eancia da planta e sua capacidade de adapta\u00e7\u00e3o, seu uso gradualmente se espalhou por todos os continentes, desde a \u00c1sia como o continente original. Os nossos antepassados utilizavam o c\u00e2nhamo para o fabrico de papel, t\u00eaxteis, \u00f3leos, alimentos e combust\u00edveis. Surpreendentemente, eles tamb\u00e9m se preocuparam com a reciclagem no passado. Velas velhas e t\u00eaxteis de c\u00e2nhamo foram mais tarde reciclados em papel. Curiosamente, em 1640, o governador do Estado de Connecticut ordenou que todos os propriet\u00e1rios de terras cultivassem a planta. Entre outros, George Washington e Thomas Jefferson, os presidentes dos Estados Unidos da Am\u00e9rica, pertenciam aos maiores produtores de c\u00e2nhamo das Am\u00e9ricas. Posteriormente, houve uma diminui\u00e7\u00e3o no cultivo de c\u00e2nhamo. No s\u00e9culo 19, o aperfei\u00e7oamento da tecnologia de processamento do algod\u00e3o, a aboli\u00e7\u00e3o da escravid\u00e3o (m\u00e3o de obra barata para trabalho duro na ind\u00fastria do c\u00e2nhamo) e, no s\u00e9culo 20, a inven\u00e7\u00e3o das fibras sint\u00e9ticas, juntamente com v\u00e1rias campanhas negativas contra a planta e taxas sobre seu cultivo, anunciaram seu decl\u00ednio e a criminalizaram. Hoje em dia h\u00e1 uma tend\u00eancia crescente na recupera\u00e7\u00e3o e utiliza\u00e7\u00e3o do c\u00e2nhamo, principalmente na Europa e Am\u00e9rica do Norte, principalmente devido \u00e0 sua versatilidade e baixa carga ambiental. Grandes estudiosos internacionais prestam especial aten\u00e7\u00e3o \u00e0 utiliza\u00e7\u00e3o dos atributos medicinais e cosm\u00e9ticos do c\u00e2nhamo na vida comum.<br \/>\n[\/et_pb_text][et_pb_image src=&#8221;https:\/\/annabis.es\/wp-content\/uploads\/2018\/09\/what-is-hemp.jpg&#8221; align=&#8221;center&#8221; align_tablet=&#8221;center&#8221; align_phone=&#8221;center&#8221; align_last_edited=&#8221;on|desktop&#8221; disabled_on=&#8221;on||&#8221; _builder_version=&#8221;4.16&#8243; use_border_color=&#8221;off&#8221; always_center_on_mobile=&#8221;on&#8221; global_colors_info=&#8221;{}&#8221;][\/et_pb_image][et_pb_image src=&#8221;https:\/\/annabis.es\/wp-content\/uploads\/2018\/09\/what-is-hemp-m.jpg&#8221; align=&#8221;center&#8221; align_tablet=&#8221;center&#8221; align_phone=&#8221;center&#8221; align_last_edited=&#8221;on|desktop&#8221; disabled_on=&#8221;off|on|on&#8221; admin_label=&#8221;Imagen mov&#8221; _builder_version=&#8221;4.16&#8243; use_border_color=&#8221;off&#8221; always_center_on_mobile=&#8221;on&#8221; global_colors_info=&#8221;{}&#8221;][\/et_pb_image][et_pb_text admin_label=&#8221;Que es el CBD&#8221; _builder_version=&#8221;4.24.2&#8243; background_size=&#8221;initial&#8221; background_position=&#8221;top_left&#8221; background_repeat=&#8221;repeat&#8221; hover_enabled=&#8221;0&#8243; use_border_color=&#8221;off&#8221; global_colors_info=&#8221;{}&#8221; sticky_enabled=&#8221;0&#8243;]<\/p>\n<h2>O QUE \u00c9 CBD<\/h2>\n<p>O CBD, ou canabidiol, \u00e9 um composto natural derivado da planta da cannabis que ganhou popularidade por seus in\u00fameros benef\u00edcios no uso t\u00f3pico. Quando aplicado topicamente, o CBD oferece uma variedade de benef\u00edcios para a pele e o corpo. Seu uso t\u00f3pico tem se tornado uma escolha cada vez mais popular para aqueles que procuram al\u00edvio dos sintomas de v\u00e1rias condi\u00e7\u00f5es dermatol\u00f3gicas e musculoesquel\u00e9ticas.  <\/p>\n<p><span>  O CBD interage com recetores no sistema endocanabinoide da pele, que ajuda a acalmar a pele dos m\u00fasculos e articula\u00e7\u00f5es. Isto torna-o eficaz para ajudar a refinar, suavizar e nutrir a pele sens\u00edvel. <\/span><\/p>\n<p>[\/et_pb_text][et_pb_text admin_label=&#8221;Que es el CBG&#8221; _builder_version=&#8221;4.24.2&#8243; background_size=&#8221;initial&#8221; background_position=&#8221;top_left&#8221; background_repeat=&#8221;repeat&#8221; hover_enabled=&#8221;0&#8243; use_border_color=&#8221;off&#8221; global_colors_info=&#8221;{}&#8221; sticky_enabled=&#8221;0&#8243;]<\/p>\n<h2>O QUE \u00c9 CBG<\/h2>\n<p><span>CBG, ou cannabigerol, \u00e9 um canabinoide menor encontrado na planta de cannabis. Embora menos conhecido que o CBD ou THC, o CBG est\u00e1 ganhando aten\u00e7\u00e3o pelo seu potencial que pode trazer para o nosso dia a dia, especialmente em sua aplica\u00e7\u00e3o t\u00f3pica. O CBG \u00e9 produzido nos est\u00e1gios iniciais do ciclo de vida da planta e demonstrou ter propriedades que ajudam a clarear a pele afetada por m\u00fasculos tensos, articula\u00e7\u00f5es e costas.  <\/span><\/p>\n<p>Quando aplicado topicamente, o CBG pode oferecer uma s\u00e9rie de benef\u00edcios para a pele e o corpo. Isso o torna um ingrediente promissor em produtos de cuidados da pele projetados para aliviar os sintomas da <span>pele propensa \u00e0 atopia, como irrita\u00e7\u00e3o, descama\u00e7\u00e3o ou ardor<\/span> <\/p>\n<p>[\/et_pb_text][\/et_pb_column][\/et_pb_row][\/et_pb_section][et_pb_section fb_built=&#8221;1&#8243; module_id=&#8221;Boletim informativo&#8221; _builder_version=&#8221;3.0.105&#8243; module_alignment=&#8221;center&#8221; global_module=&#8221;10770&#8243; collapsed=&#8221;off&#8221; global_colors_info=&#8221;{}&#8221;][et_pb_row disabled_on=&#8221;on|on|on&#8221; _builder_version=&#8221;4.16&#8243; background_color=&#8221;#eaeaea&#8221; module_alignment=&#8221;center&#8221; custom_padding=&#8221;|2em||2em&#8221; disabled=&#8221;on&#8221; global_colors_info=&#8221;{}&#8221;][et_pb_column type=&#8221;4_4&#8243; _builder_version=&#8221;4.16&#8243; custom_padding=&#8221;|||&#8221; global_colors_info=&#8221;{}&#8221; custom_padding__hover=&#8221;|||&#8221;][et_pb_text disabled_on=&#8221;on|on|&#8221; admin_label=&#8221;comunidad annabis (h2)&#8221; _builder_version=&#8221;4.16&#8243; background_size=&#8221;initial&#8221; background_position=&#8221;top_left&#8221; background_repeat=&#8221;repeat&#8221; text_orientation=&#8221;center&#8221; module_alignment=&#8221;center&#8221; use_border_color=&#8221;off&#8221; global_colors_info=&#8221;{}&#8221;]<\/p>\n<h2>COMUNIDADE ANNABIS<\/h2>\n<p>Subscreva a nossa newsletter e obtenha um desconto de 10%! Receber\u00e1 tamb\u00e9m novidades sobre os nossos produtos, dicas de cuidados com a pele e o corpo, descobrir\u00e1 rotinas saud\u00e1veis&#8230; Junte-se a n\u00f3s e aproveite o seu primeiro desconto! <\/p>\n<p>[\/et_pb_text][et_pb_text disabled_on=&#8221;||on&#8221; admin_label=&#8221;comunidad annabis (h2) MOVIL&#8221; _builder_version=&#8221;4.16&#8243; background_size=&#8221;initial&#8221; background_position=&#8221;top_left&#8221; background_repeat=&#8221;repeat&#8221; text_orientation=&#8221;center&#8221; module_alignment=&#8221;center&#8221; use_border_color=&#8221;off&#8221; global_colors_info=&#8221;{}&#8221;]<\/p>\n<h2>COMUNIDADE ANNABIS<\/h2>\n<p>Subscreva a nossa newsletter e obtenha um desconto de 10%!  <\/p>\n<p>[\/et_pb_text][et_pb_contact_form captcha=&#8221;off&#8221; email=&#8221;webmaster@greenmotiv.com  &#8221; custom_message=&#8221;NOVA SUBSCRI\u00c7\u00c3O annabis.es:||et_pb_line_break_holder||||et_pb_line_break_holder||Nome:||et_pb_line_break_holder||%%Name%%||et_pb_line_break_holder||Endere\u00e7o eletr\u00f3nico:||et_pb_line_break_holder||%%correo_electr\u00f3nico%%||et_pb_line_break_holder||&#8221; use_redirect=&#8221;on&#8221; redirect_url=&#8221;https:\/\/annabis.es\/pt-pt\/voucher-de-desconto\/&#8221; submit_button_text=&#8221;Quero subscrever!&#8221; disabled_on=&#8221;on|on|&#8221; admin_label=&#8221;Formulario NWS (gesti\u00f3n manual)&#8221; module_id=&#8221;et_pb_contact_form_0&#8243; _builder_version=&#8221;4.16&#8243; _unique_id=&#8221;8e60f3ee-8bb6-481c-a83c-9dbd841a1be1&#8243; form_field_background_color=&#8221;#ffffff&#8221; form_field_text_align=&#8221;left&#8221; custom_button=&#8221;on&#8221; button_text_size=&#8221;14&#8243; button_use_icon=&#8221;off&#8221; text_orientation=&#8221;left&#8221; max_width=&#8221;50%&#8221; module_alignment=&#8221;center&#8221; custom_padding=&#8221;0px|||&#8221; border_width_all=&#8221;2px&#8221; form_background_color=&#8221;#ffffff&#8221; global_colors_info=&#8221;{}&#8221;][et_pb_contact_field field_id=&#8221;Name&#8221; field_title=&#8221;Designa\u00e7\u00e3o&#8221; fullwidth_field=&#8221;on&#8221; _builder_version=&#8221;4.16&#8243; form_field_background_color=&#8221;#ffffff&#8221; field_background_color=&#8221;#ffffff&#8221; global_colors_info=&#8221;{}&#8221; button_text_size__hover_enabled=&#8221;off&#8221; button_one_text_size__hover_enabled=&#8221;off&#8221; button_two_text_size__hover_enabled=&#8221;off&#8221; button_text_color__hover_enabled=&#8221;off&#8221; button_one_text_color__hover_enabled=&#8221;off&#8221; button_two_text_color__hover_enabled=&#8221;off&#8221; button_border_width__hover_enabled=&#8221;off&#8221; button_one_border_width__hover_enabled=&#8221;off&#8221; button_two_border_width__hover_enabled=&#8221;off&#8221; button_border_color__hover_enabled=&#8221;off&#8221; button_one_border_color__hover_enabled=&#8221;off&#8221; button_two_border_color__hover_enabled=&#8221;off&#8221; button_border_radius__hover_enabled=&#8221;off&#8221; button_one_border_radius__hover_enabled=&#8221;off&#8221; button_two_border_radius__hover_enabled=&#8221;off&#8221; button_letter_spacing__hover_enabled=&#8221;off&#8221; button_one_letter_spacing__hover_enabled=&#8221;off&#8221; button_two_letter_spacing__hover_enabled=&#8221;off&#8221; button_bg_color__hover_enabled=&#8221;off&#8221; button_one_bg_color__hover_enabled=&#8221;off&#8221; button_two_bg_color__hover_enabled=&#8221;off&#8221;][\/et_pb_contact_field][et_pb_contact_field field_id=&#8221;correo_electr\u00f3nico&#8221; field_title=&#8221;Email&#8221; field_type=&#8221;email&#8221; fullwidth_field=&#8221;on&#8221; _builder_version=&#8221;4.16&#8243; global_colors_info=&#8221;{}&#8221; button_text_size__hover_enabled=&#8221;off&#8221; button_one_text_size__hover_enabled=&#8221;off&#8221; button_two_text_size__hover_enabled=&#8221;off&#8221; button_text_color__hover_enabled=&#8221;off&#8221; button_one_text_color__hover_enabled=&#8221;off&#8221; button_two_text_color__hover_enabled=&#8221;off&#8221; button_border_width__hover_enabled=&#8221;off&#8221; button_one_border_width__hover_enabled=&#8221;off&#8221; button_two_border_width__hover_enabled=&#8221;off&#8221; button_border_color__hover_enabled=&#8221;off&#8221; button_one_border_color__hover_enabled=&#8221;off&#8221; button_two_border_color__hover_enabled=&#8221;off&#8221; button_border_radius__hover_enabled=&#8221;off&#8221; button_one_border_radius__hover_enabled=&#8221;off&#8221; button_two_border_radius__hover_enabled=&#8221;off&#8221; button_letter_spacing__hover_enabled=&#8221;off&#8221; button_one_letter_spacing__hover_enabled=&#8221;off&#8221; button_two_letter_spacing__hover_enabled=&#8221;off&#8221; button_bg_color__hover_enabled=&#8221;off&#8221; button_one_bg_color__hover_enabled=&#8221;off&#8221; button_two_bg_color__hover_enabled=&#8221;off&#8221;][\/et_pb_contact_field][et_pb_contact_field field_id=&#8221;privacidad&#8221; field_title=&#8221;Privacidade&#8221; field_type=&#8221;checkbox&#8221; checkbox_options=&#8221;%91{%22value%22:%22Aceito a Pol\u00edtica de Privacidade%22,%22checked%22:0},{%22value%22:%22Aceito receber informa\u00e7\u00f5es comerciais%22,%22checked%22:0}%93&#8243; required_mark=&#8221;off&#8221; fullwidth_field=&#8221;on&#8221; _builder_version=&#8221;4.16&#8243; form_field_background_color=&#8221;#999999&#8243; max_width_tablet=&#8221;100%&#8221; max_width_phone=&#8221;100%&#8221; field_background_color=&#8221;#999999&#8243; global_colors_info=&#8221;{}&#8221; button_text_size__hover_enabled=&#8221;off&#8221; button_one_text_size__hover_enabled=&#8221;off&#8221; button_two_text_size__hover_enabled=&#8221;off&#8221; button_text_color__hover_enabled=&#8221;off&#8221; button_one_text_color__hover_enabled=&#8221;off&#8221; button_two_text_color__hover_enabled=&#8221;off&#8221; button_border_width__hover_enabled=&#8221;off&#8221; button_one_border_width__hover_enabled=&#8221;off&#8221; button_two_border_width__hover_enabled=&#8221;off&#8221; button_border_color__hover_enabled=&#8221;off&#8221; button_one_border_color__hover_enabled=&#8221;off&#8221; button_two_border_color__hover_enabled=&#8221;off&#8221; button_border_radius__hover_enabled=&#8221;off&#8221; button_one_border_radius__hover_enabled=&#8221;off&#8221; button_two_border_radius__hover_enabled=&#8221;off&#8221; button_letter_spacing__hover_enabled=&#8221;off&#8221; button_one_letter_spacing__hover_enabled=&#8221;off&#8221; button_two_letter_spacing__hover_enabled=&#8221;off&#8221; button_bg_color__hover_enabled=&#8221;off&#8221; button_one_bg_color__hover_enabled=&#8221;off&#8221; button_two_bg_color__hover_enabled=&#8221;off&#8221;][\/et_pb_contact_field][\/et_pb_contact_form][et_pb_text admin_label=&#8221;Texto privacidad&#8221; _builder_version=&#8221;4.16&#8243; text_font_size=&#8221;9px&#8221; text_line_height=&#8221;1.6em&#8221; custom_margin=&#8221;|3em||3em&#8221; global_colors_info=&#8221;{}&#8221;]<\/p>\n<div class=\"page\" title=\"P\u00e1gina 27\">\n<div class=\"layoutArea\">\n<div class=\"column\">\n<p style=\"text-align: center;\"><a href=\"https:\/\/annabis.es\/aviso-legal\/\">Prote\u00e7\u00e3o de dados<\/a><br \/>O respons\u00e1vel pelo tratamento dos dados \u00e9 a GREENMOTIV SL. O objetivo da recolha de dados \u00e9 poder responder \u00e0s suas quest\u00f5es, sem transferir os seus dados para terceiros. Voc\u00ea tem o direito de saber quais informa\u00e7\u00f5es mantemos sobre voc\u00ea, corrigi-las ou exclu\u00ed-las, conforme explicado em nossa <a href=\"https:\/\/annabis.es\/aviso-legal\/\">Pol\u00edtica de Privacidade<\/a>.  <\/p>\n<\/div>\n<\/div>\n<\/div>\n<p>[\/et_pb_text][et_pb_social_media_follow admin_label=&#8221;RRSS&#8221; _builder_version=&#8221;4.16&#8243; text_orientation=&#8221;center&#8221; border_radii=&#8221;on||||&#8221; global_colors_info=&#8221;{}&#8221;][et_pb_social_media_follow_network social_network=&#8221;facebook&#8221; url=&#8221;https:\/\/www.facebook.com\/annabisnatural&#8221; _builder_version=&#8221;4.16&#8243; background_color=&#8221;#8bb234&#8243; global_colors_info=&#8221;{}&#8221; follow_button=&#8221;off&#8221; url_new_window=&#8221;on&#8221;] Facebook [\/et_pb_social_media_follow_network][et_pb_social_media_follow_network social_network=&#8221;instagram&#8221; url=&#8221;https:\/\/www.instagram.com\/annabis.es\/&#8221; _builder_version=&#8221;4.16&#8243; background_color=&#8221;#8bb234&#8243; global_colors_info=&#8221;{}&#8221; follow_button=&#8221;off&#8221; url_new_window=&#8221;on&#8221;] Instagram [\/et_pb_social_media_follow_network][et_pb_social_media_follow_network social_network=&#8221;pinterest&#8221; _builder_version=&#8221;4.16&#8243; background_color=&#8221;#8bb234&#8243; global_colors_info=&#8221;{}&#8221; follow_button=&#8221;off&#8221; url_new_window=&#8221;on&#8221;] Pinterest [\/et_pb_social_media_follow_network][et_pb_social_media_follow_network social_network=&#8221;youtube&#8221; url=&#8221;https:\/\/www.youtube.com\/channel\/UCLldcYAZGNq2p2JjC-yFCIA&#8221; _builder_version=&#8221;4.16&#8243; background_color=&#8221;#8bb234&#8243; global_colors_info=&#8221;{}&#8221; follow_button=&#8221;off&#8221; url_new_window=&#8221;on&#8221;] Youtube [\/et_pb_social_media_follow_network][et_pb_social_media_follow_network social_network=&#8221;twitter&#8221; url=&#8221;https:\/\/twitter.com\/Annabis_es&#8221; _builder_version=&#8221;4.16&#8243; background_color=&#8221;#8bb234&#8243; global_colors_info=&#8221;{}&#8221; follow_button=&#8221;off&#8221; url_new_window=&#8221;on&#8221;] Twitter [\/et_pb_social_media_follow_network][\/et_pb_social_media_follow][\/et_pb_column][\/et_pb_row][\/et_pb_section]<\/p>\n","protected":false},"excerpt":{"rendered":"<p>C\u00c2NHAMO, CBD E CBGO QUE \u00c9 C\u00c2NHAMO O c\u00e2nhamo \u00e9 uma variedade da esp\u00e9cie vegetal cannabis, tecnicamente chamada Cannabis Sativa L., que \u00e9 cultivada para obter fibras e sementes. Fibras e sementes s\u00e3o incrivelmente valiosas, e \u00e9 por isso que o c\u00e2nhamo \u00e9 frequentemente chamado de &#8220;safra de dinheiro&#8221;. O c\u00e2nhamo \u00e9 uma planta muito [&hellip;]<\/p>\n","protected":false},"author":1,"featured_media":0,"parent":0,"menu_order":0,"comment_status":"closed","ping_status":"closed","template":"","meta":{"_acf_changed":false,"_et_pb_use_builder":"on","_et_pb_old_content":"","_et_gb_content_width":"","footnotes":""},"class_list":["post-17961","page","type-page","status-publish","hentry"],"acf":[],"_links":{"self":[{"href":"https:\/\/annabis.es\/pt-pt\/wp-json\/wp\/v2\/pages\/17961","targetHints":{"allow":["GET"]}}],"collection":[{"href":"https:\/\/annabis.es\/pt-pt\/wp-json\/wp\/v2\/pages"}],"about":[{"href":"https:\/\/annabis.es\/pt-pt\/wp-json\/wp\/v2\/types\/page"}],"author":[{"embeddable":true,"href":"https:\/\/annabis.es\/pt-pt\/wp-json\/wp\/v2\/users\/1"}],"replies":[{"embeddable":true,"href":"https:\/\/annabis.es\/pt-pt\/wp-json\/wp\/v2\/comments?post=17961"}],"version-history":[{"count":0,"href":"https:\/\/annabis.es\/pt-pt\/wp-json\/wp\/v2\/pages\/17961\/revisions"}],"wp:attachment":[{"href":"https:\/\/annabis.es\/pt-pt\/wp-json\/wp\/v2\/media?parent=17961"}],"curies":[{"name":"wp","href":"https:\/\/api.w.org\/{rel}","templated":true}]}}