{"id":18000,"date":"2016-10-28T15:38:47","date_gmt":"2016-10-28T13:38:47","guid":{"rendered":"https:\/\/annabis.es\/contato\/"},"modified":"2024-10-25T10:40:02","modified_gmt":"2024-10-25T08:40:02","slug":"contato","status":"publish","type":"page","link":"https:\/\/annabis.es\/pt-pt\/contato\/","title":{"rendered":"Contato"},"content":{"rendered":"<p>[et_pb_section fb_built=&#8221;1&#8243; admin_label=&#8221;Section&#8221; _builder_version=&#8221;4.16&#8243; global_colors_info=&#8221;{}&#8221;][et_pb_row column_structure=&#8221;1_2,1_2&#8243; admin_label=&#8221;Linha&#8221; _builder_version=&#8221;4.24.2&#8243; background_size=&#8221;initial&#8221; background_position=&#8221;top_left&#8221; background_repeat=&#8221;repeat&#8221; global_colors_info=&#8221;{}&#8221;][et_pb_column type=&#8221;1_2&#8243; _builder_version=&#8221;4.16&#8243; custom_padding=&#8221;|||&#8221; global_colors_info=&#8221;{}&#8221; custom_padding__hover=&#8221;|||&#8221;][et_pb_text admin_label=&#8221;Text&#8221; _builder_version=&#8221;4.24.2&#8243; header_2_text_color=&#8221;#3d97a2&#8243; header_2_font_size=&#8221;27px&#8221; background_size=&#8221;initial&#8221; background_position=&#8221;top_left&#8221; background_repeat=&#8221;repeat&#8221; use_border_color=&#8221;off&#8221; global_colors_info=&#8221;{}&#8221;]<\/p>\n<h2>Atendimento ao Cliente<\/h2>\n<p>[\/et_pb_text][et_pb_text admin_label=&#8221;Text&#8221; _builder_version=&#8221;4.24.2&#8243; header_2_text_color=&#8221;#3d97a2&#8243; header_2_font_size=&#8221;27px&#8221; background_size=&#8221;initial&#8221; background_position=&#8221;top_left&#8221; background_repeat=&#8221;repeat&#8221; use_border_color=&#8221;off&#8221; global_colors_info=&#8221;{}&#8221;]<\/p>\n<p>Caso necessite de atendimento personalizado, pode contactar-nos atrav\u00e9s do seguinte formul\u00e1rio e iremos ajud\u00e1-lo o mais rapidamente poss\u00edvel.<\/p>\n<p>[\/et_pb_text][et_pb_button button_url=&#8221;tel:0034942177333&#8243; button_text=&#8221;Ligar&#8221; _builder_version=&#8221;4.24.2&#8243; _module_preset=&#8221;default&#8221; custom_button=&#8221;on&#8221; button_font=&#8221;Dosis|||on|||||&#8221; button_icon=&#8221;&#xf879;||fa||900&#8243; global_colors_info=&#8221;{}&#8221;][\/et_pb_button][et_pb_text admin_label=&#8221;Text&#8221; _builder_version=&#8221;4.24.2&#8243; header_2_text_color=&#8221;#3d97a2&#8243; header_3_font_size=&#8221;23px&#8221; background_size=&#8221;initial&#8221; background_position=&#8221;top_left&#8221; background_repeat=&#8221;repeat&#8221; custom_margin=&#8221;20px||||false|false&#8221; custom_padding=&#8221;25px||||false|false&#8221; use_border_color=&#8221;off&#8221; global_colors_info=&#8221;{}&#8221;]<\/p>\n<h3>Servi\u00e7o de Ponto de Venda Annabis<\/h3>\n<p>[\/et_pb_text][et_pb_text admin_label=&#8221;Text&#8221; _builder_version=&#8221;4.24.2&#8243; header_2_text_color=&#8221;#3d97a2&#8243; header_3_font_size=&#8221;23px&#8221; background_size=&#8221;initial&#8221; background_position=&#8221;top_left&#8221; background_repeat=&#8221;repeat&#8221; custom_margin=&#8221;||||false|false&#8221; custom_padding=&#8221;||||false|false&#8221; use_border_color=&#8221;off&#8221; global_colors_info=&#8221;{}&#8221;]<\/p>\n<p>Distribu\u00edmos os nossos produtos por todo o territ\u00f3rio nacional e fazemo-lo a partir dos nossos escrit\u00f3rios, de onde articulamos o marketing e coordena\u00e7\u00e3o da Annabis em Espanha, juntamente com o nosso armaz\u00e9m, localizado em La Roca. Desde os escrit\u00f3rios atendemos a todos os pedidos e temos um showroom de produtos. <\/p>\n<p>A Annabis tem uma robusta infraestrutura de vendas focada em farm\u00e1cias e parafarm\u00e1cias em toda a Uni\u00e3o Europeia e internacionalmente.<\/p>\n<p>[\/et_pb_text][et_pb_button button_url=&#8221;https:\/\/annabis.es\/pt-pt\/distribuicao\/&#8221; button_text=&#8221;Solicite tarifas profissionais&#8221; _builder_version=&#8221;4.24.2&#8243; _module_preset=&#8221;default&#8221; custom_button=&#8221;on&#8221; button_font=&#8221;Dosis|||on|||||&#8221; button_icon=&#8221;&#x69;||divi||400&#8243; global_colors_info=&#8221;{}&#8221;][\/et_pb_button][\/et_pb_column][et_pb_column type=&#8221;1_2&#8243; _builder_version=&#8221;4.16&#8243; custom_padding=&#8221;|||&#8221; global_colors_info=&#8221;{}&#8221; custom_padding__hover=&#8221;|||&#8221;][et_pb_code _builder_version=&#8221;4.24.2&#8243; _module_preset=&#8221;default&#8221; background_color=&#8221;rgba(61,151,162,0.08)&#8221; custom_margin=&#8221;||||false|false&#8221; custom_padding=&#8221;30px|20px|30px|20px|false|false&#8221; animation_style=&#8221;slide&#8221; hover_enabled=&#8221;0&#8243; border_radii=&#8221;on|30px|30px|30px|30px&#8221; global_module=&#8221;14715&#8243; saved_tabs=&#8221;all&#8221; global_colors_info=&#8221;{}&#8221; sticky_enabled=&#8221;0&#8243; disabled_on=&#8221;on|on|on&#8221; disabled=&#8221;on&#8221;]<div class='fluentform ff-default fluentform_wrapper_4 ffs_modern_l_wrap'><form data-form_id=\"4\" id=\"fluentform_4\" class=\"frm-fluent-form fluent_form_4 ff-el-form-top ff_form_instance_4_1 ff-form-loading ffs_modern_l\" data-form_instance=\"ff_form_instance_4_1\" method=\"POST\" ><fieldset  style=\"border: none!important;margin: 0!important;padding: 0!important;background-color: transparent!important;box-shadow: none!important;outline: none!important; min-inline-size: 100%;\">\n                    <legend class=\"ff_screen_reader_title\" style=\"display: block; margin: 0!important;padding: 0!important;height: 0!important;text-indent: -999999px;width: 0!important;overflow:hidden;\">Contacto (#4)<\/legend><input type='hidden' name='__fluent_form_embded_post_id' value='18000' \/><input type=\"hidden\" id=\"_fluentform_4_fluentformnonce\" name=\"_fluentform_4_fluentformnonce\" value=\"02519fc357\" \/><input type=\"hidden\" name=\"_wp_http_referer\" value=\"\/pt-pt\/wp-json\/wp\/v2\/pages\/18000\" \/><div data-name=\"ff_cn_id_1\"  class='ff-t-container ff-column-container ff_columns_total_2 '><div class='ff-t-cell ff-t-column-1' style='flex-basis: 50%;'><div class='ff-el-group ff-el-form-hide_label'><div class=\"ff-el-input--label ff-el-is-required asterisk-right\"><label for='ff_4_input_text' id='label_ff_4_input_text' aria-label=\"Nombre\">Nombre<\/label><\/div><div class='ff-el-input--content'><input type=\"text\" name=\"input_text\" class=\"ff-el-form-control\" placeholder=\"Nombre*\" data-name=\"input_text\" id=\"ff_4_input_text\"  aria-invalid=\"false\" aria-required=true><\/div><\/div><div class='ff-el-group ff-el-form-hide_label'><div class=\"ff-el-input--label ff-el-is-required asterisk-right\"><label for='ff_4_email' id='label_ff_4_email' aria-label=\"Email\">Email<\/label><\/div><div class='ff-el-input--content'><input type=\"email\" name=\"email\" id=\"ff_4_email\" class=\"ff-el-form-control\" placeholder=\"Email*\" data-name=\"email\"  aria-invalid=\"false\" aria-required=true><\/div><\/div><\/div><div class='ff-t-cell ff-t-column-2' style='flex-basis: 50%;'><div class='ff-el-group ff-el-form-hide_label'><div class=\"ff-el-input--label asterisk-right\"><label for='ff_4_input_text_2' id='label_ff_4_input_text_2' aria-label=\"Apellidos\">Apellidos<\/label><\/div><div class='ff-el-input--content'><input type=\"text\" name=\"input_text_2\" class=\"ff-el-form-control\" placeholder=\"Apellidos\" data-name=\"input_text_2\" id=\"ff_4_input_text_2\"  aria-invalid=\"false\" aria-required=false><\/div><\/div><div class='ff-el-group ff-el-form-hide_label'><div class=\"ff-el-input--label ff-el-is-required asterisk-right\"><label for='ff_4_phone' id='label_ff_4_phone' aria-label=\"Tel\u00e9fono\">Tel\u00e9fono<\/label><\/div><div class='ff-el-input--content'><input name=\"phone\" class=\"ff-el-form-control ff-el-phone ff_el_with_extended_validation\" type=\"tel\" placeholder=\"Tel\u00e9fono*\" data-name=\"phone\" id=\"ff_4_phone\" inputmode=\"tel\" ><\/div><\/div><\/div><\/div><div data-name=\"ff_cn_id_2\"  class='ff-t-container ff-column-container ff_columns_total_1 '><div class='ff-t-cell ff-t-column-1' style='flex-basis: 100%;'><div class='ff-el-group'><div class='ff-el-input--content'><select name=\"dropdown_2\" id=\"ff_4_dropdown_2\" class=\"ff-el-form-control\" data-name=\"dropdown_2\" data-calc_value=\"0\"  aria-invalid=\"false\" aria-required=\"true\" aria-labelledby=\"label_ff_4_dropdown_2\"><option value=\"\">Ind\u00edcanos si eres...<\/option><option value=\"Particular\"  >Particular<\/option><option value=\"Empresa\"  >Empresa<\/option><\/select><\/div><\/div><div class='ff-el-group'><div class='ff-el-input--content'><input type=\"text\" name=\"input_text_5\" class=\"ff-el-form-control\" placeholder=\"Escr\u00edbe aqu\u00ed tu mensaje\" data-name=\"input_text_5\" id=\"ff_4_input_text_5\"  aria-invalid=\"false\" aria-required=false><\/div><\/div><\/div><\/div><div class='ff-el-group'><div class=\"ff-el-input--label ff-el-is-required asterisk-right\"><label   aria-label=\"Comunicaciones comerciales\">Comunicaciones comerciales<\/label><\/div><div class='ff-el-input--content'><div class='ff-el-form-check ff-el-form-check-'><label class='ff-el-form-check-label' for='checkbox_b786a75aa59d77c0a6f414402137ee46'><input  type=\"checkbox\" name=\"checkbox[]\" data-name=\"checkbox\" class=\"ff-el-form-check-input ff-el-form-check-checkbox\" value=\"Acepto recibir la informaci\u00f3n comercial que GREENMOTIV SL considere oportuno enviar por correo electr\u00f3nico. Es posible darse de baja en cualquier momento.\"  id='checkbox_b786a75aa59d77c0a6f414402137ee46' aria-label='Acepto recibir la informaci\u00f3n comercial que GREENMOTIV SL considere oportuno enviar por correo electr\u00f3nico. Es posible darse de baja en cualquier momento.' aria-invalid='false' aria-required=true> <span>Acepto recibir la informaci\u00f3n comercial que GREENMOTIV SL considere oportuno enviar por correo electr\u00f3nico. Es posible darse de baja en cualquier momento.<\/span><\/label><\/div><\/div><\/div><div class='ff-el-group'><div class=\"ff-el-input--label ff-el-is-required asterisk-right\"><label   aria-label=\"Pol\u00edtica de privacidad\">Pol\u00edtica de privacidad<\/label><\/div><div class='ff-el-input--content'><div class='ff-el-form-check ff-el-form-check-'><label class='ff-el-form-check-label' for='checkbox_1_e23b68e25c8ee88b2a624b936eb0ab99'><input  type=\"checkbox\" name=\"checkbox_1[]\" data-name=\"checkbox_1\" class=\"ff-el-form-check-input ff-el-form-check-checkbox\" value=\"He le\u00eddo y acepto la pol\u00edtica de privacidad.\"  id='checkbox_1_e23b68e25c8ee88b2a624b936eb0ab99' aria-label='He le\u00eddo y acepto la pol\u00edtica de privacidad.' aria-invalid='false' aria-required=true> <span>He le\u00eddo y acepto la pol\u00edtica de privacidad.<\/span><\/label><\/div><\/div><\/div><div class='ff-el-group  ff-custom_html' tabindex='-1' data-name=\"custom_html-4_1\" ><p><strong>Protecci\u00f3n de datos<\/strong><br \/>El responsable del tratamiento en Greenmotiv S.L. La finalidad de la recogida de sus datos es para poder atender sus solicitudes de informaci\u00f3n, sin ceder sus datos a terceros. Tiene derecho a saber qu\u00e9 informaci\u00f3n tenemos sobre usted, corregirla o eliminarla tal y como se explica en la\u00a0<a href=\"https:\/\/annabis.es\/politica-de-privacidad\/\" target=\"_blank\" rel=\"noopener\">Pol\u00edtica de privacidad.<\/a><\/p><\/div><div class='ff-el-group ' ><div class='ff-el-input--content'><div data-fluent_id='4' name='g-recaptcha-response'><div\n\t\tdata-sitekey='6LdgI_UpAAAAALQkwScX8oABOI2c5OADuzx59Fcc'\n\t\tid='fluentform-recaptcha-4-1'\n\t\tclass='ff-el-recaptcha g-recaptcha'\n\t\tdata-callback='fluentFormrecaptchaSuccessCallback'><\/div><\/div><\/div><\/div><div class='ff-el-group ff-text-left ff_submit_btn_wrapper'><button type=\"submit\" class=\"ff-btn ff-btn-submit ff-btn-md ff_btn_style wpf_has_custom_css\"  aria-label=\"Enviar mensaje\">Enviar mensaje<\/button><\/div><\/fieldset><\/form><div id='fluentform_4_errors' class='ff-errors-in-stack ff_form_instance_4_1 ff-form-loading_errors ff_form_instance_4_1_errors'><\/div><\/div>            <script type=\"text\/javascript\">\n                window.fluent_form_ff_form_instance_4_1 = {\"id\":\"4\",\"settings\":{\"layout\":{\"labelPlacement\":\"top\",\"helpMessagePlacement\":\"with_label\",\"errorMessagePlacement\":\"inline\",\"asteriskPlacement\":\"asterisk-right\"},\"restrictions\":{\"denyEmptySubmission\":{\"enabled\":false}}},\"form_instance\":\"ff_form_instance_4_1\",\"form_id_selector\":\"fluentform_4\",\"rules\":{\"input_text\":{\"required\":{\"value\":true,\"message\":\"Este campo es obligatorio\"}},\"email\":{\"required\":{\"value\":true,\"message\":\"Este campo es obligatorio\"},\"email\":{\"value\":true,\"message\":\"Este campo es obligatorio\"}},\"input_text_2\":{\"required\":{\"value\":false,\"message\":\"Este campo es obligatorio\"}},\"phone\":{\"required\":{\"value\":true,\"message\":\"Este campo es obligatorio\"},\"valid_phone_number\":{\"value\":true,\"message\":\"Formato incorrecto\"}},\"dropdown_2\":{\"required\":{\"value\":true,\"message\":\"Este campo es obligatorio\"}},\"input_text_5\":{\"required\":{\"value\":false,\"message\":\"This field is required\"}},\"checkbox\":{\"required\":{\"value\":true,\"message\":\"Este campo es obligatorio\"}},\"checkbox_1\":{\"required\":{\"value\":true,\"message\":\"Este campo es obligatorio\"}},\"g-recaptcha-response\":[]},\"debounce_time\":300};\n                            <\/script>\n            [\/et_pb_code][et_pb_code _builder_version=&#8221;4.24.2&#8243; _module_preset=&#8221;default&#8221; hover_enabled=&#8221;0&#8243; sticky_enabled=&#8221;0&#8243;]<div class='fluentform ff-default fluentform_wrapper_6 ffs_modern_l_wrap'><form data-form_id=\"6\" id=\"fluentform_6\" class=\"frm-fluent-form fluent_form_6 ff-el-form-top ff_form_instance_6_2 ff-form-loading ffs_modern_l\" data-form_instance=\"ff_form_instance_6_2\" method=\"POST\" ><fieldset  style=\"border: none!important;margin: 0!important;padding: 0!important;background-color: transparent!important;box-shadow: none!important;outline: none!important; min-inline-size: 100%;\">\n                    <legend class=\"ff_screen_reader_title\" style=\"display: block; margin: 0!important;padding: 0!important;height: 0!important;text-indent: -999999px;width: 0!important;overflow:hidden;\">Contacto-PT (#6)<\/legend><input type='hidden' name='__fluent_form_embded_post_id' value='18000' \/><input type=\"hidden\" id=\"_fluentform_6_fluentformnonce\" name=\"_fluentform_6_fluentformnonce\" value=\"02519fc357\" \/><input type=\"hidden\" name=\"_wp_http_referer\" value=\"\/pt-pt\/wp-json\/wp\/v2\/pages\/18000\" \/><div data-name=\"ff_cn_id_1\"  class='ff-t-container ff-column-container ff_columns_total_2 '><div class='ff-t-cell ff-t-column-1' style='flex-basis: 50%;'><div class='ff-el-group ff-el-form-hide_label'><div class=\"ff-el-input--label ff-el-is-required asterisk-right\"><label for='ff_6_2_input_text' id='label_ff_6_2_input_text' aria-label=\"Nombre\">Nombre<\/label><\/div><div class='ff-el-input--content'><input type=\"text\" name=\"input_text\" class=\"ff-el-form-control\" placeholder=\"Nome*\" data-name=\"input_text\" id=\"ff_6_2_input_text\"  aria-invalid=\"false\" aria-required=true><\/div><\/div><div class='ff-el-group ff-el-form-hide_label'><div class=\"ff-el-input--label ff-el-is-required asterisk-right\"><label for='ff_6_2_email' id='label_ff_6_2_email' aria-label=\"Email\">Email<\/label><\/div><div class='ff-el-input--content'><input type=\"email\" name=\"email\" id=\"ff_6_2_email\" class=\"ff-el-form-control\" placeholder=\"Email*\" data-name=\"email\"  aria-invalid=\"false\" aria-required=true><\/div><\/div><\/div><div class='ff-t-cell ff-t-column-2' style='flex-basis: 50%;'><div class='ff-el-group ff-el-form-hide_label'><div class=\"ff-el-input--label asterisk-right\"><label for='ff_6_2_input_text_2' id='label_ff_6_2_input_text_2' aria-label=\"Apellidos\">Apellidos<\/label><\/div><div class='ff-el-input--content'><input type=\"text\" name=\"input_text_2\" class=\"ff-el-form-control\" placeholder=\"Sobrenomes\" data-name=\"input_text_2\" id=\"ff_6_2_input_text_2\"  aria-invalid=\"false\" aria-required=false><\/div><\/div><div class='ff-el-group ff-el-form-hide_label'><div class=\"ff-el-input--label ff-el-is-required asterisk-right\"><label for='ff_6_2_phone' id='label_ff_6_2_phone' aria-label=\"Tel\u00e9fono\">Tel\u00e9fono<\/label><\/div><div class='ff-el-input--content'><input name=\"phone\" class=\"ff-el-form-control ff-el-phone ff_el_with_extended_validation\" type=\"tel\" placeholder=\"Telefone*\" data-name=\"phone\" id=\"ff_6_2_phone\" inputmode=\"tel\" ><\/div><\/div><\/div><\/div><div data-name=\"ff_cn_id_2\"  class='ff-t-container ff-column-container ff_columns_total_1 '><div class='ff-t-cell ff-t-column-1' style='flex-basis: 100%;'><div class='ff-el-group'><div class='ff-el-input--content'><select name=\"dropdown_2\" id=\"ff_6_2_dropdown_2\" class=\"ff-el-form-control\" data-name=\"dropdown_2\" data-calc_value=\"0\"  aria-invalid=\"false\" aria-required=\"true\" aria-labelledby=\"label_ff_6_2_dropdown_2\"><option value=\"\">Diga-nos se \u00e9...<\/option><option value=\"Particular\"  >Particular<\/option><option value=\"Empresa\"  >Empresa<\/option><\/select><\/div><\/div><div class='ff-el-group'><div class='ff-el-input--content'><input type=\"text\" name=\"input_text_5\" class=\"ff-el-form-control\" placeholder=\"Escreva aqui a sua mensagem\" data-name=\"input_text_5\" id=\"ff_6_2_input_text_5\"  aria-invalid=\"false\" aria-required=false><\/div><\/div><\/div><\/div><div class='ff-el-group'><div class=\"ff-el-input--label ff-el-is-required asterisk-right\"><label   aria-label=\"Comunica\u00e7\u00f5es comerciais\">Comunica\u00e7\u00f5es comerciais<\/label><\/div><div class='ff-el-input--content'><div class='ff-el-form-check ff-el-form-check-'><label class='ff-el-form-check-label' for='checkbox_e1017b805704f95beb63caf17e658663'><input  type=\"checkbox\" name=\"checkbox[]\" data-name=\"checkbox\" class=\"ff-el-form-check-input ff-el-form-check-checkbox\" value=\"Concordo em receber por email as informa\u00e7\u00f5es comerciais que a GREENMOTIV SL considere adequadas para enviar por email. \u00c9 poss\u00edvel cancelar a subscri\u00e7\u00e3o a qualquer momento.\"  id='checkbox_e1017b805704f95beb63caf17e658663' aria-label='Concordo em receber por email as informa\u00e7\u00f5es comerciais que a GREENMOTIV SL considere adequadas para enviar por email. \u00c9 poss\u00edvel cancelar a subscri\u00e7\u00e3o a qualquer momento.' aria-invalid='false' aria-required=true> <span>Concordo em receber por email as informa\u00e7\u00f5es comerciais que a GREENMOTIV SL considere adequadas para enviar por email. \u00c9 poss\u00edvel cancelar a subscri\u00e7\u00e3o a qualquer momento.<\/span><\/label><\/div><\/div><\/div><div class='ff-el-group'><div class=\"ff-el-input--label ff-el-is-required asterisk-right\"><label   aria-label=\"Pol\u00edtica de Privacidade\">Pol\u00edtica de Privacidade<\/label><\/div><div class='ff-el-input--content'><div class='ff-el-form-check ff-el-form-check-'><label class='ff-el-form-check-label' for='checkbox_1_4caaeaf12b0127d6c340d850377243af'><input  type=\"checkbox\" name=\"checkbox_1[]\" data-name=\"checkbox_1\" class=\"ff-el-form-check-input ff-el-form-check-checkbox\" value=\"Li e aceito a pol\u00edtica de privacidade.\"  id='checkbox_1_4caaeaf12b0127d6c340d850377243af' aria-label='Li e aceito a pol\u00edtica de privacidade.' aria-invalid='false' aria-required=true> <span>Li e aceito a pol\u00edtica de privacidade.<\/span><\/label><\/div><\/div><\/div><div class='ff-el-group  ff-custom_html' tabindex='-1' data-name=\"custom_html-6_1\" ><p><strong>Prote\u00e7\u00e3o de dados<\/strong><br \/>O respons\u00e1vel pelo tratamento na Greenmotiv S.L. A recolha dos seus dados tem como finalidade poder responder aos seus pedidos de informa\u00e7\u00e3o, sem ceder os seus dados a terceiros. Tem o direito de saber que informa\u00e7\u00f5es temos sobre si, corrigi-las ou exclu\u00ed-las conforme explicado na <a href=\"https:\/\/annabis.es\/pt-pt\/politica-de-privacidade\/\">Pol\u00edtica de privacidade<\/a>.<\/p><\/div><div class='ff-el-group ' ><div class='ff-el-input--content'><div data-fluent_id='6' name='g-recaptcha-response'><div\n\t\tdata-sitekey='6LdgI_UpAAAAALQkwScX8oABOI2c5OADuzx59Fcc'\n\t\tid='fluentform-recaptcha-6-2'\n\t\tclass='ff-el-recaptcha g-recaptcha'\n\t\tdata-callback='fluentFormrecaptchaSuccessCallback'><\/div><\/div><\/div><\/div><div class='ff-el-group ff-text-left ff_submit_btn_wrapper'><button type=\"submit\" class=\"ff-btn ff-btn-submit ff-btn-md ff_btn_style wpf_has_custom_css\"  aria-label=\"Enviar mensagem\">Enviar mensagem<\/button><\/div><\/fieldset><\/form><div id='fluentform_6_errors' class='ff-errors-in-stack ff_form_instance_6_2 ff-form-loading_errors ff_form_instance_6_2_errors'><\/div><\/div>            <script type=\"text\/javascript\">\n                window.fluent_form_ff_form_instance_6_2 = {\"id\":\"6\",\"settings\":{\"layout\":{\"labelPlacement\":\"top\",\"helpMessagePlacement\":\"with_label\",\"errorMessagePlacement\":\"inline\",\"asteriskPlacement\":\"asterisk-right\"},\"restrictions\":{\"denyEmptySubmission\":{\"enabled\":false}}},\"form_instance\":\"ff_form_instance_6_2\",\"form_id_selector\":\"fluentform_6\",\"rules\":{\"input_text\":{\"required\":{\"value\":true,\"message\":\"Este campo \\u00e9 de preenchimento obrigat\\u00f3rio\"}},\"email\":{\"required\":{\"value\":true,\"message\":\"Este campo \\u00e9 de preenchimento obrigat\\u00f3rio\"},\"email\":{\"value\":true,\"message\":\"Este campo \\u00e9 de preenchimento obrigat\\u00f3rio\"}},\"input_text_2\":{\"required\":{\"value\":false,\"message\":\"Este campo es obligatorio\"}},\"phone\":{\"required\":{\"value\":true,\"message\":\"Este campo es obligatorio\"},\"valid_phone_number\":{\"value\":true,\"message\":\"Formato incorrecto\"}},\"dropdown_2\":{\"required\":{\"value\":true,\"message\":\"Este campo \\u00e9 de preenchimento obrigat\\u00f3rio\"}},\"input_text_5\":{\"required\":{\"value\":false,\"message\":\"This field is required\"}},\"checkbox\":{\"required\":{\"value\":true,\"message\":\"Este campo \\u00e9 de preenchimento obrigat\\u00f3rio\"}},\"checkbox_1\":{\"required\":{\"value\":true,\"message\":\"Este campo \\u00e9 de preenchimento obrigat\\u00f3rio\"}},\"g-recaptcha-response\":[]},\"debounce_time\":300};\n                            <\/script>\n            [\/et_pb_code][\/et_pb_column][\/et_pb_row][et_pb_row _builder_version=&#8221;4.24.2&#8243; _module_preset=&#8221;default&#8221; global_colors_info=&#8221;{}&#8221;][et_pb_column type=&#8221;4_4&#8243; _builder_version=&#8221;4.24.2&#8243; _module_preset=&#8221;default&#8221; global_colors_info=&#8221;{}&#8221;][et_pb_social_media_follow icon_color=&#8221;#ffffff&#8221; use_icon_font_size=&#8221;on&#8221; icon_font_size=&#8221;24px&#8221; _builder_version=&#8221;4.24.2&#8243; _module_preset=&#8221;default&#8221; background_enable_color=&#8221;off&#8221; text_orientation=&#8221;center&#8221; border_radii=&#8221;on|30px|30px|30px|30px&#8221; global_colors_info=&#8221;{}&#8221;][et_pb_social_media_follow_network social_network=&#8221;facebook&#8221; url=&#8221;https:\/\/www.facebook.com\/annabisnatural&#8221; _builder_version=&#8221;4.24.2&#8243; _module_preset=&#8221;default&#8221; background_color=&#8221;#3b5998&#8243; global_colors_info=&#8221;{}&#8221; follow_button=&#8221;off&#8221; url_new_window=&#8221;on&#8221;]Facebook[\/et_pb_social_media_follow_network][et_pb_social_media_follow_network social_network=&#8221;instagram&#8221; url=&#8221;https:\/\/www.instagram.com\/annabis.es&#8221; _builder_version=&#8221;4.24.2&#8243; _module_preset=&#8221;default&#8221; background_color=&#8221;#ea2c59&#8243; global_colors_info=&#8221;{}&#8221; follow_button=&#8221;off&#8221; url_new_window=&#8221;on&#8221;]Instagram[\/et_pb_social_media_follow_network][et_pb_social_media_follow_network social_network=&#8221;youtube&#8221; url=&#8221;https:\/\/www.youtube.com\/channel\/UCLldcYAZGNq2p2JjC-yFCIA&#8221; _builder_version=&#8221;4.24.2&#8243; _module_preset=&#8221;default&#8221; background_color=&#8221;#a82400&#8243; global_colors_info=&#8221;{}&#8221; follow_button=&#8221;off&#8221; url_new_window=&#8221;on&#8221;]Youtube[\/et_pb_social_media_follow_network][\/et_pb_social_media_follow][\/et_pb_column][\/et_pb_row][\/et_pb_section][et_pb_section fb_built=&#8221;1&#8243; fullwidth=&#8221;on&#8221; _builder_version=&#8221;4.16&#8243; global_colors_info=&#8221;{}&#8221;][et_pb_fullwidth_code _builder_version=&#8221;4.24.2&#8243; global_colors_info=&#8221;{}&#8221;]<iframe loading=\"lazy\" src=\"https:\/\/www.google.com\/maps\/embed?pb=!1m18!1m12!1m3!1d2993.6787828624724!2d2.1500120150787962!3d41.381063104350844!2m3!1f0!2f0!3f0!3m2!1i1024!2i768!4f13.1!3m3!1m2!1s0x12a498f3ca8c4fcb%3A0xb830914ec3b5f54c!2sAnnabis%20Natural%20Cannabis!5e0!3m2!1ses!2ses!4v1575655425807!5m2!1ses!2ses\" width=\"1920\" height=\"400\" frameborder=\"0\" style=\"border:0;\" allowfullscreen=\"\"><\/iframe>[\/et_pb_fullwidth_code][\/et_pb_section][et_pb_section fb_built=&#8221;1&#8243; fullwidth=&#8221;on&#8221; disabled_on=&#8221;on|on|on&#8221; admin_label=&#8221;Section&#8221; _builder_version=&#8221;4.16&#8243; disabled=&#8221;on&#8221; global_colors_info=&#8221;{}&#8221;][et_pb_fullwidth_map address=&#8221;Barcelona, Espa\u00f1a&#8221; zoom_level=&#8221;14&#8243; address_lat=&#8221;41.39311306973502&#8243; address_lng=&#8221;2.164305447021424&#8243; mouse_wheel=&#8221;off&#8221; mobile_dragging=&#8221;off&#8221; admin_label=&#8221;Fullwidth Map&#8221; _builder_version=&#8221;4.16&#8243; global_colors_info=&#8221;{}&#8221;][et_pb_map_pin title=&#8221;ANNABIS, Espanha&#8221; pin_address=&#8221;Carrer de Tuset, 16, 08006 Barcelona, Espa\u00f1a&#8221; pin_address_lat=&#8221;41.3958993&#8243; pin_address_lng=&#8221;2.1524680999999646&#8243; _builder_version=&#8221;3.0.105&#8243; global_colors_info=&#8221;{}&#8221;] <strong>Escrit\u00f3rios:<\/strong> c\/ Consell de Cent, 113-115 Entlo 1\u00aa, 08015 Barcelona (Espanha) [\/et_pb_map_pin][\/et_pb_fullwidth_map][\/et_pb_section]<\/p>\n","protected":false},"excerpt":{"rendered":"<p>Atendimento ao ClienteCaso necessite de atendimento personalizado, pode contactar-nos atrav\u00e9s do seguinte formul\u00e1rio e iremos ajud\u00e1-lo o mais rapidamente poss\u00edvel.Servi\u00e7o de Ponto de Venda AnnabisDistribu\u00edmos os nossos produtos por todo o territ\u00f3rio nacional e fazemo-lo a partir dos nossos escrit\u00f3rios, de onde articulamos o marketing e coordena\u00e7\u00e3o da Annabis em Espanha, juntamente com o nosso [&hellip;]<\/p>\n","protected":false},"author":1,"featured_media":0,"parent":0,"menu_order":0,"comment_status":"closed","ping_status":"closed","template":"","meta":{"_acf_changed":false,"_et_pb_use_builder":"on","_et_pb_old_content":"","_et_gb_content_width":"","footnotes":""},"class_list":["post-18000","page","type-page","status-publish","hentry"],"acf":[],"_links":{"self":[{"href":"https:\/\/annabis.es\/pt-pt\/wp-json\/wp\/v2\/pages\/18000","targetHints":{"allow":["GET"]}}],"collection":[{"href":"https:\/\/annabis.es\/pt-pt\/wp-json\/wp\/v2\/pages"}],"about":[{"href":"https:\/\/annabis.es\/pt-pt\/wp-json\/wp\/v2\/types\/page"}],"author":[{"embeddable":true,"href":"https:\/\/annabis.es\/pt-pt\/wp-json\/wp\/v2\/users\/1"}],"replies":[{"embeddable":true,"href":"https:\/\/annabis.es\/pt-pt\/wp-json\/wp\/v2\/comments?post=18000"}],"version-history":[{"count":0,"href":"https:\/\/annabis.es\/pt-pt\/wp-json\/wp\/v2\/pages\/18000\/revisions"}],"wp:attachment":[{"href":"https:\/\/annabis.es\/pt-pt\/wp-json\/wp\/v2\/media?parent=18000"}],"curies":[{"name":"wp","href":"https:\/\/api.w.org\/{rel}","templated":true}]}}