{"id":18010,"date":"2017-02-03T16:52:13","date_gmt":"2017-02-03T14:52:13","guid":{"rendered":"https:\/\/annabis.es\/prazos-de-entrega-e-custos-de-envio\/"},"modified":"2025-06-11T09:35:22","modified_gmt":"2025-06-11T07:35:22","slug":"prazos-de-entrega-e-custos-de-envio","status":"publish","type":"page","link":"https:\/\/annabis.es\/pt-pt\/prazos-de-entrega-e-custos-de-envio\/","title":{"rendered":"Prazos de entrega e custos de envio"},"content":{"rendered":"<p>[et_pb_section fb_built=&#8221;1&#8243; custom_padding_last_edited=&#8221;on|desktop&#8221; _builder_version=&#8221;4.24.2&#8243; background_color=&#8221;#3d97a2&#8243; custom_padding=&#8221;0px||0px|&#8221; custom_padding_tablet=&#8221;50px|0|50px|0&#8243; custom_padding_phone=&#8221;&#8221; hover_enabled=&#8221;0&#8243; transparent_background=&#8221;off&#8221; padding_mobile=&#8221;off&#8221; make_fullwidth=&#8221;off&#8221; use_custom_width=&#8221;off&#8221; width_unit=&#8221;on&#8221; global_colors_info=&#8221;{}&#8221; sticky_enabled=&#8221;0&#8243;][et_pb_row _builder_version=&#8221;4.16&#8243; background_size=&#8221;initial&#8221; background_position=&#8221;top_left&#8221; background_repeat=&#8221;repeat&#8221; global_colors_info=&#8221;{}&#8221;][et_pb_column type=&#8221;4_4&#8243; _builder_version=&#8221;4.16&#8243; custom_padding=&#8221;|||&#8221; global_colors_info=&#8221;{}&#8221; custom_padding__hover=&#8221;|||&#8221;][et_pb_text _builder_version=&#8221;4.24.2&#8243; background_size=&#8221;initial&#8221; background_position=&#8221;top_left&#8221; background_repeat=&#8221;repeat&#8221; background_layout=&#8221;dark&#8221; hover_enabled=&#8221;0&#8243; use_border_color=&#8221;off&#8221; border_color=&#8221;#ffffff&#8221; border_style=&#8221;solid&#8221; global_colors_info=&#8221;{}&#8221; sticky_enabled=&#8221;0&#8243;]<\/p>\n<h1>Prazos de entrega e custos de envio<\/h1>\n<p>[\/et_pb_text][\/et_pb_column][\/et_pb_row][\/et_pb_section][et_pb_section fb_built=&#8221;1&#8243; custom_padding_last_edited=&#8221;on|desktop&#8221; admin_label=&#8221;section&#8221; _builder_version=&#8221;4.16&#8243; custom_padding=&#8221;0px|||&#8221; custom_padding_tablet=&#8221;50px|0|50px|0&#8243; custom_padding_phone=&#8221;&#8221; transparent_background=&#8221;off&#8221; padding_mobile=&#8221;off&#8221; make_fullwidth=&#8221;off&#8221; use_custom_width=&#8221;off&#8221; width_unit=&#8221;on&#8221; global_colors_info=&#8221;{}&#8221;][et_pb_row admin_label=&#8221;rema&#8221; _builder_version=&#8221;4.16&#8243; background_size=&#8221;initial&#8221; background_position=&#8221;top_left&#8221; background_repeat=&#8221;repeat&#8221; global_colors_info=&#8221;{}&#8221;][et_pb_column type=&#8221;4_4&#8243; _builder_version=&#8221;4.16&#8243; custom_padding=&#8221;|||&#8221; global_colors_info=&#8221;{}&#8221; custom_padding__hover=&#8221;|||&#8221;][et_pb_text admin_label=&#8221;texto&#8221; _builder_version=&#8221;4.16&#8243; background_size=&#8221;initial&#8221; background_position=&#8221;top_left&#8221; background_repeat=&#8221;repeat&#8221; use_border_color=&#8221;off&#8221; global_colors_info=&#8221;{}&#8221;]A tabela seguinte mostra os custos de envio e prazos de entrega para encomendas feitas atrav\u00e9s desta mesma loja online<strong> annabis.es <\/strong>a um cliente privado ou utilizador final. Encontrar\u00e1 diferentes custos de envio dependendo da \u00e1rea e do valor da sua encomenda:<br \/>\n[\/et_pb_text][et_pb_text admin_label=&#8221;Costes&#8221; _builder_version=&#8221;4.24.2&#8243; background_size=&#8221;initial&#8221; background_position=&#8221;top_left&#8221; background_repeat=&#8221;repeat&#8221; custom_margin=&#8221;20px|||&#8221; hover_enabled=&#8221;0&#8243; use_border_color=&#8221;off&#8221; global_colors_info=&#8221;{}&#8221; sticky_enabled=&#8221;0&#8243;]<\/p>\n<p>Espanha &#8211; Portugal &#8211; Andorra<\/p>\n<table>\n<tbody>\n<tr>\n<td><strong>Zona<\/strong><\/td>\n<td><strong>Pa\u00eds<\/strong><\/td>\n<td><strong>Custos de envio<\/strong><\/td>\n<td><strong>Frete Gr\u00e1tis<\/strong><\/td>\n<td><strong>Prazos de entrega*<\/strong><\/td>\n<\/tr>\n<tr>\n<td>Pen\u00ednsula de<\/td>\n<td>Espanha<\/td>\n<td>5,00\u20ac<\/td>\n<td>Desde 45\u20ac**<\/td>\n<td>1 \u2013 3 dias \u00fateis<\/td>\n<\/tr>\n<tr>\n<td>Baleares<\/td>\n<td>Espanha<\/td>\n<td>14,00\u20ac<\/td>\n<td>A partir de 90\u20ac**<\/td>\n<td>2 \u2013 4 dias \u00fateis<\/td>\n<\/tr>\n<tr>\n<td>Ilhas<\/td>\n<td>Espanha<\/td>\n<td>28,00\u20ac<\/td>\n<td>A partir de 90\u20ac**<\/td>\n<td>2 \u2013 4 dias \u00fateis<\/td>\n<\/tr>\n<tr>\n<td>Ceuta e Melilha<\/td>\n<td>Espanha<\/td>\n<td>24,00\u20ac<\/td>\n<td>A partir de 90\u20ac**<\/td>\n<td>5 dias \u00fateis<\/td>\n<\/tr>\n<tr>\n<td>Andorra<\/td>\n<td>Andorra<\/td>\n<td>24,00\u20ac<\/td>\n<td>A partir de 90\u20ac**<\/td>\n<td>1 \u2013 3 dias \u00fateis<\/td>\n<\/tr>\n<tr>\n<td>Portugal<\/td>\n<td>Portugal<\/td>\n<td>9,00\u20ac<\/td>\n<td>A partir de 90\u20ac**<\/td>\n<td>1 \u2013 3 dias \u00fateis<\/td>\n<\/tr>\n<tr>\n<td>Portugal Islas<\/td>\n<td>Portugal<\/td>\n<td>35,00\u20ac<\/td>\n<td>\u00a0&#8211;<\/td>\n<td>7-10 dias \u00fateis<\/td>\n<\/tr>\n<\/tbody>\n<\/table>\n<p><em>*Estes prazos podem ser mais longos durante o per\u00edodo de Natal devido \u00e0 satura\u00e7\u00e3o das empresas de transporte nesta altura. <\/em><\/p>\n<p><em>**Frete gr\u00e1tis v\u00e1lido apenas para compras feitas atrav\u00e9s de annabis.es pelo usu\u00e1rio final. Pergunte-nos sobre as condi\u00e7\u00f5es de envio gratuito para pontos de venda ou distribuidores. <\/em><\/p>\n<p>[\/et_pb_text][et_pb_text _builder_version=&#8221;4.16&#8243; background_size=&#8221;initial&#8221; background_position=&#8221;top_left&#8221; background_repeat=&#8221;repeat&#8221; use_border_color=&#8221;off&#8221; global_colors_info=&#8221;{}&#8221;]<\/p>\n<h3>Condi\u00e7\u00f5es especiais de envio na temporada de ver\u00e3o<\/h3>\n<p>&nbsp;<\/p>\n<p>Dada a natureza dos nossos produtos e de forma a preserv\u00e1-los em condi\u00e7\u00f5es \u00f3timas de temperatura, durante o per\u00edodo de ver\u00e3o, considerado <strong>de 1 de junho a 15 de setembro, as encomendas ser\u00e3o expedidas de segunda a quinta-feira<\/strong>, evitando sa\u00eddas de mercadorias \u00e0s sextas-feiras de forma a evitar estadias em armaz\u00e9ns de transporte externo.<br \/>\n[\/et_pb_text][\/et_pb_column][\/et_pb_row][\/et_pb_section]<\/p>\n","protected":false},"excerpt":{"rendered":"<p>Prazos de entrega e custos de envio A tabela seguinte mostra os custos de envio e prazos de entrega para encomendas feitas atrav\u00e9s desta mesma loja online annabis.es a um cliente privado ou utilizador final. Encontrar\u00e1 diferentes custos de envio dependendo da \u00e1rea e do valor da sua encomenda: Espanha &#8211; Portugal &#8211; Andorra Zona [&hellip;]<\/p>\n","protected":false},"author":1,"featured_media":0,"parent":0,"menu_order":0,"comment_status":"closed","ping_status":"closed","template":"","meta":{"_acf_changed":false,"_et_pb_use_builder":"on","_et_pb_old_content":"","_et_gb_content_width":"","footnotes":""},"class_list":["post-18010","page","type-page","status-publish","hentry"],"acf":[],"_links":{"self":[{"href":"https:\/\/annabis.es\/pt-pt\/wp-json\/wp\/v2\/pages\/18010","targetHints":{"allow":["GET"]}}],"collection":[{"href":"https:\/\/annabis.es\/pt-pt\/wp-json\/wp\/v2\/pages"}],"about":[{"href":"https:\/\/annabis.es\/pt-pt\/wp-json\/wp\/v2\/types\/page"}],"author":[{"embeddable":true,"href":"https:\/\/annabis.es\/pt-pt\/wp-json\/wp\/v2\/users\/1"}],"replies":[{"embeddable":true,"href":"https:\/\/annabis.es\/pt-pt\/wp-json\/wp\/v2\/comments?post=18010"}],"version-history":[{"count":0,"href":"https:\/\/annabis.es\/pt-pt\/wp-json\/wp\/v2\/pages\/18010\/revisions"}],"wp:attachment":[{"href":"https:\/\/annabis.es\/pt-pt\/wp-json\/wp\/v2\/media?parent=18010"}],"curies":[{"name":"wp","href":"https:\/\/api.w.org\/{rel}","templated":true}]}}