{"id":18016,"date":"2017-09-29T12:37:56","date_gmt":"2017-09-29T10:37:56","guid":{"rendered":"https:\/\/annabis.es\/politica-de-privacidade-e-cookies\/"},"modified":"2024-10-25T09:00:15","modified_gmt":"2024-10-25T07:00:15","slug":"politica-de-privacidade-e-cookies","status":"publish","type":"page","link":"https:\/\/annabis.es\/pt-pt\/politica-de-privacidade-e-cookies\/","title":{"rendered":"Pol\u00edtica de Privacidade e Cookies"},"content":{"rendered":"<p>[et_pb_section bb_built=&#8221;1&#8243; fullwidth=&#8221;off&#8221; specialty=&#8221;off&#8221; transparent_background=&#8221;off&#8221; background_color=&#8221;#8bb234&#8243; allow_player_pause=&#8221;off&#8221; inner_shadow=&#8221;off&#8221; parallax=&#8221;off&#8221; parallax_method=&#8221;off&#8221; custom_padding=&#8221;0px||0px|&#8221; padding_mobile=&#8221;on&#8221; make_fullwidth=&#8221;off&#8221; use_custom_width=&#8221;off&#8221; width_unit=&#8221;on&#8221; make_equal=&#8221;off&#8221; use_custom_gutter=&#8221;off&#8221; custom_padding_tablet=&#8221;0px||0px|&#8221; next_background_color=&#8221;#ffffff&#8221;][et_pb_row background_position=&#8221;top_left&#8221; background_repeat=&#8221;repeat&#8221; background_size=&#8221;initial&#8221;][et_pb_column type=&#8221;4_4&#8243;][et_pb_text background_layout=&#8221;dark&#8221; use_border_color=&#8221;off&#8221; background_position=&#8221;top_left&#8221; background_repeat=&#8221;repeat&#8221; background_size=&#8221;initial&#8221; _builder_version=&#8221;3.0.105&#8243;]<\/p>\n<h1 style=\"text-align: center;\">POL\u00cdTICA DE COOKIES<\/h1>\n<p>[\/et_pb_text][\/et_pb_column][\/et_pb_row][\/et_pb_section][et_pb_section bb_built=&#8221;1&#8243; admin_label=&#8221;section&#8221; transparent_background=&#8221;off&#8221; allow_player_pause=&#8221;off&#8221; inner_shadow=&#8221;off&#8221; parallax=&#8221;off&#8221; parallax_method=&#8221;off&#8221; custom_padding=&#8221;0px|||&#8221; padding_mobile=&#8221;off&#8221; make_fullwidth=&#8221;off&#8221; use_custom_width=&#8221;off&#8221; width_unit=&#8221;on&#8221; make_equal=&#8221;off&#8221; use_custom_gutter=&#8221;off&#8221; background_color=&#8221;#ffffff&#8221; disabled=&#8221;off&#8221; disabled_on=&#8221;on||&#8221; custom_padding_tablet=&#8221;50px|0|50px|0&#8243; custom_padding_last_edited=&#8221;on|desktop&#8221; prev_background_color=&#8221;#8bb234&#8243;][et_pb_row admin_label=&#8221;rema&#8221; make_fullwidth=&#8221;off&#8221; use_custom_width=&#8221;off&#8221; width_unit=&#8221;on&#8221; use_custom_gutter=&#8221;off&#8221; padding_mobile=&#8221;off&#8221; allow_player_pause=&#8221;off&#8221; parallax=&#8221;off&#8221; parallax_method=&#8221;off&#8221; make_equal=&#8221;off&#8221; parallax_1=&#8221;off&#8221; parallax_method_1=&#8221;off&#8221; column_padding_mobile=&#8221;on&#8221; disabled=&#8221;off&#8221; disabled_on=&#8221;on||&#8221; background_position=&#8221;top_left&#8221; background_repeat=&#8221;repeat&#8221; background_size=&#8221;initial&#8221;][et_pb_column type=&#8221;4_4&#8243;][et_pb_text admin_label=&#8221;Text&#8221; background_layout=&#8221;light&#8221; use_border_color=&#8221;off&#8221; background_position=&#8221;top_left&#8221; background_repeat=&#8221;repeat&#8221; background_size=&#8221;initial&#8221; _builder_version=&#8221;3.0.105&#8243;]<\/p>\n<div class=\"entry-content\">\n<h2>Informa\u00e7\u00e3o b\u00e1sica<\/h2>\n<p>Em conformidade com o artigo 10 da Lei 34\/2002, de 11 de julho, sobre Servi\u00e7os da Sociedade da Informa\u00e7\u00e3o e Com\u00e9rcio Eletr\u00f4nico (LSSICE), os detalhes de identifica\u00e7\u00e3o da empresa em nome de Annabis Espanha s\u00e3o definidos abaixo:<\/p>\n<ul>\n<li><b>Respons\u00e1vel:<\/b> Greenmotiv Sl<\/li>\n<li><strong>Endere\u00e7o fiscal<\/strong>: C\/ Consell de Cent, 113-115, Entlo 1\u00aa, 08015, Barcelona (Espanha)<\/li>\n<li><strong>CIF<\/strong>: B66485541<\/li>\n<li><strong>Telefone<\/strong>: 93 217 73 33<\/li>\n<\/ul>\n<p>Inscrita no Registo Mercantil de Barcelona, inscrita no Volume 44705, F\u00f3lio 29, P\u00e1gina B 464022, Verbete 2.<\/p>\n<h3>Annabis.es Pol\u00edtica de Cookies<\/h3>\n<p>Este site usa cookies pr\u00f3prios e de terceiros com o \u00fanico prop\u00f3sito de melhorar a experi\u00eancia do usu\u00e1rio.<\/p>\n<p>Ao continuar a navegar no nosso website, concorda com a utiliza\u00e7\u00e3o destes cookies. Eles podem ser exclu\u00eddos a qualquer momento usando as configura\u00e7\u00f5es do navegador usado. <\/p>\n<p><strong>O que \u00e9 um &#8220;cookie&#8221;?<\/strong><\/p>\n<p>Um &#8220;cookie&#8221; \u00e9 uma pequena informa\u00e7\u00e3o enviada por um site e armazenada no navegador do usu\u00e1rio, para que o site possa consultar a atividade anterior do usu\u00e1rio. Desta forma, e a t\u00edtulo de exemplo da utiliza\u00e7\u00e3o de cookies, se o utilizador tiver utilizado uma l\u00edngua espec\u00edfica na sua primeira visita, na segunda vez que aceder ao website, f\u00e1-lo-\u00e1 na l\u00edngua que selecionou na sua primeira visita. <\/p>\n<p>Como mencionado no in\u00edcio, o uso de &#8220;cookies&#8221; destina-se \u00fanica e exclusivamente a melhorar a experi\u00eancia de navega\u00e7\u00e3o do usu\u00e1rio no site.<\/p>\n<p><strong>Que aplica\u00e7\u00e3o utiliza o Annabis para gerir e melhorar a navega\u00e7\u00e3o?<\/strong><\/p>\n<p>Na Annabis.es utilizamos a ferramenta Google Analytics desenvolvida pela Google para analisar informa\u00e7\u00f5es de navega\u00e7\u00e3o e melhorar a experi\u00eancia do utilizador.<\/p>\n<p>Pode encontrar mais informa\u00e7\u00f5es sobre esta ferramenta no seguinte link: <a href=\"http:\/\/www.google.com\/analytics\/\" target=\"_blank\" rel=\"noopener noreferrer\">www.google.com\/analytics<\/a><\/p>\n<p>Esta ferramenta n\u00e3o obt\u00e9m dados do utilizador, tais como nomes e apelidos, ou endere\u00e7os postais. As informa\u00e7\u00f5es fornecidas por esta aplica\u00e7\u00e3o referem-se ao n\u00famero de p\u00e1ginas visitadas, o URL de origem, o idioma, o tempo e a recorr\u00eancia das visitas, etc. <\/p>\n<p>Para gerir os cookies instalados no seu computador, pode faz\u00ea-lo utilizando as op\u00e7\u00f5es de configura\u00e7\u00e3o do navegador que instalou. Abaixo est\u00e3o os links onde o suporte \u00e9 dado neste aspeto para os navegadores mais comuns: <\/p>\n<ul>\n<li style=\"list-style-type: none;\">\n<ul>\n<li><strong>Mozilla Firefox: <\/strong><strong><a href=\"https:\/\/support.mozilla.org\/es\/kb\/habilitar-y-deshabilitar-cookies-sitios-web-rastrear-preferencias\" target=\"_blank\" rel=\"noopener noreferrer\">http:\/\/support.mozilla.org\/es\/products\/firefox\/cookies<\/a><\/strong><\/li>\n<li><strong>Google Chrome:<\/strong><strong><a href=\"http:\/\/support.google.com\/chrome\/bin\/answer.py?hl=es&amp;answer=95647\">http:\/\/support.google.com\/chrome\/bin\/answer.py?hl=es&amp;answer=95647<\/a><\/strong><\/li>\n<li><strong>Internet Explorer:<\/strong><strong> <a href=\"http:\/\/windows.microsoft.com\/es-es\/windows7\/how-to-manage-cookies-in-internet-explorer-9\" target=\"_blank\" rel=\"noopener noreferrer\">http:\/\/windows.microsoft.com\/es-es\/windows7\/how-to-manage-cookies-in-internet-explorer-9<\/a><\/strong><\/li>\n<li><strong>Saf\u00e1ri<\/strong>: <strong><a href=\"http:\/\/support.apple.com\/kb\/ph5042\" target=\"_blank\" rel=\"noopener noreferrer\">http:\/\/support.apple.com\/kb\/ph5042<\/a><\/strong><\/li>\n<\/ul>\n<\/li>\n<\/ul>\n<\/div>\n<p>[\/et_pb_text][\/et_pb_column][\/et_pb_row][\/et_pb_section]<\/p>\n","protected":false},"excerpt":{"rendered":"<p>POL\u00cdTICA DE COOKIES Informa\u00e7\u00e3o b\u00e1sica Em conformidade com o artigo 10 da Lei 34\/2002, de 11 de julho, sobre Servi\u00e7os da Sociedade da Informa\u00e7\u00e3o e Com\u00e9rcio Eletr\u00f4nico (LSSICE), os detalhes de identifica\u00e7\u00e3o da empresa em nome de Annabis Espanha s\u00e3o definidos abaixo: Respons\u00e1vel: Greenmotiv Sl Endere\u00e7o fiscal: C\/ Consell de Cent, 113-115, Entlo 1\u00aa, 08015, [&hellip;]<\/p>\n","protected":false},"author":1,"featured_media":0,"parent":0,"menu_order":0,"comment_status":"closed","ping_status":"closed","template":"","meta":{"_acf_changed":false,"_et_pb_use_builder":"on","_et_pb_old_content":"","_et_gb_content_width":"","footnotes":""},"class_list":["post-18016","page","type-page","status-publish","hentry"],"acf":[],"_links":{"self":[{"href":"https:\/\/annabis.es\/pt-pt\/wp-json\/wp\/v2\/pages\/18016","targetHints":{"allow":["GET"]}}],"collection":[{"href":"https:\/\/annabis.es\/pt-pt\/wp-json\/wp\/v2\/pages"}],"about":[{"href":"https:\/\/annabis.es\/pt-pt\/wp-json\/wp\/v2\/types\/page"}],"author":[{"embeddable":true,"href":"https:\/\/annabis.es\/pt-pt\/wp-json\/wp\/v2\/users\/1"}],"replies":[{"embeddable":true,"href":"https:\/\/annabis.es\/pt-pt\/wp-json\/wp\/v2\/comments?post=18016"}],"version-history":[{"count":0,"href":"https:\/\/annabis.es\/pt-pt\/wp-json\/wp\/v2\/pages\/18016\/revisions"}],"wp:attachment":[{"href":"https:\/\/annabis.es\/pt-pt\/wp-json\/wp\/v2\/media?parent=18016"}],"curies":[{"name":"wp","href":"https:\/\/api.w.org\/{rel}","templated":true}]}}