{"id":17474,"date":"2024-06-10T14:37:18","date_gmt":"2024-06-10T12:37:18","guid":{"rendered":"https:\/\/annabis.es\/producto\/activecann-dolorcann-%c2%b7-balsamo-de-canhamo-organico-para-massagem\/"},"modified":"2024-06-10T14:37:18","modified_gmt":"2024-06-10T12:37:18","slug":"activecann-dolorcann-%c2%b7-balsamo-de-canhamo-organico-para-massagem","status":"publish","type":"product","link":"https:\/\/annabis.es\/pt-pt\/producto\/activecann-dolorcann-%c2%b7-balsamo-de-canhamo-organico-para-massagem\/","title":{"rendered":"ACTIVECANN (Dolorcann) \u00b7 B\u00e1lsamo de c\u00e2nhamo org\u00e2nico para massagem"},"content":{"rendered":"<p><strong>Componentes:<\/strong> o b\u00e1lsamo de massagem org\u00e2nico e vegan ACTIVECANN cont\u00e9m na sua f\u00f3rmula melhorada uma combina\u00e7\u00e3o de extratos vegetais indicados para massagens calmantes e relaxantes, tais como:<\/p>\n<ul>\n<li><a href=\"https:\/\/annabis.es\/aceite-de-semillas-de-canamo\/\">\u00d3leo de semente de c\u00e2nhamo org\u00e2nico<\/a><\/li>\n<li>Extrato de semente de c\u00e2nhamo<\/li>\n<li><a href=\"https:\/\/annabis.es\/ingredientes-cosmetica-natural\/clavo-syzygium-aromaticum-en-cosmetica\/\">\u00d3leo de cravo-da-\u00edndia<\/a><\/li>\n<li>\u00d3leo de Lavanda<\/li>\n<li>\u00d3leo de Alecrim<\/li>\n<li>Mentol<\/li>\n<li><a href=\"https:\/\/annabis.es\/ingredientes-cosmetica-natural\/eucalipto-eucalyptus-globulus-en-cosmetica\/\">\u00d3leo de Eucalipto<\/a><\/li>\n<li><a href=\"https:\/\/annabis.es\/ingredientes-cosmetica-natural\/capsaicina-capsicum-frutescens-en-cosmetica\/\">Capsaicina ou extrato de malagueta<\/a><\/li>\n<\/ul>\n<p><strong>Formato:<\/strong> 50 ml<\/p>\n<div>\n<p><strong>Ingredientes (INCI): <\/strong>\u00d3leo de Olea Europaea*, Estearato de Glicerilo, \u00d3leo de Semente de Cannabis Sativa*, Mentol, \u00d3leo de Semente de Helianthus Annuus, Extrato de Folha de Rosmarinus Officinalis, \u00d3leo de Folha de Rosmarinus Officinalis, Extrato de Semente de Cannabis Sativa, \u00d3leo de Folha de Eucalipto Globulus, \u00d3leo de Folha de Eugenia Caryophyllus, Oleato de Glicerila, \u00d3leo de Lavandula Angustifolia, Resina de Capsicum Frutescens, Eugenol, Limonene, Linalol. *<strong>EAN<\/strong> <em>org\u00e2nico<\/em><\/p>\n<p>: <label class=\" \"><span class=\"private\"><label>8594167140157<\/label><\/span><\/label><\/p>\n<\/div>\n","protected":false},"excerpt":{"rendered":"<blockquote><p><b>Agora DOLORCANN chama-se ACTIVECANN. O nome muda, mas n\u00e3o a sua efic\u00e1cia!   <\/b><\/p><\/blockquote>\n<p>B\u00e1lsamo ACTIVECANN<strong> <\/strong>A cannabis org\u00e2nica de massagem cannabis, tamb\u00e9m conhecida como DOLORCANN, \u00e9 especialmente projetada para ajudar a aliviar o desconforto da pele das articula\u00e7\u00f5es e m\u00fasculos atrav\u00e9s da massagem. A sua aplica\u00e7\u00e3o t\u00f3pica na pele dos m\u00fasculos e articula\u00e7\u00f5es, proporciona uma sensa\u00e7\u00e3o relaxante na \u00e1rea desejada. Um creme de cannabis concentrado com <strong>22% de ingredientes de c\u00e2nhamo<\/strong> (<em>extrato de semente de cannabis sativa<\/em> &#8211; extrato de semente de c\u00e2nhamo e <em>\u00f3leo de semente de cannabis sativa<\/em> &#8211; \u00f3leo de semente de c\u00e2nhamo) e com um alto teor de \u00e1cidos graxos Omega 3-6, que por sua vez hidratam e nutrem a pele. Juntamente com a sua combina\u00e7\u00e3o exclusiva de extratos naturais de plantas, Activecann contribui eficazmente atrav\u00e9s da massagem, proporcionando uma agrad\u00e1vel sensa\u00e7\u00e3o reconfortante e refrescante aplicada pela massagem na \u00e1rea desejada. A sua<b> f\u00f3rmula 100% org\u00e2nica e vegan <\/b>proporciona um efeito reconfortante gra\u00e7as ao mentol, em combina\u00e7\u00e3o com outros extratos de ervas indicados para uma massagem tonificante e relaxante. Gra\u00e7as \u00e0 sua textura de pomada concentrada de absor\u00e7\u00e3o lenta, esta pomada permite que voc\u00ea trabalhe na \u00e1rea desejada massajando, deixando-a agir por mais tempo em grandes \u00e1reas da pele, em \u00e1reas como pernas ou costas, sem deixar uma sensa\u00e7\u00e3o gordurosa. Possui certifica\u00e7\u00e3o org\u00e2nica BIO CPK.  <\/p>\n","protected":false},"featured_media":16949,"comment_status":"closed","ping_status":"closed","template":"","meta":{"_acf_changed":false,"_et_pb_use_builder":"","_et_pb_old_content":"","_et_gb_content_width":""},"product_brand":[],"product_cat":[3596,3620,3619],"product_tag":[3633,3634,3635,3636],"class_list":{"0":"post-17474","1":"product","2":"type-product","3":"status-publish","4":"has-post-thumbnail","6":"product_cat-alivio-e-massagem","7":"product_cat-natural-e-bio","8":"product_cat-produtos-veganos","9":"product_tag-articulacoes","10":"product_tag-massagem","11":"product_tag-musculos-pt-pt","12":"product_tag-voltar","14":"first","15":"outofstock","16":"taxable","17":"shipping-taxable","18":"purchasable","19":"product-type-simple"},"acf":[],"_links":{"self":[{"href":"https:\/\/annabis.es\/pt-pt\/wp-json\/wp\/v2\/product\/17474","targetHints":{"allow":["GET"]}}],"collection":[{"href":"https:\/\/annabis.es\/pt-pt\/wp-json\/wp\/v2\/product"}],"about":[{"href":"https:\/\/annabis.es\/pt-pt\/wp-json\/wp\/v2\/types\/product"}],"replies":[{"embeddable":true,"href":"https:\/\/annabis.es\/pt-pt\/wp-json\/wp\/v2\/comments?post=17474"}],"wp:featuredmedia":[{"embeddable":true,"href":"https:\/\/annabis.es\/pt-pt\/wp-json\/wp\/v2\/media\/16949"}],"wp:attachment":[{"href":"https:\/\/annabis.es\/pt-pt\/wp-json\/wp\/v2\/media?parent=17474"}],"wp:term":[{"taxonomy":"product_brand","embeddable":true,"href":"https:\/\/annabis.es\/pt-pt\/wp-json\/wp\/v2\/product_brand?post=17474"},{"taxonomy":"product_cat","embeddable":true,"href":"https:\/\/annabis.es\/pt-pt\/wp-json\/wp\/v2\/product_cat?post=17474"},{"taxonomy":"product_tag","embeddable":true,"href":"https:\/\/annabis.es\/pt-pt\/wp-json\/wp\/v2\/product_tag?post=17474"}],"curies":[{"name":"wp","href":"https:\/\/api.w.org\/{rel}","templated":true}]}}