{"id":17481,"date":"2024-10-11T14:51:37","date_gmt":"2024-10-11T12:51:37","guid":{"rendered":"https:\/\/annabis.es\/producto\/neocann-natural-facial-lifting-serum-acido-hialuronico-50-ml-novo\/"},"modified":"2024-10-11T14:51:37","modified_gmt":"2024-10-11T12:51:37","slug":"neocann-natural-facial-lifting-serum-acido-hialuronico-50-ml-novo","status":"publish","type":"product","link":"https:\/\/annabis.es\/pt-pt\/producto\/neocann-natural-facial-lifting-serum-acido-hialuronico-50-ml-novo\/","title":{"rendered":"N\u00c9OCANN \u2022 Natural Facial Lifting Serum \u00c1cido Hialur\u00f3nico 50 ml &#8211; NOVO!"},"content":{"rendered":"<p><span class=\"a-list-item\">Um s\u00e9rum com uma textura leve e 100% natural, \u00e0 base de \u00c1cido Hialur\u00f3nico HA de baixo peso molecular e 99,3% de ingredientes naturais que proporcionam um efeito de pele rechonchuda, suculenta e luminosa.  <\/span><span class=\"a-list-item\">Indicado para rosto, pesco\u00e7o, decote e \u00e1rea do contorno dos olhos, onde o envelhecimento da pele \u00e9 mais comum.<\/span><\/p>\n<p>Gra\u00e7as \u00e0 sua embalagem sem ar, o s\u00e9rum n\u00e3o entra em contacto com o ar e, assim, evita a oxida\u00e7\u00e3o e degrada\u00e7\u00e3o. Gra\u00e7as a isso, conseguimos reduzir o uso de conservantes na sua f\u00f3rmula e concentrarmo-nos apenas nos ingredientes que s\u00e3o realmente eficazes e ben\u00e9ficos para a sua pele. <strong>Embalagem:<\/strong> 50 ml em recipiente airless para maior comodidade na dosagem e melhor conserva\u00e7\u00e3o. <\/p>\n<p class=\"p1\"><span class=\"s1\"><strong>Ingredientes (INCI):<\/strong><em>  \u00c1gua\/\u00c1gua, \u00c1cido Hialur\u00f3nico, Pentilenoglicol, Hialuronato de S\u00f3dio, Sumo de Folha de Bulbina Frutescens, Levulinato de S\u00f3dio, Anisato de S\u00f3dio, Extrato de Albatrellus Ovinus, Propanodiol, Extrato de Semente de Cannabis Sativa*, Glicerina, \u00c1lcool, \u00c1cido C\u00edtrico, Sorbato de Pot\u00e1ssio, Benzoato de S\u00f3dio, Hidr\u00f3xido de S\u00f3dio. *org\u00e2nico <\/em><\/span><\/p>\n","protected":false},"excerpt":{"rendered":"<p>Cuide da sua pele com este s\u00e9rum <strong>N\u00c9OCANN 100% natural<\/strong> e desfrute do seu <strong>efeito lifting imediato<\/strong> na pele, gra\u00e7as ao seu conte\u00fado em <strong>\u00c1cido Hialur\u00f3nico<\/strong> de baixo peso molecular. Com uma combina\u00e7\u00e3o \u00fanica de ingredientes naturais com um efeito antirrugas que proporciona um efeito lifting preenchedor imediato, fortalecendo tamb\u00e9m a estrutura da sua pele, retendo \u00e1gua e conseguindo uma pele mais firme e preenchida. <\/p>\n<p><span class=\"a-list-item\">A sua combina\u00e7\u00e3o de LIFTONIN-XPERT (impulsionador inteligente de colag\u00e9nio), DEFENSIL-SOFT (efetor zen-like calmante e antienvelhecimento) e \u00c1CIDO HIALUR\u00d3NICO (efeito hidratante que preenche as c\u00e9lulas da pele) nutrem e suavizam a pele, reduzem o envelhecimento precoce e conferem-lhe luminosidade.<\/span><\/p>\n<p><span class=\"a-list-item\">Um s\u00e9rum 100% <strong>vegan<\/strong>, adequado<\/span>para todos os tipos de pele, especialmente pele seca ou sens\u00edvel. <strong>Uso recomendado:<\/strong> Aplique o s\u00e9rum na pele limpa, de prefer\u00eancia 2 vezes ao dia, de manh\u00e3 e \u00e0 noite, com toques suaves, e espere 1-2 minutos at\u00e9 ser completamente absorvido antes de aplicar o creme. <span class=\"a-list-item\">Recomenda-se aplicar idealmente na \u00e1rea ao redor dos olhos, testa, pesco\u00e7o e zona do decote, onde o envelhecimento da pele \u00e9 mais comum.<\/span> <em><strong>Conselho!<\/strong><\/em> Combine-o com o creme facial natural <a href=\"https:\/\/annabis.es\/producto\/cremcann-hyaluron-%c2%b7-crema-facial-natural-hidratante-y-tensora-piel-madura-%c2%b7-envase-airless-50-ml-nueva\/\">CREMCANN Hyaluron<\/a> para completar a sua rotina de cuidados.<\/p>\n","protected":false},"featured_media":17054,"comment_status":"closed","ping_status":"closed","template":"","meta":{"_acf_changed":false,"_et_pb_use_builder":"","_et_pb_old_content":"","_et_gb_content_width":""},"product_brand":[],"product_cat":[3640,3638,3620,3639],"product_tag":[3642,3624,3643,3628,3641],"class_list":{"0":"post-17481","1":"product","2":"type-product","3":"status-publish","4":"has-post-thumbnail","6":"product_cat-cosmeticos-bioativos","7":"product_cat-cosmeticos-faciais","8":"product_cat-natural-e-bio","9":"product_cat-novos-produtos-de-cannabis","10":"product_tag-contorno-dos-olhos","11":"product_tag-pele-irritada","12":"product_tag-pele-madura","13":"product_tag-pele-sensivel","14":"product_tag-rugas","16":"first","17":"instock","18":"taxable","19":"shipping-taxable","20":"purchasable","21":"product-type-simple"},"acf":[],"_links":{"self":[{"href":"https:\/\/annabis.es\/pt-pt\/wp-json\/wp\/v2\/product\/17481","targetHints":{"allow":["GET"]}}],"collection":[{"href":"https:\/\/annabis.es\/pt-pt\/wp-json\/wp\/v2\/product"}],"about":[{"href":"https:\/\/annabis.es\/pt-pt\/wp-json\/wp\/v2\/types\/product"}],"replies":[{"embeddable":true,"href":"https:\/\/annabis.es\/pt-pt\/wp-json\/wp\/v2\/comments?post=17481"}],"wp:featuredmedia":[{"embeddable":true,"href":"https:\/\/annabis.es\/pt-pt\/wp-json\/wp\/v2\/media\/17054"}],"wp:attachment":[{"href":"https:\/\/annabis.es\/pt-pt\/wp-json\/wp\/v2\/media?parent=17481"}],"wp:term":[{"taxonomy":"product_brand","embeddable":true,"href":"https:\/\/annabis.es\/pt-pt\/wp-json\/wp\/v2\/product_brand?post=17481"},{"taxonomy":"product_cat","embeddable":true,"href":"https:\/\/annabis.es\/pt-pt\/wp-json\/wp\/v2\/product_cat?post=17481"},{"taxonomy":"product_tag","embeddable":true,"href":"https:\/\/annabis.es\/pt-pt\/wp-json\/wp\/v2\/product_tag?post=17481"}],"curies":[{"name":"wp","href":"https:\/\/api.w.org\/{rel}","templated":true}]}}