{"id":17514,"date":"2019-09-03T15:39:16","date_gmt":"2019-09-03T13:39:16","guid":{"rendered":"https:\/\/annabis.es\/producto\/dentacann-pasta-dentifrica-natural-de-canhamo-e-carvao-ativado\/"},"modified":"2019-09-03T15:39:16","modified_gmt":"2019-09-03T13:39:16","slug":"dentacann-pasta-dentifrica-natural-de-canhamo-e-carvao-ativado","status":"publish","type":"product","link":"https:\/\/annabis.es\/pt-pt\/producto\/dentacann-pasta-dentifrica-natural-de-canhamo-e-carvao-ativado\/","title":{"rendered":"DENTACANN \u2022 Pasta dent\u00edfrica natural de c\u00e2nhamo e carv\u00e3o ativado"},"content":{"rendered":"<p><strong>Uso recomendado<\/strong><strong>:<\/strong> Aplique a pasta de dentes 2 vezes ao dia com a sua escova de dentes e escove suavemente os dentes. Enxaguar com \u00e1gua ap\u00f3s a escova\u00e7\u00e3o. <strong>Ingredientes (INCI):<\/strong> Carbonato de C\u00e1lcio, Aqua, Glicerina, Amido de Zea Mays, Xilitol, Hidroxiapatita, \u00c1lcool, Pentilenoglicol, Glucos\u00eddeo de Coco, Lauroyl Sarcosinato de S\u00f3dio, Extrato de Farinha de Avena Sativa, \u00d3leo de Cocos Nucifera, Cloreto de S\u00f3dio, P\u00f3 de Carv\u00e3o, Extrato de Semente de Cannabis Sativa, Benzoato de S\u00f3dio, Sorbato de Pot\u00e1ssio, Goma Xantana, \u00d3leo de Eugenia Caroyphyllus, \u00d3leo de Casca de Sinensis C\u00edtrico Expresso, \u00d3leo de Mentha Piperita, Limoneno, Eugenol, Extrato de Folha de Stevia Rebaudiana, \u00c1cido C\u00edtrico. <strong>Composi\u00e7\u00e3o: <\/strong>A pasta dent\u00edfrica DENTACANN cont\u00e9m mais de 10 ingredientes ativos naturais, tais como: <\/p>\n<ul>\n<li>Kalident P\u00f3 Mineral<\/li>\n<li>Carv\u00e3o Ativado de Bambu<\/li>\n<li>Extrato de semente de c\u00e2nhamo<\/li>\n<li>Amido de milho<\/li>\n<li>Leite de Aveia<\/li>\n<li>Extrato de est\u00e9via<\/li>\n<li>\u00d3leo de cravo-da-\u00edndia<\/li>\n<li>\u00d3leo de Coco<\/li>\n<li>\u00d3leo de toranja<\/li>\n<li>\u00d3leo de hortel\u00e3-pimenta<\/li>\n<\/ul>\n<h3>A sua higiene oral di\u00e1ria com uma pasta dent\u00edfrica 100% natural sem fl\u00faor e carv\u00e3o ativado branqueador natural<\/h3>\n<p>DENTACANN, a \u00fanica pasta dent\u00edfrica de c\u00e2nhamo no mercado, n\u00e3o cont\u00e9m fl\u00faor nem fl\u00faor. Em vez disso, cont\u00e9m o mineral natural Kalident que restaura a camada protetora natural dos seus dentes. Sua f\u00f3rmula cont\u00e9m surfactantes naturais suaves, livres de sulfatos e ingredientes abrasivos para fornecer cuidados orais di\u00e1rios naturais respeitando a flora oral natural, tornando-se uma pasta de dentes adequada para veganos e crian\u00e7as com mais de 3 anos de idade.    <a href=\"https:\/\/annabis.es\/dentacann-la-primera-pasta-de-dientes-de-canamo-en-espana\/\">Saiba mais sobre a import\u00e2ncia dos cuidados orais naturais!<\/a><\/p>\n","protected":false},"excerpt":{"rendered":"<h2>A inovadora pasta de dentes natural com c\u00e2nhamo e carv\u00e3o ativado, vegan e adequada para crian\u00e7as com mais de 3 anos<\/h2>\n<p>DENTACANN \u00e9 a primeira <strong>pasta dent\u00edfrica branqueadora natural com c\u00e2nhamo<\/strong>, carv\u00e3o ativado e Kalident, entre outros ingredientes ativos naturais, indicada para a higiene oral di\u00e1ria respeitando a flora oral e SEM fl\u00faor. Uma pasta de dentes natural e vegan cuja f\u00f3rmula combina ingredientes naturais como carv\u00e3o ativado de bambu, extrato de c\u00e2nhamo, \u00f3leo de coco, cravo e \u00f3leo essencial de hortel\u00e3-pimenta, deixando a boca limpa e fresca. O uso regular restaura o tom natural dos seus dentes e garante o cuidado completo dos dentes e gengivas, aliviando <strong>gengivas sens\u00edveis<\/strong> e\/ou <strong>sensibilidade dent\u00e1ria<\/strong>. Uma <strong>pasta de dentes natural e vegan<\/strong> sem efeito espumante, adequada para crian\u00e7as a partir dos 3 anos, e com uma cor verdadeiramente surpreendente! <strong>Formato:<\/strong> 100 g, apresentado num tubo sem embalagem exterior por raz\u00f5es de sustentabilidade. <\/p>\n","protected":false},"featured_media":16740,"comment_status":"closed","ping_status":"closed","template":"","meta":{"_acf_changed":false,"_et_pb_use_builder":"","_et_pb_old_content":"","_et_gb_content_width":""},"product_brand":[],"product_cat":[3686,3620,3619],"product_tag":[3690,3688,3692,3691,3689],"class_list":{"0":"post-17514","1":"product","2":"type-product","3":"status-publish","4":"has-post-thumbnail","6":"product_cat-higiene-oral","7":"product_cat-natural-e-bio","8":"product_cat-produtos-veganos","9":"product_tag-carie","10":"product_tag-gengivas-sensiveis","11":"product_tag-higiene-oral","12":"product_tag-manchas-nos-dentes","13":"product_tag-sensibilidade-dentaria","14":"product_shipping_class-frete-gratis","16":"first","17":"instock","18":"taxable","19":"shipping-taxable","20":"purchasable","21":"product-type-simple"},"acf":[],"_links":{"self":[{"href":"https:\/\/annabis.es\/pt-pt\/wp-json\/wp\/v2\/product\/17514","targetHints":{"allow":["GET"]}}],"collection":[{"href":"https:\/\/annabis.es\/pt-pt\/wp-json\/wp\/v2\/product"}],"about":[{"href":"https:\/\/annabis.es\/pt-pt\/wp-json\/wp\/v2\/types\/product"}],"replies":[{"embeddable":true,"href":"https:\/\/annabis.es\/pt-pt\/wp-json\/wp\/v2\/comments?post=17514"}],"wp:featuredmedia":[{"embeddable":true,"href":"https:\/\/annabis.es\/pt-pt\/wp-json\/wp\/v2\/media\/16740"}],"wp:attachment":[{"href":"https:\/\/annabis.es\/pt-pt\/wp-json\/wp\/v2\/media?parent=17514"}],"wp:term":[{"taxonomy":"product_brand","embeddable":true,"href":"https:\/\/annabis.es\/pt-pt\/wp-json\/wp\/v2\/product_brand?post=17514"},{"taxonomy":"product_cat","embeddable":true,"href":"https:\/\/annabis.es\/pt-pt\/wp-json\/wp\/v2\/product_cat?post=17514"},{"taxonomy":"product_tag","embeddable":true,"href":"https:\/\/annabis.es\/pt-pt\/wp-json\/wp\/v2\/product_tag?post=17514"}],"curies":[{"name":"wp","href":"https:\/\/api.w.org\/{rel}","templated":true}]}}