{"id":17792,"date":"2021-11-11T08:00:31","date_gmt":"2021-11-11T06:00:31","guid":{"rendered":"https:\/\/annabis.es\/producto\/cannol-oleo-de-canhamo-organico-hidratante-multiuso-novo\/"},"modified":"2021-11-11T08:00:31","modified_gmt":"2021-11-11T06:00:31","slug":"cannol-oleo-de-canhamo-organico-hidratante-multiuso-novo","status":"publish","type":"product","link":"https:\/\/annabis.es\/pt-pt\/producto\/cannol-oleo-de-canhamo-organico-hidratante-multiuso-novo\/","title":{"rendered":"CANNOL \u2022 \u00d3leo de c\u00e2nhamo org\u00e2nico hidratante multiuso -NOVO-"},"content":{"rendered":"<p><strong>Ingredientes ativos naturais:<\/strong> uma combina\u00e7\u00e3o de \u00f3leo de semente de c\u00e2nhamo com \u00f3leos c\u00edtricos essenciais naturais que lhe conferem um aroma agrad\u00e1vel e preserva\u00e7\u00e3o natural, tais como:<\/p>\n<ul>\n<li>\u00d3leo de Semente de C\u00e2nhamo Org\u00e2nico e Extrato de Semente de C\u00e2nhamo (\u00d3leo de Semente de Cannabis Sativa e Extrato de Semente de Cannabis Sativa)<\/li>\n<li>\u00d3leo de Clementina<\/li>\n<li>\u00d3leo de toranja<\/li>\n<\/ul>\n<p class=\"p1\"><span class=\"s1\"><strong>Usos recomendados: <\/strong>Use este \u00f3leo para massagem de corpo inteiro e cuidados com o cabelo, conforme necess\u00e1rio. Para cuidar da pele, aplique algumas gotas de \u00f3leo em um algod\u00e3o levemente \u00famido para limpeza facial \u00e0 noite. Para tomar banho, basta colocar algumas gotas de \u00f3leo na \u00e1gua. Saiba mais sobre os usos e benef\u00edcios do \u00d3leo de Cannabis Org\u00e2nico CANNOL neste artigo.   <\/span><\/p>\n<p class=\"p1\"><span class=\"s1\"><strong>Ingredientes (INCI): <\/strong>\u00d3leo de Semente de Cannabis Sativa*, Extrato de Semente de Cannabis Sativa*, \u00d3leo de Olea Europaea*, \u00d3leo de Casca de Citriodora Clementina, \u00d3leo de Casca de Citrus Paradisi, \u00d3leo de Casca de Citrus Reticulata, Limoneno, Linalol. *org\u00e2nico <\/span><\/p>\n<p>&nbsp;<\/p>\n<h3 class=\"text-build-content\" style=\"color: #8bb234;\" data-testid=\"rU7qQDHAP\">Quais s\u00e3o os benef\u00edcios e usos do \u00f3leo de c\u00e2nhamo org\u00e2nico CANNOL?<\/h3>\n<h3>\u00d3leo de c\u00e2nhamo para cuidados com a pele<\/h3>\n<p>\u2022 N\u00e3o obstrui os poros, n\u00e3o \u00e9 comedog\u00e9nico \u2022 Adequado para todos os tipos de pele, incluindo pele sens\u00edvel e problem\u00e1tica \u2022 Mant\u00e9m a pele hidratada e flex\u00edvel<\/p>\n<h3>\u00d3leo de c\u00e2nhamo para o cuidado do cabelo<\/h3>\n<p>\u2022 Nutre profundamente, hidrata e revitaliza o cabelo \u2022 Alivia as sensa\u00e7\u00f5es de comich\u00e3o no couro cabeludo \u2022 Os l\u00edpidos do \u00f3leo de c\u00e2nhamo aumentam o brilho do cabelo \u2022 Previne as pontas duplas e a quebra do cabelo<\/p>\n<h3>\u00d3leo de c\u00e2nhamo para cuidados com o corpo<\/h3>\n<p>\u2022 Um aditivo de banho ideal com um efeito calmante muito positivo na pele irritada. \u2022 Promove a regenera\u00e7\u00e3o da pele causada por irrita\u00e7\u00f5es cut\u00e2neas, arranh\u00f5es, pele propensa a acne e estrias. \u2022 Tem um efeito positivo no processo de regenera\u00e7\u00e3o da pele ap\u00f3s queimaduras \u2022 Ajuda a acalmar a pele afetada pela fadiga muscular e das costas \u2022 Misture com a sua lo\u00e7\u00e3o corporal favorita para uma hidrata\u00e7\u00e3o e firmeza requintadas<\/p>\n","protected":false},"excerpt":{"rendered":"<p>O \u00f3leo de c\u00e2nhamo CANNOL chega com uma nova f\u00f3rmula org\u00e2nica de qualidade superior e uma nova embalagem dispensadora. Este novo formato com certifica\u00e7\u00e3o cosm\u00e9tica org\u00e2nica org\u00e2nica, permite o cuidado completo do seu corpo gra\u00e7as \u00e0s suas propriedades hidratantes e calmantes, com m\u00faltiplos usos. CANNOL \u00e9 um \u00f3leo vegetal de c\u00e2nhamo (<em>\u00f3leo de semente de cannabis sativa<\/em>) com um alto teor de \u00e1cidos gordos essenciais insaturados \u00d3mega 3-6-9, vitaminas A, B1, B2, B6, C, E, fitoester\u00f3is, fitato e minerais, com uma combina\u00e7\u00e3o \u00fanica e funcional com outros bot\u00e2nicos. Um produto vegan, que permite uma hidrata\u00e7\u00e3o suave para toda a fam\u00edlia (indicado mesmo para beb\u00e9s dos 0 aos 3 anos). Durante a sua produ\u00e7\u00e3o, apenas ingredientes naturais s\u00e3o usados para apoiar a fun\u00e7\u00e3o protetora da nossa pele, bem como para o cuidado do cabelo. Um \u00f3leo com propriedades calmantes para um perfeito relaxamento da pele, sob a forma de um banho ou massagem. Atrav\u00e9s da massagem hidratante ou tonificante, CANNOL ir\u00e1 ajud\u00e1-lo a relaxar e cuidar da sua pele como ela merece. CPK BIO &#8211; CERTIFIED BIO COSMETICS &#8211; Com 99% de ingredientes de c\u00e2nhamo, CANNOL \u00e9 um \u00f3leo hidratante org\u00e2nico e vegano, adequado para uso em crian\u00e7as e beb\u00eas a partir dos 0 anos de idade e com certifica\u00e7\u00e3o org\u00e2nica CPK BIO (<em>Certified Bio Cosmetics<\/em>). <strong>Formatos:<\/strong> 50ml e 500ml <\/p>\n","protected":false},"featured_media":16733,"comment_status":"open","ping_status":"closed","template":"","meta":{"_acf_changed":false,"_et_pb_use_builder":"","_et_pb_old_content":"","_et_gb_content_width":""},"product_brand":[],"product_cat":[3596,3621,3852,3800,3620,3622,3619],"product_tag":[3625,3627,3624,3854,3853,3641],"class_list":{"0":"post-17792","1":"product","2":"type-product","3":"status-publish","4":"has-post-thumbnail","6":"product_cat-alivio-e-massagem","7":"product_cat-banho-e-duche","8":"product_cat-criancas-e-lactentes","9":"product_cat-cuidados-com-o-corpo","10":"product_cat-natural-e-bio","11":"product_cat-ofertas-em-produtos-de-cannabis","12":"product_cat-produtos-veganos","13":"product_tag-cabelo","14":"product_tag-pele-atopica","15":"product_tag-pele-irritada","16":"product_tag-pele-psoriatica","17":"product_tag-pele-seca","18":"product_tag-rugas","20":"first","21":"instock","22":"sale","23":"taxable","24":"shipping-taxable","25":"purchasable","26":"product-type-variable","27":"has-default-attributes"},"acf":[],"_links":{"self":[{"href":"https:\/\/annabis.es\/pt-pt\/wp-json\/wp\/v2\/product\/17792","targetHints":{"allow":["GET"]}}],"collection":[{"href":"https:\/\/annabis.es\/pt-pt\/wp-json\/wp\/v2\/product"}],"about":[{"href":"https:\/\/annabis.es\/pt-pt\/wp-json\/wp\/v2\/types\/product"}],"replies":[{"embeddable":true,"href":"https:\/\/annabis.es\/pt-pt\/wp-json\/wp\/v2\/comments?post=17792"}],"wp:featuredmedia":[{"embeddable":true,"href":"https:\/\/annabis.es\/pt-pt\/wp-json\/wp\/v2\/media\/16733"}],"wp:attachment":[{"href":"https:\/\/annabis.es\/pt-pt\/wp-json\/wp\/v2\/media?parent=17792"}],"wp:term":[{"taxonomy":"product_brand","embeddable":true,"href":"https:\/\/annabis.es\/pt-pt\/wp-json\/wp\/v2\/product_brand?post=17792"},{"taxonomy":"product_cat","embeddable":true,"href":"https:\/\/annabis.es\/pt-pt\/wp-json\/wp\/v2\/product_cat?post=17792"},{"taxonomy":"product_tag","embeddable":true,"href":"https:\/\/annabis.es\/pt-pt\/wp-json\/wp\/v2\/product_tag?post=17792"}],"curies":[{"name":"wp","href":"https:\/\/api.w.org\/{rel}","templated":true}]}}