{"id":17809,"date":"2021-11-11T08:00:39","date_gmt":"2021-11-11T06:00:39","guid":{"rendered":"https:\/\/annabis.es\/producto\/bodycann-feel-sporty-3-em-1-%c2%b7-gel-e-shampoo-de-canhamo-natural-e-vegano-limited-edition\/"},"modified":"2021-11-11T08:00:39","modified_gmt":"2021-11-11T06:00:39","slug":"bodycann-feel-sporty-3-em-1-%c2%b7-gel-e-shampoo-de-canhamo-natural-e-vegano-limited-edition","status":"publish","type":"product","link":"https:\/\/annabis.es\/pt-pt\/producto\/bodycann-feel-sporty-3-em-1-%c2%b7-gel-e-shampoo-de-canhamo-natural-e-vegano-limited-edition\/","title":{"rendered":"BODYCANN FEEL SPORTY 3 em 1 \u00b7 Gel e shampoo de c\u00e2nhamo natural e vegano -Limited Edition-"},"content":{"rendered":"<p><strong>Uso recomendado: <\/strong>aplique no cabelo e pele h\u00famidos em todo o corpo, trabalhe at\u00e9 fazer espuma cremosa, massaje e enxague bem. <strong>Ingredientes<\/strong>: BODYCANN FEEL SPORTY cont\u00e9m v\u00e1rios ingredientes ativos naturais, entre os quais se destacam:<\/p>\n<ul>\n<li>\u00d3leo de Semente de C\u00e2nhamo (\u00d3leo de Semente de Cannabis Sativa)<\/li>\n<li>\u00d3leo de arg\u00e3o<\/li>\n<li>D-pantenol<\/li>\n<li>Extrato de cal\u00eandula<\/li>\n<\/ul>\n<p>&nbsp;<\/p>\n<p><strong>Recipiente:<\/strong> 250ml. <strong>Ingredientes (INCI): <\/strong>\u00c1gua\/\u00c1gua, Cocamidopropil Beta\u00edna, Coco-Glucos\u00eddeo, Estearato de Glicerilo, Cocoanfoacetato de S\u00f3dio, Glutamato de Cocoil Diss\u00f3dico, Pantenol, Extrato de Flor de Calendula Officinalis, \u00d3leo de Semente de Helianthus Annuus, \u00d3leo de Lavandula Angustifolia, \u00d3leo de Casca de Citrus Sinensis, \u00d3leo de Semente de Cannabis Sativa, \u00d3leo de Semente de Argania Spinosa, Benzoato de S\u00f3dio, Sorbato de Pot\u00e1ssio, \u00c1cido C\u00edtrico, \u00c1cido L\u00e1ctico, D-Limoneno, Linalol.<\/p>\n","protected":false},"excerpt":{"rendered":"<p>Bodycann Feel Sporty 3 em 1 \u00e9 um shampoo e gel de c\u00e2nhamo 100% natural indicado para o corpo, cabelo e higiene \u00edntima. A solu\u00e7\u00e3o ideal para a higiene completa da pele problem\u00e1tica ou sens\u00edvel ap\u00f3s a pr\u00e1tica desportiva, bem como para a higiene di\u00e1ria. As suas subst\u00e2ncias de limpeza e calmantes, como a cal\u00eandula, atuam sem ressecar ou irritar, tornando-se um produto ideal para o cuidado da pele sens\u00edvel. A sua f\u00f3rmula \u00e0 base de extratos de ervas, juntamente com \u00f3leo de semente de c\u00e2nhamo (\u00d3leo de Semente de Cannabis Sativa) acalma, regenera e nutre a pele. Gra\u00e7as \u00e0 sua composi\u00e7\u00e3o suave, tamb\u00e9m \u00e9 adequado para pele com secura, descama\u00e7\u00e3o e irrita\u00e7\u00e3o. Um produto vegan de edi\u00e7\u00e3o limitada com Certifica\u00e7\u00e3o Cosm\u00e9tica CPK &#8211; COSM\u00c9TICOS NATURAIS CERTIFICADOS. <\/p>\n<ul>\n<li>N\u00e3o cont\u00e9m conservantes qu\u00edmicos<\/li>\n<li>Sem silicones e sulfitos<\/li>\n<li>Certificado Natural CPK<\/li>\n<\/ul>\n","protected":false},"featured_media":16732,"comment_status":"open","ping_status":"closed","template":"","meta":{"_acf_changed":false,"_et_pb_use_builder":"","_et_pb_old_content":"","_et_gb_content_width":""},"product_brand":[],"product_cat":[3621,3620,3619],"product_tag":[3626,3625,3629,3857,3624,3628],"class_list":{"0":"post-17809","1":"product","2":"type-product","3":"status-publish","4":"has-post-thumbnail","6":"product_cat-banho-e-duche","7":"product_cat-natural-e-bio","8":"product_cat-produtos-veganos","9":"product_tag-banho","10":"product_tag-cabelo","11":"product_tag-couro-cabeludo","12":"product_tag-higiene-intima-pt-pt","13":"product_tag-pele-irritada","14":"product_tag-pele-sensivel","16":"first","17":"instock","18":"taxable","19":"shipping-taxable","20":"purchasable","21":"product-type-simple"},"acf":[],"_links":{"self":[{"href":"https:\/\/annabis.es\/pt-pt\/wp-json\/wp\/v2\/product\/17809","targetHints":{"allow":["GET"]}}],"collection":[{"href":"https:\/\/annabis.es\/pt-pt\/wp-json\/wp\/v2\/product"}],"about":[{"href":"https:\/\/annabis.es\/pt-pt\/wp-json\/wp\/v2\/types\/product"}],"replies":[{"embeddable":true,"href":"https:\/\/annabis.es\/pt-pt\/wp-json\/wp\/v2\/comments?post=17809"}],"wp:featuredmedia":[{"embeddable":true,"href":"https:\/\/annabis.es\/pt-pt\/wp-json\/wp\/v2\/media\/16732"}],"wp:attachment":[{"href":"https:\/\/annabis.es\/pt-pt\/wp-json\/wp\/v2\/media?parent=17809"}],"wp:term":[{"taxonomy":"product_brand","embeddable":true,"href":"https:\/\/annabis.es\/pt-pt\/wp-json\/wp\/v2\/product_brand?post=17809"},{"taxonomy":"product_cat","embeddable":true,"href":"https:\/\/annabis.es\/pt-pt\/wp-json\/wp\/v2\/product_cat?post=17809"},{"taxonomy":"product_tag","embeddable":true,"href":"https:\/\/annabis.es\/pt-pt\/wp-json\/wp\/v2\/product_tag?post=17809"}],"curies":[{"name":"wp","href":"https:\/\/api.w.org\/{rel}","templated":true}]}}