{"id":17832,"date":"2021-12-13T00:01:11","date_gmt":"2021-12-12T22:01:11","guid":{"rendered":"https:\/\/annabis.es\/producto\/footcann-bio-creme-nutritivo-de-cannabis-para-pes-bio-75-ml\/"},"modified":"2021-12-13T00:01:11","modified_gmt":"2021-12-12T22:01:11","slug":"footcann-bio-creme-nutritivo-de-cannabis-para-pes-bio-75-ml","status":"publish","type":"product","link":"https:\/\/annabis.es\/pt-pt\/producto\/footcann-bio-creme-nutritivo-de-cannabis-para-pes-bio-75-ml\/","title":{"rendered":"FOOTCANN BIO \u2022 Creme nutritivo de cannabis para p\u00e9s BIO 75 ml"},"content":{"rendered":"<p><strong>Componentes:<\/strong> FOOTCANN cont\u00e9m uma f\u00f3rmula \u00e0 base de ingredientes org\u00e2nicos hidratantes e nutritivos para p\u00e9s e calcanhares secos e rachados. A sua textura n\u00e3o gordurosa \u00e0 base de \u00f3leo de sementes de c\u00e2nhamo, um dos \u00f3leos vegetais menos gordurosos e untuosos, recupera a pele dos seus p\u00e9s gra\u00e7as aos seus ingredientes ativos naturais, tais como: <\/p>\n<ul>\n<li>\u00d3leo e extrato de sementes de cannabis<\/li>\n<li>\u00d3leo de Am\u00eandoas Doces<\/li>\n<li>Manteiga de karit\u00e9<\/li>\n<li>Ureia<\/li>\n<li>Prata coloidal<\/li>\n<li>Dermosoft decalact l\u00edquido<\/li>\n<li>Vitamina E<\/li>\n<li>Cera de abelhas<\/li>\n<li>\u00d3leo de Lavanda<\/li>\n<\/ul>\n<p><strong>Recipiente:<\/strong> 75 ml. <strong>Ingredientes (INCI):<\/strong> \u00c1gua\/\u00c1gua, \u00d3leo de Semente de Cannabis Sativa*, \u00d3leo de Prunus Amygdalus Dulcis, Triglicer\u00eddeo Capr\u00edlico\/C\u00e1prico, Ureia, Citrato de Estearato de Glicerilo, \u00c1lcool Cetear\u00edlico, Manteiga de Butyrospermum Parkii, Estearato de Glicerilo, \u00d3leo de Semente de Helianthus Annuus, \u00d3leo de Fruta Olea Europaea*, Cera Alba, Caproyl\/Lauroyl Lactilato de S\u00f3dio, Citrato Triet\u00edlico, Extrato de Semente de Cannabis Sativa*, Glucos\u00eddeo Cetearilo, Olivato de Sorbitano, Tocoferol, Goma Xantana,  \u00c1cido C\u00edtrico, \u00d3leo de Casca de Citrus Sinensis Expresso, \u00d3leo de Casca de Amyris Balsamifera, \u00d3leo de Lavandula Angustifolia, Prata Coloidal, \u00c1lcool Benz\u00edlico, \u00c1cido Benzoico, \u00c1cido Desidroac\u00e9tico, Ferulato de Etilo, Extrato de Humulus Lupulus, Limoneno, Linalol, Cumarina, Geraniol. *org\u00e2nico<\/p>\n","protected":false},"excerpt":{"rendered":"<p><strong>FOOTCANN<\/strong> \u00e9 um creme hidratante e nutritivo de c\u00e2nhamo especialmente indicado para p\u00e9s secos e\/ou calcanhares propensos a rachaduras. A sua f\u00f3rmula BIO 100% org\u00e2nica tem um elevado teor de \u00e1cidos gordos essenciais \u00f3mega 3-6 provenientes do \u00f3leo de c\u00e2nhamo (\u00f3leo de semente de Cannabis sativa) e extrato de semente de c\u00e2nhamo (extrato de semente de Cannabis sativa), entre outros ingredientes naturais como manteiga de karit\u00e9, ureia e prata coloidal. Os seus ingredientes ativos naturais hidratam e regeneram a pele mais \u00e1spera. Um creme de manuten\u00e7\u00e3o hidratante e regenerador dermatologicamente testado especialmente indicado para aliviar altera\u00e7\u00f5es espec\u00edficas da pele, como tend\u00eancia para pele at\u00f3pica ou sens\u00edvel. O creme natural para os p\u00e9s FOOTCANN foi concebido para uso di\u00e1rio, pelo que se recomenda aplic\u00e1-lo v\u00e1rias vezes ao longo do dia. Gra\u00e7as \u00e0 sua textura, absorve facilmente sem deixar uma sensa\u00e7\u00e3o gordurosa, criando uma camada de prote\u00e7\u00e3o na pele e regenerando-a naturalmente. Possui Certifica\u00e7\u00e3o Natural CPK BIO (<em>Certified BIO Cosm\u00e9ticos<\/em>). <\/p>\n","protected":false},"featured_media":16731,"comment_status":"open","ping_status":"closed","template":"","meta":{"_acf_changed":false,"_et_pb_use_builder":"","_et_pb_old_content":"","_et_gb_content_width":""},"product_brand":[],"product_cat":[3800,3620],"product_tag":[3864,3868,3865,3866,3854,3853,3867],"class_list":{"0":"post-17832","1":"product","2":"type-product","3":"status-publish","4":"has-post-thumbnail","6":"product_cat-cuidados-com-o-corpo","7":"product_cat-natural-e-bio","8":"product_tag-cuticulas-pt-pt","9":"product_tag-descamacao","10":"product_tag-maos","11":"product_tag-pele-aspera","12":"product_tag-pele-psoriatica","13":"product_tag-pele-seca","14":"product_tag-unhas","16":"first","17":"instock","18":"taxable","19":"shipping-taxable","20":"purchasable","21":"product-type-simple"},"acf":[],"_links":{"self":[{"href":"https:\/\/annabis.es\/pt-pt\/wp-json\/wp\/v2\/product\/17832","targetHints":{"allow":["GET"]}}],"collection":[{"href":"https:\/\/annabis.es\/pt-pt\/wp-json\/wp\/v2\/product"}],"about":[{"href":"https:\/\/annabis.es\/pt-pt\/wp-json\/wp\/v2\/types\/product"}],"replies":[{"embeddable":true,"href":"https:\/\/annabis.es\/pt-pt\/wp-json\/wp\/v2\/comments?post=17832"}],"wp:featuredmedia":[{"embeddable":true,"href":"https:\/\/annabis.es\/pt-pt\/wp-json\/wp\/v2\/media\/16731"}],"wp:attachment":[{"href":"https:\/\/annabis.es\/pt-pt\/wp-json\/wp\/v2\/media?parent=17832"}],"wp:term":[{"taxonomy":"product_brand","embeddable":true,"href":"https:\/\/annabis.es\/pt-pt\/wp-json\/wp\/v2\/product_brand?post=17832"},{"taxonomy":"product_cat","embeddable":true,"href":"https:\/\/annabis.es\/pt-pt\/wp-json\/wp\/v2\/product_cat?post=17832"},{"taxonomy":"product_tag","embeddable":true,"href":"https:\/\/annabis.es\/pt-pt\/wp-json\/wp\/v2\/product_tag?post=17832"}],"curies":[{"name":"wp","href":"https:\/\/api.w.org\/{rel}","templated":true}]}}