{"id":17839,"date":"2023-08-31T14:55:05","date_gmt":"2023-08-31T12:55:05","guid":{"rendered":"https:\/\/annabis.es\/producto\/topicann-cbd-cbg-creme-cbd-organico-para-pele-atopica\/"},"modified":"2023-08-31T14:55:05","modified_gmt":"2023-08-31T12:55:05","slug":"topicann-cbd-cbg-creme-cbd-organico-para-pele-atopica","status":"publish","type":"product","link":"https:\/\/annabis.es\/pt-pt\/producto\/topicann-cbd-cbg-creme-cbd-organico-para-pele-atopica\/","title":{"rendered":"TOPICANN CBD &amp; CBG &#8211; Creme CBD org\u00e2nico para pele at\u00f3pica"},"content":{"rendered":"<p><span style=\"font-weight: 300;\">A f\u00f3rmula 100% natural deste creme CBD foi especialmente concebida para a pele mais exigente e delicada, como a pele propensa a altera\u00e7\u00f5es dermatol\u00f3gicas, e a sua aplica\u00e7\u00e3o regular melhora visivelmente o aspeto da pele.<\/span><\/p>\n<p><span style=\"font-weight: 300;\"><strong>Ingredientes<\/strong>: Al\u00e9m de CBD e CBG, a Topicann possui mais de 8 ingredientes naturais em sua formula\u00e7\u00e3o, tais como:<\/span><\/p>\n<ul>\n<li style=\"font-weight: 300;\" aria-level=\"1\"><span style=\"font-weight: 300;\">600 mg CBD <\/span><i><span style=\"font-weight: 300;\">(Canabidiol) <\/span><\/i> <\/li>\n<li style=\"font-weight: 300;\" aria-level=\"1\"><span style=\"font-weight: 300;\">20 mg CBG <\/span><i><span style=\"font-weight: 300;\">(Cannabigerol)<\/span><\/i><\/li>\n<li style=\"font-weight: 300;\" aria-level=\"1\"><span style=\"font-weight: 300;\">\u00d3leo de Semente de C\u00e2nhamo Org\u00e2nico<\/span><i><span style=\"font-weight: 300;\"> (\u00d3leo de Semente de Cannabis Sativa)<\/span><\/i><\/li>\n<li style=\"font-weight: 300;\" aria-level=\"1\"><span style=\"font-weight: 300;\">\u00d3leo de coco org\u00e2nico <\/span><i><span style=\"font-weight: 300;\">(\u00d3leo de Cocos Nucifera)<\/span><\/i><\/li>\n<li style=\"font-weight: 300;\" aria-level=\"1\"><span style=\"font-weight: 300;\"> <\/span><i><span style=\"font-weight: 300;\">Extrato de turfa<\/span><\/i><\/li>\n<li style=\"font-weight: 300;\" aria-level=\"1\"><span style=\"font-weight: 300;\">Zinco<\/span><i><span style=\"font-weight: 300;\"> (\u00f3xido de zinco)<\/span><\/i><\/li>\n<li style=\"font-weight: 300;\" aria-level=\"1\"><span style=\"font-weight: 300;\"><i><span style=\"font-weight: 300;\"> Prata coloidal<\/span><\/i><\/span><\/li>\n<li style=\"font-weight: 300;\" aria-level=\"1\"><span style=\"font-weight: 300;\">Sal marinho<\/span><i><span style=\"font-weight: 300;\"> (Cloreto de S\u00f3dio -Maris Sal-)<\/span><\/i><\/li>\n<li style=\"font-weight: 300;\" aria-level=\"1\"><span style=\"font-weight: 300;\">Vitamina E<\/span><i><span style=\"font-weight: 300;\"> (tocoferol)<\/span><\/i><\/li>\n<\/ul>\n<p><strong>Modo de utiliza\u00e7\u00e3o:<\/strong> <span style=\"font-weight: 300;\">Aplique o creme de cannabis at\u00e9 4 vezes ao dia na \u00e1rea desejada. A aplica\u00e7\u00e3o regular pode aliviar os sintomas e melhorar a apar\u00eancia da pele. <\/span><\/p>\n<p><strong>Recipiente<\/strong>: 100 ml.<\/p>\n<p class=\"p1\"><span class=\"s1\"><strong>Ingredientes (INCI): <span style=\"font-weight: 300;\">\u00c1gua\/\u00c1gua, \u00d3leo de Cocos Nucifera*, \u00d3leo de Semente de Cannabis Sativa*, Citrato de Estearato de Glicerilo, Estearato de Glicerilo, \u00c1lcool Denat., \u00c1cido Palm\u00edtico, \u00c1cido Este\u00e1rico, Canabidiol, \u00d3xido de Zinco, Prata Coloidal, Cloreto de S\u00f3dio (Maris Sal), Extrato de Turfa, Cannabigerol, Benzoato de S\u00f3dio, Tocoferol, Sorbato de Pot\u00e1ssio, Goma Xantana, \u00c1cido C\u00edtrico. *org\u00e2nico<\/span><\/strong><\/span><\/p>\n","protected":false},"excerpt":{"rendered":"<h2>Creme CBD org\u00e2nico para pele at\u00f3pica &#8211; Nova f\u00f3rmula da Atopicann<\/h2>\n<p><span style=\"font-weight: 300;\">Creme CBD org\u00e2nico projetado para o cuidado e al\u00edvio da pele at\u00f3pica propensa e\/ou sens\u00edvel com um alto teor de CBD (Canabidiol), CBG (Cannabigerol), \u00f3leo de semente de c\u00e2nhamo org\u00e2nico e outros ingredientes ativos naturais, como zinco, sal marinho, extrato de turfa ou prata coloidal que ajudam a refinar,  suavizam e nutrem a pele sens\u00edvel ou propensa \u00e0 atopia, tais como irrita\u00e7\u00e3o, descama\u00e7\u00e3o ou picadas. Uma f\u00f3rmula melhorada de creme de cannabis Atopicann. <\/span><\/p>\n<p><span style=\"font-weight: 300;\">Os fitocanabin\u00f3ides inclu\u00eddos na sua f\u00f3rmula (CBD ou CBG) atuam no sistema endocanabin\u00f3ide da pele, proporcionando maior al\u00edvio e bem-estar na \u00e1rea aplicada, que gra\u00e7as \u00e0 a\u00e7\u00e3o conjunta com o \u00f3leo de semente de c\u00e2nhamo org\u00e2nico, rico em \u00d3mega 3 e \u00d3mega 6, proporcionam um efeito emoliente e nutritivo.<\/span><\/p>\n","protected":false},"featured_media":16950,"comment_status":"closed","ping_status":"closed","template":"","meta":{"_acf_changed":false,"_et_pb_use_builder":"","_et_pb_old_content":"","_et_gb_content_width":""},"product_brand":[],"product_cat":[3869,3852,3800,3620,3623,3619],"product_tag":[3868,3627,3854,3628,3870],"class_list":{"0":"post-17839","1":"product","2":"type-product","3":"status-publish","4":"has-post-thumbnail","6":"product_cat-cbd-cbg-cremes","7":"product_cat-criancas-e-lactentes","8":"product_cat-cuidados-com-o-corpo","9":"product_cat-natural-e-bio","10":"product_cat-pele-atopica","11":"product_cat-produtos-veganos","12":"product_tag-descamacao","13":"product_tag-pele-atopica","14":"product_tag-pele-psoriatica","15":"product_tag-pele-sensivel","16":"product_tag-vermelhidao","18":"first","19":"instock","20":"featured","21":"taxable","22":"shipping-taxable","23":"purchasable","24":"product-type-simple"},"acf":[],"_links":{"self":[{"href":"https:\/\/annabis.es\/pt-pt\/wp-json\/wp\/v2\/product\/17839","targetHints":{"allow":["GET"]}}],"collection":[{"href":"https:\/\/annabis.es\/pt-pt\/wp-json\/wp\/v2\/product"}],"about":[{"href":"https:\/\/annabis.es\/pt-pt\/wp-json\/wp\/v2\/types\/product"}],"replies":[{"embeddable":true,"href":"https:\/\/annabis.es\/pt-pt\/wp-json\/wp\/v2\/comments?post=17839"}],"wp:featuredmedia":[{"embeddable":true,"href":"https:\/\/annabis.es\/pt-pt\/wp-json\/wp\/v2\/media\/16950"}],"wp:attachment":[{"href":"https:\/\/annabis.es\/pt-pt\/wp-json\/wp\/v2\/media?parent=17839"}],"wp:term":[{"taxonomy":"product_brand","embeddable":true,"href":"https:\/\/annabis.es\/pt-pt\/wp-json\/wp\/v2\/product_brand?post=17839"},{"taxonomy":"product_cat","embeddable":true,"href":"https:\/\/annabis.es\/pt-pt\/wp-json\/wp\/v2\/product_cat?post=17839"},{"taxonomy":"product_tag","embeddable":true,"href":"https:\/\/annabis.es\/pt-pt\/wp-json\/wp\/v2\/product_tag?post=17839"}],"curies":[{"name":"wp","href":"https:\/\/api.w.org\/{rel}","templated":true}]}}