{"id":17853,"date":"2023-09-27T12:51:50","date_gmt":"2023-09-27T10:51:50","guid":{"rendered":"https:\/\/annabis.es\/producto\/vetercann-arthro-balsamo-de-cannabis-organico\/"},"modified":"2023-09-27T12:51:50","modified_gmt":"2023-09-27T10:51:50","slug":"vetercann-arthro-balsamo-de-cannabis-organico","status":"publish","type":"product","link":"https:\/\/annabis.es\/pt-pt\/producto\/vetercann-arthro-balsamo-de-cannabis-organico\/","title":{"rendered":"Vetercann Arthro B\u00e1lsamo de Cannabis Org\u00e2nico"},"content":{"rendered":"<p><strong>Arthro Organic Cannabis Balm<\/strong> oferece uma combina\u00e7\u00e3o original de extratos bot\u00e2nicos, tais como:<\/p>\n<ul>\n<li>\u00d3leo e extrato de sementes de c\u00e2nhamo<\/li>\n<li>Vitamina E<\/li>\n<li>\u00d3leo de eucalipto<\/li>\n<li>\u00d3leo de cravo-da-\u00edndia<\/li>\n<li>\u00d3leo de Lavanda<\/li>\n<li>\u00d3leo de alecrim<\/li>\n<\/ul>\n<p><strong>Ingredientes (INCI):<\/strong> \u00d3leo de Semente de Cannabis Sativa*, \u00d3leo de Fruta Olea Europaea, Estearato de Glicerilo, Extrato de Semente de Cannabis Sativa, Tocoferol, \u00d3leo de Folha de Eugenia Caryophyllus, \u00d3leo de Folha de Eucalipto Globulus, \u00d3leo de Lavandula Angustifolia, \u00d3leo de Folha de Rosmarinus Officinalis, Resina de Capsicum Frutescens, Linalol. <em>*<\/em><strong>Advert\u00eancias org\u00e2nicas: <\/strong>Produto destinado a c\u00e3es, gatos, cavalos, para todas as ra\u00e7as. Apenas para uso veterin\u00e1rio. N\u00e3o utilizar em animais criados para alimenta\u00e7\u00e3o. Apenas para uso externo. Evite o contacto com os olhos. Procure ajuda m\u00e9dica em caso de ingest\u00e3o acidental. <strong>Formato<\/strong>: 50ml<\/p>\n","protected":false},"excerpt":{"rendered":"<p><span style=\"font-weight: 400\">O B\u00e1lsamo de Can\u00e1bis Org\u00e2nico ARTHRO foi especialmente concebido para o cuidado dos m\u00fasculos e articula\u00e7\u00f5es dos animais. e ainda <\/span><span style=\"font-weight: 400\">\u00c9 um creme ou pomada com uma textura densa e concentrada para ser aplicado por massagem na pele das \u00e1reas desejadas. A sua aplica\u00e7\u00e3o por massagem e a sua penetra\u00e7\u00e3o lenta e duradoura proporcionam o al\u00edvio que o seu animal de estima\u00e7\u00e3o necessita.   <\/span><\/p>\n<p>Tamb\u00e9m cont\u00e9m um elevado n\u00edvel de <span style=\"font-weight: 400\">\u00e1cidos gordos insaturados \u00d3mega 3-6 essenciais para o bem-estar do animal, e uma combina\u00e7\u00e3o de ingredientes ativos naturais que proporcionam um efeito emoliente e relaxante. <\/span><span style=\"font-weight: 400\">Voc\u00ea pode aplicar o b\u00e1lsamo na \u00e1rea onde o animal sente desconforto atrav\u00e9s de uma massagem suave v\u00e1rias vezes ao dia.<\/span> <strong>Formato:<\/strong> 50 ml<\/p>\n","protected":false},"featured_media":16808,"comment_status":"closed","ping_status":"closed","template":"","meta":{"_acf_changed":false,"_et_pb_use_builder":"","_et_pb_old_content":"","_et_gb_content_width":""},"product_brand":[],"product_cat":[3873],"product_tag":[],"class_list":{"0":"post-17853","1":"product","2":"type-product","3":"status-publish","4":"has-post-thumbnail","6":"product_cat-produtos-veterinarios","8":"first","9":"instock","10":"taxable","11":"shipping-taxable","12":"purchasable","13":"product-type-simple"},"acf":[],"_links":{"self":[{"href":"https:\/\/annabis.es\/pt-pt\/wp-json\/wp\/v2\/product\/17853","targetHints":{"allow":["GET"]}}],"collection":[{"href":"https:\/\/annabis.es\/pt-pt\/wp-json\/wp\/v2\/product"}],"about":[{"href":"https:\/\/annabis.es\/pt-pt\/wp-json\/wp\/v2\/types\/product"}],"replies":[{"embeddable":true,"href":"https:\/\/annabis.es\/pt-pt\/wp-json\/wp\/v2\/comments?post=17853"}],"wp:featuredmedia":[{"embeddable":true,"href":"https:\/\/annabis.es\/pt-pt\/wp-json\/wp\/v2\/media\/16808"}],"wp:attachment":[{"href":"https:\/\/annabis.es\/pt-pt\/wp-json\/wp\/v2\/media?parent=17853"}],"wp:term":[{"taxonomy":"product_brand","embeddable":true,"href":"https:\/\/annabis.es\/pt-pt\/wp-json\/wp\/v2\/product_brand?post=17853"},{"taxonomy":"product_cat","embeddable":true,"href":"https:\/\/annabis.es\/pt-pt\/wp-json\/wp\/v2\/product_cat?post=17853"},{"taxonomy":"product_tag","embeddable":true,"href":"https:\/\/annabis.es\/pt-pt\/wp-json\/wp\/v2\/product_tag?post=17853"}],"curies":[{"name":"wp","href":"https:\/\/api.w.org\/{rel}","templated":true}]}}