{"id":17854,"date":"2023-08-31T13:35:16","date_gmt":"2023-08-31T11:35:16","guid":{"rendered":"https:\/\/annabis.es\/producto\/activecann-cbd-cbg-efeito-calor-cbd-creme-para-massagem-com-efeito-calor\/"},"modified":"2023-08-31T13:35:16","modified_gmt":"2023-08-31T11:35:16","slug":"activecann-cbd-cbg-efeito-calor-cbd-creme-para-massagem-com-efeito-calor","status":"publish","type":"product","link":"https:\/\/annabis.es\/pt-pt\/producto\/activecann-cbd-cbg-efeito-calor-cbd-creme-para-massagem-com-efeito-calor\/","title":{"rendered":"ACTIVECANN CBD + CBG EFEITO CALOR &#8211; CBD Creme para Massagem com Efeito Calor"},"content":{"rendered":"<p><strong>Modo de utiliza\u00e7\u00e3o: <\/strong>Aplique na \u00e1rea desejada no m\u00e1ximo 2 vezes ao dia realizando uma massagem suave at\u00e9 a sua absor\u00e7\u00e3o, com um intervalo de 4 horas entre cada aplica\u00e7\u00e3o.<\/p>\n<p><strong>Ingredientes naturais:  <\/strong><\/p>\n<p>Este creme CBD tem uma f\u00f3rmula vegana, n\u00e3o gordurosa e de f\u00e1cil absor\u00e7\u00e3o que combina ingredientes da planta Cannabis Sativa L. com at\u00e9 16 outros ingredientes ativos naturais, como prata coloidal, c\u00e2nfora e \u00f3leo de cajeput, entre outros. Esta combina\u00e7\u00e3o torna este creme CBD \u00fanico com ingredientes vegetais que proporcionam um efeito reconfortante e revigorante. Al\u00e9m de CBD e CBG, o gel Activecann tem um efeito t\u00e9rmico e cont\u00e9m mais de 16 ingredientes naturais, tais como:  <\/p>\n<ul>\n<li>600 mg CBD (Canabidiol)<\/li>\n<li>20 mg CBG (Cannabigerol)<\/li>\n<li>\u00d3leo de Semente de C\u00e2nhamo Org\u00e2nico (\u00d3leo de Semente de Cannabis Sativa)<\/li>\n<li>C\u00e2nfora (C\u00e2nfora)<\/li>\n<li>Extrato de Resina Boswellia Serrata<\/li>\n<li>Extrato de confrei (extrato de raiz de Symphytum officinale)<\/li>\n<li>Extrato de castanha indiana (Extrato de Aesculus Hippocastanum)<\/li>\n<li>\u00d3leo de Cajeput (Melaleuca Leucadendron Cajaput Oil)<\/li>\n<li>Eucalipto (\u00f3leo de folha de Eucalyptus globulus)<\/li>\n<li>\u00d3leo de Canela (\u00d3leo de casca de Cinnamomum Zeylanicum)<\/li>\n<li>Extrato de capsaicina (Capsicum frutescens extrato de fruta)<\/li>\n<li>Extrato de gengibre (Extrato de raiz de Zingiber officinale)<\/li>\n<li>Extrato de benzo\u00edna (Extrato de resina Styrax Tonkinensis)<\/li>\n<li>Extrato de Folha de Alecrim (Extrato de Folha de Rosmarinus Officinalis)<\/li>\n<li>Prata coloidal<\/li>\n<li>Extrato de Tomilho (\u00d3leo de Thymus Vulgaris)<\/li>\n<\/ul>\n<p>&nbsp;<\/p>\n<p><strong>Avisos<\/strong>: Este creme CBD \u00e9 um produto cosm\u00e9tico para aplica\u00e7\u00e3o externa. N\u00e3o administrar a doentes com hipersensibilidade conhecida a qualquer um dos componentes utilizados. N\u00e3o aplique \u00e0 volta dos olhos, pele danificada ou membranas mucosas. Ap\u00f3s a aplica\u00e7\u00e3o, lave as m\u00e3os com bastante \u00e1gua. N\u00e3o \u00e9 adequado para crian\u00e7as com menos de 3 anos de idade. <b>Ingredientes (INCI): <\/b>\u00c1gua\/\u00c1gua, Glicerina, \u00c1lcool Denat., \u00d3leo de <strong>Semente de Cannabis Sativa<\/strong>*, C\u00e2nfora, Extrato de Resina de Boswellia Serrata, <strong>Canabidiol<\/strong>, Extrato de Raiz de Symphytum Officinale, Extrato de Aesculus Hippocastanum, \u00d3leo de Melaleuca Leucadendron Cajaput, \u00d3leo de Folha de Eucalipto Globulus, \u00d3leo de Casca de Cinnamomum Zeylanicum, Extrato de Fruta de Capsicum Frutescens, Extrato de Raiz de Zingiber Officinale, Extrato de Resina de Styrax Tonkinensis, Extrato de Folha de Rosmarinus Officinalis, Prata Coloidal, <strong>Cannabigerol<\/strong>, \u00d3leo de Thymus Vulgaris, \u00d3leo de Semente de Helianthus Annuus, Propilenoglicol, Poliacrilato Crosspolymer-11; Poliquaternium-7; Cinamal, Eugenol, Limoneno, Linalol, Benzoato de Benzilo, \u00c1lcool Cinnam\u00edlico, Geraniol, Isoeugenol, Cumarina, \u00c1cido Benzoico. *org\u00e2nico    <\/p>\n","protected":false},"excerpt":{"rendered":"<h2>Creme CBD com efeito t\u00e9rmico para uma massagem intensiva &#8211; Nova f\u00f3rmula de calor Arthrocann<\/h2>\n<p>Activecann efeito de calor \u00e9 um creme de massagem CBD de a\u00e7\u00e3o intensiva com um efeito t\u00e9rmico dando uma agrad\u00e1vel sensa\u00e7\u00e3o de calor, \u00e0 base de cannabis com um alto teor de CBD, CBG, \u00f3leo de semente de c\u00e2nhamo org\u00e2nico e capsaicina, que lhe d\u00e1 uma sensa\u00e7\u00e3o t\u00e9rmica reconfortante e tonificante para o cuidado da pele em \u00e1reas afetadas pela fadiga muscular. Uma f\u00f3rmula melhorada de creme de cannabis Arthrocann com um gel de efeito t\u00e9rmico, para preven\u00e7\u00e3o, al\u00edvio e conforto da pele afetada pelo desconforto muscular. Os fitocanabin\u00f3ides inclu\u00eddos na sua f\u00f3rmula (CBD ou CBG) atuam no sistema endocanabin\u00f3ide, proporcionando maior al\u00edvio e bem-estar na \u00e1rea aplicada gra\u00e7as ao seu efeito reconfortante. Activecann gel n\u00e3o produz quaisquer efeitos psicoativos ou narc\u00f3ticos. <strong>Embalagem:<\/strong> 75 ml<\/p>\n<ul>\n<li>F\u00f3rmula vegan<\/li>\n<li>95% de ingredientes naturais<\/li>\n<li>3% de ingredientes de cannabis<\/li>\n<li>Dermatologicamente testado<\/li>\n<\/ul>\n","protected":false},"featured_media":18823,"comment_status":"closed","ping_status":"closed","template":"","meta":{"_acf_changed":false,"_et_pb_use_builder":"","_et_pb_old_content":"","_et_gb_content_width":""},"product_brand":[],"product_cat":[3596,3869,3639,3619],"product_tag":[3633,3879,3634,3635],"class_list":{"0":"post-17854","1":"product","2":"type-product","3":"status-publish","4":"has-post-thumbnail","6":"product_cat-alivio-e-massagem","7":"product_cat-cbd-cbg-cremes","8":"product_cat-novos-produtos-de-cannabis","9":"product_cat-produtos-veganos","10":"product_tag-articulacoes","11":"product_tag-ligamentos-pt-pt","12":"product_tag-massagem","13":"product_tag-musculos-pt-pt","15":"first","16":"instock","17":"featured","18":"taxable","19":"shipping-taxable","20":"purchasable","21":"product-type-simple"},"acf":[],"_links":{"self":[{"href":"https:\/\/annabis.es\/pt-pt\/wp-json\/wp\/v2\/product\/17854","targetHints":{"allow":["GET"]}}],"collection":[{"href":"https:\/\/annabis.es\/pt-pt\/wp-json\/wp\/v2\/product"}],"about":[{"href":"https:\/\/annabis.es\/pt-pt\/wp-json\/wp\/v2\/types\/product"}],"replies":[{"embeddable":true,"href":"https:\/\/annabis.es\/pt-pt\/wp-json\/wp\/v2\/comments?post=17854"}],"wp:featuredmedia":[{"embeddable":true,"href":"https:\/\/annabis.es\/pt-pt\/wp-json\/wp\/v2\/media\/18823"}],"wp:attachment":[{"href":"https:\/\/annabis.es\/pt-pt\/wp-json\/wp\/v2\/media?parent=17854"}],"wp:term":[{"taxonomy":"product_brand","embeddable":true,"href":"https:\/\/annabis.es\/pt-pt\/wp-json\/wp\/v2\/product_brand?post=17854"},{"taxonomy":"product_cat","embeddable":true,"href":"https:\/\/annabis.es\/pt-pt\/wp-json\/wp\/v2\/product_cat?post=17854"},{"taxonomy":"product_tag","embeddable":true,"href":"https:\/\/annabis.es\/pt-pt\/wp-json\/wp\/v2\/product_tag?post=17854"}],"curies":[{"name":"wp","href":"https:\/\/api.w.org\/{rel}","templated":true}]}}