{"id":17855,"date":"2023-09-27T12:59:33","date_gmt":"2023-09-27T10:59:33","guid":{"rendered":"https:\/\/annabis.es\/producto\/balsamo-de-cannabis-organico-mallacan\/"},"modified":"2023-09-27T12:59:33","modified_gmt":"2023-09-27T10:59:33","slug":"balsamo-de-cannabis-organico-mallacan","status":"publish","type":"product","link":"https:\/\/annabis.es\/pt-pt\/producto\/balsamo-de-cannabis-organico-mallacan\/","title":{"rendered":"B\u00e1lsamo de cannabis org\u00e2nico Mallacan"},"content":{"rendered":"<p><strong>Ingredientes (INCI)<\/strong> \u00d3leo de Fruta Olea Europaea*, \u00d3leo de Semente de Cannabis Sativa*, Estearato de Glicerilo, Extrato de Semente de Cannabis Sativa, Tocoferol, \u00d3leo de Casca de Amyris Balsamifera, \u00d3leo de Casca de Cedrus Atlantika, \u00d3leo de Lavandula Angustifolia, \u00d3leo de Folha de Myrtus Communis, Linalol, Limoneno.* Avisos org\u00e2nicos <strong>:<\/strong> Destinado a c\u00e3es, gatos, cavalos, para todas as ra\u00e7as. Apenas para uso veterin\u00e1rio. N\u00e3o utilizar em animais criados para alimenta\u00e7\u00e3o. Apenas para uso externo. Evite o contacto com os olhos. Procure ajuda m\u00e9dica em caso de ingest\u00e3o acidental.<\/p>\n","protected":false},"excerpt":{"rendered":"<p><span style=\"font-weight: 400;\">O b\u00e1lsamo org\u00e2nico de cannabis MALLACAN \u00e9 uma pomada com uma textura densa e concentrada adequada para o cuidado da pele seca, rachada, com comich\u00e3o ou irritada. O seu elevado teor de \u00e1cidos gordos insaturados \u00f3mega 3-6 e uma combina\u00e7\u00e3o \u00fanica de extratos bot\u00e2nicos, proporciona um efeito emoliente, nutrindo a pele do animal. Ideal para pele seca e danificada.  <\/span><\/p>\n<p><b>Modo de usar: <\/b><span style=\"font-weight: 400;\">aplique o creme massajando suavemente na \u00e1rea desejada da pele v\u00e1rias vezes ao dia.<\/span> <strong>Formato: <\/strong>50 ml Mallacan pomada de cannabis org\u00e2nica, com uma combina\u00e7\u00e3o \u00fanica de subst\u00e2ncias ativas:<\/p>\n<ul>\n<li>\u00d3leo e extrato de sementes de c\u00e2nhamo<\/li>\n<li>\u00d3leo de s\u00e2ndalo<\/li>\n<li>\u00d3leo de cedro do Atl\u00e2ntico<\/li>\n<li>\u00d3leo de Lavanda<\/li>\n<li>\u00d3leo de murta<\/li>\n<li>Vitamina E<\/li>\n<\/ul>\n","protected":false},"featured_media":16807,"comment_status":"open","ping_status":"closed","template":"","meta":{"_acf_changed":false,"_et_pb_use_builder":"","_et_pb_old_content":"","_et_gb_content_width":""},"product_brand":[],"product_cat":[3873],"product_tag":[],"class_list":{"0":"post-17855","1":"product","2":"type-product","3":"status-publish","4":"has-post-thumbnail","6":"product_cat-produtos-veterinarios","8":"first","9":"instock","10":"taxable","11":"shipping-taxable","12":"purchasable","13":"product-type-simple"},"acf":[],"_links":{"self":[{"href":"https:\/\/annabis.es\/pt-pt\/wp-json\/wp\/v2\/product\/17855","targetHints":{"allow":["GET"]}}],"collection":[{"href":"https:\/\/annabis.es\/pt-pt\/wp-json\/wp\/v2\/product"}],"about":[{"href":"https:\/\/annabis.es\/pt-pt\/wp-json\/wp\/v2\/types\/product"}],"replies":[{"embeddable":true,"href":"https:\/\/annabis.es\/pt-pt\/wp-json\/wp\/v2\/comments?post=17855"}],"wp:featuredmedia":[{"embeddable":true,"href":"https:\/\/annabis.es\/pt-pt\/wp-json\/wp\/v2\/media\/16807"}],"wp:attachment":[{"href":"https:\/\/annabis.es\/pt-pt\/wp-json\/wp\/v2\/media?parent=17855"}],"wp:term":[{"taxonomy":"product_brand","embeddable":true,"href":"https:\/\/annabis.es\/pt-pt\/wp-json\/wp\/v2\/product_brand?post=17855"},{"taxonomy":"product_cat","embeddable":true,"href":"https:\/\/annabis.es\/pt-pt\/wp-json\/wp\/v2\/product_cat?post=17855"},{"taxonomy":"product_tag","embeddable":true,"href":"https:\/\/annabis.es\/pt-pt\/wp-json\/wp\/v2\/product_tag?post=17855"}],"curies":[{"name":"wp","href":"https:\/\/api.w.org\/{rel}","templated":true}]}}