{"id":17856,"date":"2024-01-15T17:40:19","date_gmt":"2024-01-15T15:40:19","guid":{"rendered":"https:\/\/annabis.es\/producto\/activecann-cardio-healthy-heart-suplemento-dietetico-com-60-comprimidos\/"},"modified":"2024-01-15T17:40:19","modified_gmt":"2024-01-15T15:40:19","slug":"activecann-cardio-healthy-heart-suplemento-dietetico-com-60-comprimidos","status":"publish","type":"product","link":"https:\/\/annabis.es\/pt-pt\/producto\/activecann-cardio-healthy-heart-suplemento-dietetico-com-60-comprimidos\/","title":{"rendered":"ACTIVECANN Cardio &#8211; Healthy Heart &#8211; Suplemento diet\u00e9tico com 60 comprimidos"},"content":{"rendered":"<p><strong>Ingredientes:<\/strong> agente de volume (celulose microcristalina), lecitina de soja, extrato seco de raiz de dente-de-le\u00e3o (Taraxacum officinale (L.) Weber ex F.H.Wigg.), inulina (de Cichorium intybus root L.), extrato seco de folha de ch\u00e1 verde (Camellia sinensis L.), vitamina C (\u00e1cido L-asc\u00f3rbico), vitamina E (acetato de DL-\u03b1-tocoferol), extrato de arroz vermelho fermentado (Monascus purpureus),  L-selenometionina (de Saccharomyces cerevisiae); estabilizador (carboximetilcelulose s\u00f3dica), antiaglomerante (di\u00f3xido de sil\u00edcio), niacina (nicotinamida), antiaglomerante (sais de magn\u00e9sio de \u00e1cidos gordos), p\u00f3 de sementes de c\u00e2nhamo (Cannabis sativa L.). Pode conter vest\u00edgios de tremo\u00e7os e produtos \u00e0 base de tremo\u00e7o. <strong>Embalagem:<\/strong> 60 comprimidos. Os comprimidos ACTIVECANN Cardio cont\u00eam uma combina\u00e7\u00e3o \u00fanica de subst\u00e2ncias ativas:  <\/p>\n<table class=\"demo\" style=\"height: 231px;\">\n<caption> <\/caption>\n<thead>\n<tr style=\"height: 23px;\">\n<th style=\"width: 282px; height: 23px;\">Ingredientes<\/th>\n<th style=\"width: 125px; height: 23px;\">1 comp. \/ % NRV <\/th>\n<\/tr>\n<\/thead>\n<tbody>\n<tr style=\"height: 23px;\">\n<td style=\"width: 282px; height: 23px;\"> Lecitina de soja em p\u00f3<\/td>\n<td style=\"width: 125px; height: 23px;\"> 200 mg gen\u00e9rico<\/td>\n<\/tr>\n<tr style=\"height: 47px;\">\n<td style=\"width: 282px; height: 47px;\"> Extrato de arroz de levedura<\/td>\n<p> vermelha <\/p>\n<td style=\"width: 125px; height: 47px;\"> 29 mg \/1,45 mg de monacolina K<\/td>\n<\/tr>\n<tr style=\"height: 23px;\">\n<td style=\"width: 282px; height: 23px;\"> Inulina de chic\u00f3ria<\/td>\n<td style=\"width: 125px; height: 23px;\"> 100 mg \/ 88 mg de inulina<\/td>\n<\/tr>\n<tr style=\"height: 23px;\">\n Extrato <\/p>\n<td style=\"width: 282px; height: 23px;\"> de dente-de-le\u00e3o<\/td>\n<td style=\"width: 125px; height: 23px;\"> 100 mg\/3 mg flavonoides<\/td>\n<\/tr>\n<tr style=\"height: 23px;\">\n Extrato de Ch\u00e1 <\/p>\n<td style=\"width: 282px; height: 23px;\"> Verde<\/td>\n<td style=\"width: 125px; height: 23px;\"> 100 mg\/50 mg polifen\u00f3is\/polifenois, 30 mg catequinas, 10 mg EGCG<\/td>\n<\/tr>\n<tr style=\"height: 23px;\">\n<td style=\"width: 282px; height: 23px;\"> P\u00f3 de sementes de<\/td>\n<p> Cannabis sativa L.<\/p>\n<td style=\"width: 125px; height: 23px;\"> 7,5 mg gen\u00e9rico<\/td>\n<\/tr>\n<tr>\n<td style=\"width: 282px;\"> Vitamina C<\/td>\n<td style=\"width: 125px;\"> 80mg\/100%<\/td>\n<\/tr>\n<tr style=\"height: 23px;\">\n<td style=\"width: 282px; height: 23px;\"> Niacina (vitamina B3)<\/td>\n<td style=\"width: 125px; height: 23px;\"> 30 mg \/ 187,5%<\/td>\n<\/tr>\n<tr style=\"height: 23px;\">\n<td style=\"width: 282px; height: 23px;\"> Vitamina E<\/td>\n<td style=\"width: 125px; height: 23px;\"> 14,9 mg \/ 124%<\/td>\n<\/tr>\n<tr>\n<td style=\"width: 282px;\"> Sel\u00e9nio<\/td>\n<td style=\"width: 125px;\"> 28 \u03bcg \/ 50,5%<\/td>\n<\/tr>\n<\/tbody>\n<\/table>\n<p>NRV &#8211; Nutrient Reference Values <strong>Warnings: <\/strong>Os suplementos alimentares n\u00e3o devem ser utilizados como substitutos de uma dieta variada e equilibrada ou de um estilo de vida saud\u00e1vel. N\u00e3o exceda a dose di\u00e1ria recomendada. Manter fora do alcance de crian\u00e7as pequenas. N\u00e3o consuma a quantidade di\u00e1ria de 3 mg de monacolinas de arroz fermentado com levedura vermelha ou mais ou a quantidade di\u00e1ria de 800 mg ou mais de (\u2013) epigalocatequina 3-galato (EGCG). N\u00e3o consumir por mulheres gr\u00e1vidas ou a amamentar, com menos de 18 anos de idade ou mais de 70 anos de idade. Procure aconselhamento m\u00e9dico sobre o consumo deste produto se tiver algum problema de sa\u00fade. N\u00e3o consuma se estiver a tomar medicamentos para baixar o colesterol. N\u00e3o consuma se j\u00e1 estiver a consumir outros produtos que contenham levedura vermelha, arroz ou ch\u00e1 verde. N\u00e3o tome com o est\u00f4mago vazio. O consumo excessivo pode causar desconforto intestinal. Evite o consumo com medicamentos e outros suplementos alimentares \u00e0 base de fibras. Armazenar em local fresco e seco, longe de qualquer fonte de calor ou luz direta. Ingredientes: agente<\/p>\n","protected":false},"excerpt":{"rendered":"<div class=\"highlighted-green\">\n<p class=\"p1\">A inulina, destacando-se nesta f\u00f3rmula, exibe a sua capacidade de promover a sa\u00fade cardiovascular. Entretanto, a niacina e a vitamina C juntam-se para apoiar o normal metabolismo produtor de energia. Em um esfor\u00e7o conjunto, as vitaminas C, E, niacina e sel\u00eanio fortalecem as defesas antioxidantes, fornecendo uma prote\u00e7\u00e3o abrangente contra o estresse oxidativo e seus efeitos adversos nas c\u00e9lulas.  <\/p>\n<p>Mais do que um simples suplemento, <strong>ACTIVECANN Cardio<\/strong> representa uma alian\u00e7a harmoniosa de nutrientes chave para aqueles que procuram n\u00e3o s\u00f3 manter um cora\u00e7\u00e3o saud\u00e1vel, mas tamb\u00e9m preservar a integridade celular face \u00e0s tens\u00f5es ambientais. Uma escolha s\u00e1bia para promover a vitalidade do cora\u00e7\u00e3o e o bem-estar celular de longa dura\u00e7\u00e3o. <\/p>\n<\/div>\n<div class=\"highlighted-green\"><\/div>\n<div class=\"highlighted-green\"><strong><strong>Dosagem recomendada: <\/strong><\/strong>1 comprimido duas vezes por dia \u00e0s refei\u00e7\u00f5es (manh\u00e3 e meio-dia). Tome os comprimidos durante pelo menos 2 meses para obter os melhores resultados. <\/div>\n<div class=\"highlighted-green\">\n<p><strong>Formato<\/strong>: 60 comprimidos.<\/p>\n<\/div>\n","protected":false},"featured_media":16853,"comment_status":"open","ping_status":"closed","template":"","meta":{"_acf_changed":false,"_et_pb_use_builder":"","_et_pb_old_content":"","_et_gb_content_width":""},"product_brand":[],"product_cat":[3800,3639,3876,3619],"product_tag":[3633,3877,3879,3880,3878],"class_list":{"0":"post-17856","1":"product","2":"type-product","3":"status-publish","4":"has-post-thumbnail","6":"product_cat-cuidados-com-o-corpo","7":"product_cat-novos-produtos-de-cannabis","8":"product_cat-nutricao","9":"product_cat-produtos-veganos","10":"product_tag-articulacoes","11":"product_tag-cartilagem","12":"product_tag-ligamentos-pt-pt","13":"product_tag-nutricao-articular","14":"product_tag-suplemento-alimentar","16":"first","17":"instock","18":"taxable","19":"shipping-taxable","20":"purchasable","21":"product-type-simple"},"acf":[],"_links":{"self":[{"href":"https:\/\/annabis.es\/pt-pt\/wp-json\/wp\/v2\/product\/17856","targetHints":{"allow":["GET"]}}],"collection":[{"href":"https:\/\/annabis.es\/pt-pt\/wp-json\/wp\/v2\/product"}],"about":[{"href":"https:\/\/annabis.es\/pt-pt\/wp-json\/wp\/v2\/types\/product"}],"replies":[{"embeddable":true,"href":"https:\/\/annabis.es\/pt-pt\/wp-json\/wp\/v2\/comments?post=17856"}],"wp:featuredmedia":[{"embeddable":true,"href":"https:\/\/annabis.es\/pt-pt\/wp-json\/wp\/v2\/media\/16853"}],"wp:attachment":[{"href":"https:\/\/annabis.es\/pt-pt\/wp-json\/wp\/v2\/media?parent=17856"}],"wp:term":[{"taxonomy":"product_brand","embeddable":true,"href":"https:\/\/annabis.es\/pt-pt\/wp-json\/wp\/v2\/product_brand?post=17856"},{"taxonomy":"product_cat","embeddable":true,"href":"https:\/\/annabis.es\/pt-pt\/wp-json\/wp\/v2\/product_cat?post=17856"},{"taxonomy":"product_tag","embeddable":true,"href":"https:\/\/annabis.es\/pt-pt\/wp-json\/wp\/v2\/product_tag?post=17856"}],"curies":[{"name":"wp","href":"https:\/\/api.w.org\/{rel}","templated":true}]}}