{"id":17860,"date":"2024-01-15T17:54:03","date_gmt":"2024-01-15T15:54:03","guid":{"rendered":"https:\/\/annabis.es\/producto\/sleepcann-sleep-and-relax-comprimidos-naturais-60-comp\/"},"modified":"2024-01-15T17:54:03","modified_gmt":"2024-01-15T15:54:03","slug":"sleepcann-sleep-and-relax-comprimidos-naturais-60-comp","status":"publish","type":"product","link":"https:\/\/annabis.es\/pt-pt\/producto\/sleepcann-sleep-and-relax-comprimidos-naturais-60-comp\/","title":{"rendered":"SLEEPCANN &#8211; Sleep and Relax &#8211; Comprimidos naturais 60 comp."},"content":{"rendered":"<p><strong>Ingredientes:<\/strong> agente de volume (celulose microcristalina), L-triptofano, extrato seco de raiz de ashwagandha (Withania somnifera (L.) Dunal), extrato seco de flores de maracuj\u00e1 (Passiflora incarnata L.), extrato seco de flores de erva-cidreira (Melissa officinalis L.), extrato seco de folhas de ch\u00e1 verde (Camellia sinensis (L.) Kuntze), niacina (nicotinamida), estabilizador (carboximetilcelulose s\u00f3dica), p\u00f3 de sementes de c\u00e2nhamo (Cannabis sativa L.),  estabilizador (hidroxipropilmetilcelulose), agentes antiaglomerantes (di\u00f3xido de sil\u00edcio, sais de magn\u00e9sio de \u00e1cidos gordos), vitamina B6 (cloridrato de piridoxina). <strong>Embalagem:<\/strong> 60 comprimidos. <strong>Os comprimidos de SLEEPCANN<\/strong> cont\u00eam uma combina\u00e7\u00e3o \u00fanica de subst\u00e2ncias ativas:<\/p>\n<table class=\"demo\">\n<caption> <\/caption>\n<thead>\n<tr>\n<th style=\"width: 282px;\">Ingredientes<\/th>\n<th style=\"width: 125px;\">1 comp. \/ % NRV <\/th>\n<\/tr>\n<\/thead>\n<tbody>\n<tr>\n<td style=\"width: 282px;\"> L-triptofano<\/td>\n<td style=\"width: 125px;\"> 200 mg gen\u00e9rico<\/td>\n<\/tr>\n<tr>\n<td style=\"width: 282px;\"> Extrato de Ashwagandha 5:1 Withanolides<\/td>\n<td style=\"width: 125px;\"> 200 mg\/14,52 mg gen\u00e9rico<\/td>\n<\/tr>\n<tr>\n<td style=\"width: 282px;\"> Extrato de Maracuj\u00e1 10:1<\/td>\n<td style=\"width: 125px;\"> 100 mg gen\u00e9rico<\/td>\n<\/tr>\n<tr>\n<td style=\"width: 282px;\"> Extrato de erva-cidreira 10:1<\/td>\n<td style=\"width: 125px;\"> 175 mg gen\u00e9rico<\/td>\n<\/tr>\n<tr>\n<td style=\"width: 282px;\"> Extrato de Ch\u00e1 Verde &#8211; L-Theanine<\/td>\n<td style=\"width: 125px;\"> 40,82 mg \/ 40 mg<\/td>\n<\/tr>\n<tr>\n<td style=\"width: 282px;\"> P\u00f3 de sementes de<\/td>\n<p> Cannabis sativa L.<\/p>\n<td style=\"width: 125px;\"> 15 mg gen\u00e9rico<\/td>\n<\/tr>\n<tr>\n<td style=\"width: 282px;\"> Niacina (vitamina B3)<\/td>\n<td style=\"width: 125px;\"> 30 mg \/ 187,5%<\/td>\n<\/tr>\n<tr>\n<td style=\"width: 282px;\"> Vitamina B6<\/td>\n<td style=\"width: 125px;\"> 2,8 mg \/ 200%<\/td>\n<\/tr>\n<\/tbody>\n<\/table>\n<p>NRV &#8211; Nutrient Reference Values <strong>Warnings: <\/strong>Se estiver a tomar medicamentos para ins\u00f3nias ou antidepressivos, recomendamos que consulte um farmac\u00eautico ou m\u00e9dico. N\u00e3o exceda a dose di\u00e1ria expressamente recomendada. N\u00e3o utilizar com hipersensibilidade conhecida a qualquer um dos componentes do medicamento. N\u00e3o \u00e9 adequado para mulheres gr\u00e1vidas ou a amamentar e crian\u00e7as. N\u00e3o utilize durante longos per\u00edodos sem consultar o seu m\u00e9dico. Os suplementos alimentares n\u00e3o devem ser utilizados como substitutos de um regime alimentar equilibrado e variado ou de um estilo de vida saud\u00e1vel. Armazenar em local fresco e seco, longe de qualquer fonte de calor ou luz direta. Manter fora do alcance de crian\u00e7as pequenas. Pode conter vest\u00edgios de soja e tremo\u00e7os.<\/p>\n","protected":false},"excerpt":{"rendered":"<div class=\"highlighted-green\">\n<p>A vitamina B6 e a niacina desempenham um papel crucial na contribui\u00e7\u00e3o para o normal funcionamento do sistema nervoso e na redu\u00e7\u00e3o da sensa\u00e7\u00e3o de cansa\u00e7o e fadiga. Em paralelo, ashwagandha emerge como um aliado valioso, ajudando o corpo na gest\u00e3o do stress, e facilitando a transi\u00e7\u00e3o para um sono repousante. Este suplemento destaca-se como uma op\u00e7\u00e3o inteligente para quem procura n\u00e3o s\u00f3 melhorar a sua noite de descanso, mas tamb\u00e9m promover um bem-estar abrangente do sistema nervoso, oferecendo uma solu\u00e7\u00e3o completa para revitalizar o sono e relaxamento profundo.  <\/p>\n<\/div>\n<div class=\"highlighted-green\"><\/div>\n<div class=\"highlighted-green\"><strong><strong>Dosagem recomendada:<\/strong><\/strong> <span class=\"s1\">1 <\/span>comprimido por dia, meia hora antes de deitar, 2 comprimidos, se necess\u00e1rio. Recomenda-se tomar por pelo menos 2 meses para melhores resultados <\/div>\n<div class=\"highlighted-green\">\n<p><strong>Formato<\/strong>: 60 comprimidos.<\/p>\n<\/div>\n","protected":false},"featured_media":16832,"comment_status":"closed","ping_status":"closed","template":"","meta":{"_acf_changed":false,"_et_pb_use_builder":"","_et_pb_old_content":"","_et_gb_content_width":""},"product_brand":[],"product_cat":[3800,3639,3876,3619],"product_tag":[3633,3877,3879,3880,3878],"class_list":{"0":"post-17860","1":"product","2":"type-product","3":"status-publish","4":"has-post-thumbnail","6":"product_cat-cuidados-com-o-corpo","7":"product_cat-novos-produtos-de-cannabis","8":"product_cat-nutricao","9":"product_cat-produtos-veganos","10":"product_tag-articulacoes","11":"product_tag-cartilagem","12":"product_tag-ligamentos-pt-pt","13":"product_tag-nutricao-articular","14":"product_tag-suplemento-alimentar","16":"first","17":"instock","18":"taxable","19":"shipping-taxable","20":"purchasable","21":"product-type-simple"},"acf":[],"_links":{"self":[{"href":"https:\/\/annabis.es\/pt-pt\/wp-json\/wp\/v2\/product\/17860","targetHints":{"allow":["GET"]}}],"collection":[{"href":"https:\/\/annabis.es\/pt-pt\/wp-json\/wp\/v2\/product"}],"about":[{"href":"https:\/\/annabis.es\/pt-pt\/wp-json\/wp\/v2\/types\/product"}],"replies":[{"embeddable":true,"href":"https:\/\/annabis.es\/pt-pt\/wp-json\/wp\/v2\/comments?post=17860"}],"wp:featuredmedia":[{"embeddable":true,"href":"https:\/\/annabis.es\/pt-pt\/wp-json\/wp\/v2\/media\/16832"}],"wp:attachment":[{"href":"https:\/\/annabis.es\/pt-pt\/wp-json\/wp\/v2\/media?parent=17860"}],"wp:term":[{"taxonomy":"product_brand","embeddable":true,"href":"https:\/\/annabis.es\/pt-pt\/wp-json\/wp\/v2\/product_brand?post=17860"},{"taxonomy":"product_cat","embeddable":true,"href":"https:\/\/annabis.es\/pt-pt\/wp-json\/wp\/v2\/product_cat?post=17860"},{"taxonomy":"product_tag","embeddable":true,"href":"https:\/\/annabis.es\/pt-pt\/wp-json\/wp\/v2\/product_tag?post=17860"}],"curies":[{"name":"wp","href":"https:\/\/api.w.org\/{rel}","templated":true}]}}