{"id":17862,"date":"2024-01-30T14:01:52","date_gmt":"2024-01-30T12:01:52","guid":{"rendered":"https:\/\/annabis.es\/producto\/activecann-forte-cbd-cream-1800mg-de-canabidiol-para-massagem-20-bonus\/"},"modified":"2024-01-30T14:01:52","modified_gmt":"2024-01-30T12:01:52","slug":"activecann-forte-cbd-cream-1800mg-de-canabidiol-para-massagem-20-bonus","status":"publish","type":"product","link":"https:\/\/annabis.es\/pt-pt\/producto\/activecann-forte-cbd-cream-1800mg-de-canabidiol-para-massagem-20-bonus\/","title":{"rendered":"ACTIVECANN FORTE+ CBD CREAM 1800mg de Canabidiol para massagem +20% B\u00d4NUS!"},"content":{"rendered":"<p>Activecann Gel Forte+ CBD 1800 mg cont\u00e9m uma combina\u00e7\u00e3o \u00fanica de ingredientes ativos exclusivamente selecionados, tais como:<\/p>\n<ul>\n<li>CBD (Canabidiol) &#8211; 1.800 mg<\/li>\n<li>\u00d3leo de sementes de c\u00e2nhamo biol\u00f3gico<\/li>\n<li>C\u00e2nfora<\/li>\n<li>\u00d3leo de melaleuca<\/li>\n<li>Prata coloidal<\/li>\n<li>Extrato de castanha da \u00cdndia<\/li>\n<li>Extrato de confrei comum<\/li>\n<li>Extrato de tomilho comum<\/li>\n<\/ul>\n<p><strong>Como usar \/ Avisos<\/strong>: Aplique conforme necess\u00e1rio na \u00e1rea desejada, realizando uma massagem suave para absor\u00e7\u00e3o completa. N\u00e3o \u00e9 adequado para uso interno. N\u00e3o \u00e9 adequado para crian\u00e7as com menos de 3 anos de idade. Manter fora do alcance das crian\u00e7as. N\u00e3o utilizar na face ou em feridas abertas. Evite o contacto com os olhos. Em caso de contacto com os olhos, lave imediatamente com \u00e1gua. Poss\u00edveis al\u00e9rgenos: <i>limoneno, linalol, benzoato de benzilo, \u00e1cido benzoico. <\/i>Produto apenas para uso t\u00f3pico, n\u00e3o adequado para ingest\u00e3o. <b>Ingredientes (INCI): <\/b>\u00c1gua\/\u00c1gua, \u00c1lcool Denat., Glicerina, \u00d3leo de Semente de Cannabis Sativa*, Canabidiol, C\u00e2nfora, Prata Coloidal, Extrato de Aesculus Hippocastanum, Extrato de Raiz de Symphytum Officinale, Extrato de Resina de Styrax Tonkinensis, \u00d3leo de Timo Vulgar, \u00d3leo de Melaleuca Leucadendron Cajaput, Poliacrilato Crosspolymer-11, Poliquaternium-7; <i>Limoneno, linalol, benzoato de benzilo, \u00e1cido benzoico.<\/i> *org\u00e2nico       <\/p>\n","protected":false},"excerpt":{"rendered":"<p>Activecann Forte+ 1800mg CBD \u00e9 um creme concentrado CBD projetado para proporcionar al\u00edvio natural, conforto e bem-estar na \u00e1rea da pele dos m\u00fasculos e articula\u00e7\u00f5es. A f\u00f3rmula \u00fanica deste gel de can\u00e1bis cont\u00e9m 1800 mg de Canabidiol, a maior quantidade do mercado, especificamente concebida para oferecer al\u00edvio imediato atrav\u00e9s de massagens localizadas na pele de tend\u00f5es, costas, articula\u00e7\u00f5es e ligamentos. Seu alto teor de CBD contribui para um efeito calmante e relaxante. O canabidiol (CBD) interage com o sistema endocanabinoide do organismo, proporcionando maior al\u00edvio e bem-estar na \u00e1rea de aplica\u00e7\u00e3o gra\u00e7as ao seu efeito reconfortante. Activecann n\u00e3o induz quaisquer efeitos psicoativos ou narc\u00f3ticos. A sua f\u00f3rmula vegan combina CBD com ingredientes naturais como \u00f3leo de c\u00e2nhamo oegan, c\u00e2nfora, confrei, tomilho e prata coloidal, conseguindo uma combina\u00e7\u00e3o \u00fanica e eficaz para o cuidado natural das articula\u00e7\u00f5es e m\u00fasculos. Sua embalagem sem ar permite uma dosagem conveniente e melhor conserva\u00e7\u00e3o do produto. <\/p>\n<ul>\n<li>95-96% ingredientes naturais<\/li>\n<li>3% de ingredientes de cannabis<\/li>\n<li>F\u00f3rmula vegan<\/li>\n<\/ul>\n<p><strong>Formato:<\/strong> Recipiente sem ar de 90 ml<\/p>\n","protected":false},"featured_media":18466,"comment_status":"closed","ping_status":"closed","template":"","meta":{"_acf_changed":false,"_et_pb_use_builder":"on","_et_pb_old_content":"","_et_gb_content_width":""},"product_brand":[],"product_cat":[3596,3869,3619],"product_tag":[3633,3634,3635],"class_list":{"0":"post-17862","1":"product","2":"type-product","3":"status-publish","4":"has-post-thumbnail","6":"product_cat-alivio-e-massagem","7":"product_cat-cbd-cbg-cremes","8":"product_cat-produtos-veganos","9":"product_tag-articulacoes","10":"product_tag-massagem","11":"product_tag-musculos-pt-pt","13":"first","14":"instock","15":"featured","16":"taxable","17":"shipping-taxable","18":"purchasable","19":"product-type-simple"},"acf":[],"_links":{"self":[{"href":"https:\/\/annabis.es\/pt-pt\/wp-json\/wp\/v2\/product\/17862","targetHints":{"allow":["GET"]}}],"collection":[{"href":"https:\/\/annabis.es\/pt-pt\/wp-json\/wp\/v2\/product"}],"about":[{"href":"https:\/\/annabis.es\/pt-pt\/wp-json\/wp\/v2\/types\/product"}],"replies":[{"embeddable":true,"href":"https:\/\/annabis.es\/pt-pt\/wp-json\/wp\/v2\/comments?post=17862"}],"wp:featuredmedia":[{"embeddable":true,"href":"https:\/\/annabis.es\/pt-pt\/wp-json\/wp\/v2\/media\/18466"}],"wp:attachment":[{"href":"https:\/\/annabis.es\/pt-pt\/wp-json\/wp\/v2\/media?parent=17862"}],"wp:term":[{"taxonomy":"product_brand","embeddable":true,"href":"https:\/\/annabis.es\/pt-pt\/wp-json\/wp\/v2\/product_brand?post=17862"},{"taxonomy":"product_cat","embeddable":true,"href":"https:\/\/annabis.es\/pt-pt\/wp-json\/wp\/v2\/product_cat?post=17862"},{"taxonomy":"product_tag","embeddable":true,"href":"https:\/\/annabis.es\/pt-pt\/wp-json\/wp\/v2\/product_tag?post=17862"}],"curies":[{"name":"wp","href":"https:\/\/api.w.org\/{rel}","templated":true}]}}