{"id":17865,"date":"2023-11-30T11:03:22","date_gmt":"2023-11-30T09:03:22","guid":{"rendered":"https:\/\/annabis.es\/producto\/duo-pack-activecann-gel-efeito-calor-cbdcbg-7575ml\/"},"modified":"2023-11-30T11:03:22","modified_gmt":"2023-11-30T09:03:22","slug":"duo-pack-activecann-gel-efeito-calor-cbdcbg-7575ml","status":"publish","type":"product","link":"https:\/\/annabis.es\/pt-pt\/producto\/duo-pack-activecann-gel-efeito-calor-cbdcbg-7575ml\/","title":{"rendered":"DUO PACK Activecann gel + efeito calor CBD+CBG 75+75ml"},"content":{"rendered":"<p class=\"p1\">Sua f\u00f3rmula vegana, n\u00e3o gordurosa e de f\u00e1cil absor\u00e7\u00e3o combina ingredientes da planta Cannabis Sativa L. com at\u00e9 18 ingredientes naturais, como prata coloidal, c\u00e2nfora e \u00f3leo de cajeput, entre outros. A sua combina\u00e7\u00e3o \u00fanica de ingredientes vegetais proporciona um efeito reconfortante e tonificante \u00e0 pele. <\/p>\n<p><b>ACTIVECANN CBD+CBG 75 ml  <\/b><\/p>\n<p><b>Ingredientes (INCI): <\/b>\u00c1gua\/\u00c1gua, \u00c1lcool Denat., Glicerina, \u00d3leo de Semente de Cannabis Sativa*, C\u00e2nfora, Canabidiol, Prata Coloidal, Extrato de Aesculus Hippocastanum, Extrato de Raiz de Symphytum Officinale, Extrato de Resina Styrax Tonkinensis, Cannabigerol, \u00d3leo de Timo Vulgar, \u00d3leo de Melaleuca Leucadendron Cajaputi, Poliacrilato Crosspolymer-11, Polyquaternium-7; Limoneno, linalol, benzoato de benzilo, \u00e1cido benzoico. *org\u00e2nico<\/p>\n<p><b>ACTIVECANN CBD+CBG EFEITO CALOR 75 ml  <\/b><\/p>\n<p><b>Ingredientes (INCI): <\/b>\u00c1gua\/\u00c1gua, Glicerina, \u00c1lcool Denat., \u00d3leo de Semente de Cannabis Sativa*, C\u00e2nfora, Extrato de Resina de Boswellia Serrata, Canabidiol, Extrato de Raiz de Symphytum Officinale, Extrato de Aesculus Hippocastanum, \u00d3leo de Melaleuca Leucadendron Cajaput, \u00d3leo de Folha de Eucalipto Globulus, \u00d3leo de Casca de Cinnamomum Zeylanicum, Extrato de Fruta de Capsicum Frutescens, Extrato de Raiz de Zingiber Officinale, Extrato de Resina de Styrax Tonkinensis, Extrato de Folha de Rosmarinus Officinalis, Prata Coloidal, Cannabigerol, \u00d3leo de Thymus Vulgaris,  \u00d3leo de Semente de Helianthus Annuus, Propilenoglicol, Poliacrilato Crosspolymer-11; Poliquaternium-7; Cinamal, Eugenol, Limoneno, Linalol, Benzoato de Benzilo, \u00c1lcool Cinnam\u00edlico, Geraniol, Isoeugenol, Cumarina, \u00c1cido Benzoico. *org\u00e2nico<\/p>\n","protected":false},"excerpt":{"rendered":"<p>Pacote de poupan\u00e7a dos nossos mais vendidos com um <strong>desconto de 25% na 2\u00aa unidade<\/strong>, ideal para testar a efic\u00e1cia conjunta de ACTIVECANN CBD+CBG na sua vers\u00e3o normal e efeito de calor. A sua f\u00f3rmula inclui \u00d3leo de Can\u00e1bis Org\u00e2nico, Canabidiol (CBD) e Canabigerol (CBG), fitocanabin\u00f3ides da planta Cannabis que potenciam o efeito tonificante e calmante, proporcionando uma sensa\u00e7\u00e3o imediata de conforto e bem-estar. G\u00e9is de r\u00e1pida absor\u00e7\u00e3o com a\u00e7\u00e3o imediata essenciais no seu kit de primeiros socorros para o conforto da pele afetada por desconforto articular e muscular causado por uma les\u00e3o espec\u00edfica, por uma doen\u00e7a cr\u00f3nica e tamb\u00e9m como gel desportivo ou aplica\u00e7\u00e3o p\u00f3s-desportiva, para proteger e manter a pele em boas condi\u00e7\u00f5es. <\/p>\n<ul>\n<li>95-96% ingredientes naturais<\/li>\n<li>3% de ingredientes de cannabis<\/li>\n<li>F\u00f3rmula vegan<\/li>\n<\/ul>\n<p><strong>Formato:<\/strong> Embalagem com pl\u00e1stico termoencolh\u00edvel indivis\u00edvel 75 ml + 75 ml<\/p>\n","protected":false},"featured_media":16825,"comment_status":"closed","ping_status":"closed","template":"","meta":{"_acf_changed":false,"_et_pb_use_builder":"","_et_pb_old_content":"","_et_gb_content_width":""},"product_brand":[],"product_cat":[3596,3869,3639,3619],"product_tag":[3633,3634,3635],"class_list":{"0":"post-17865","1":"product","2":"type-product","3":"status-publish","4":"has-post-thumbnail","6":"product_cat-alivio-e-massagem","7":"product_cat-cbd-cbg-cremes","8":"product_cat-novos-produtos-de-cannabis","9":"product_cat-produtos-veganos","10":"product_tag-articulacoes","11":"product_tag-massagem","12":"product_tag-musculos-pt-pt","14":"first","15":"instock","16":"sale","17":"featured","18":"taxable","19":"shipping-taxable","20":"purchasable","21":"product-type-simple"},"acf":[],"_links":{"self":[{"href":"https:\/\/annabis.es\/pt-pt\/wp-json\/wp\/v2\/product\/17865","targetHints":{"allow":["GET"]}}],"collection":[{"href":"https:\/\/annabis.es\/pt-pt\/wp-json\/wp\/v2\/product"}],"about":[{"href":"https:\/\/annabis.es\/pt-pt\/wp-json\/wp\/v2\/types\/product"}],"replies":[{"embeddable":true,"href":"https:\/\/annabis.es\/pt-pt\/wp-json\/wp\/v2\/comments?post=17865"}],"wp:featuredmedia":[{"embeddable":true,"href":"https:\/\/annabis.es\/pt-pt\/wp-json\/wp\/v2\/media\/16825"}],"wp:attachment":[{"href":"https:\/\/annabis.es\/pt-pt\/wp-json\/wp\/v2\/media?parent=17865"}],"wp:term":[{"taxonomy":"product_brand","embeddable":true,"href":"https:\/\/annabis.es\/pt-pt\/wp-json\/wp\/v2\/product_brand?post=17865"},{"taxonomy":"product_cat","embeddable":true,"href":"https:\/\/annabis.es\/pt-pt\/wp-json\/wp\/v2\/product_cat?post=17865"},{"taxonomy":"product_tag","embeddable":true,"href":"https:\/\/annabis.es\/pt-pt\/wp-json\/wp\/v2\/product_tag?post=17865"}],"curies":[{"name":"wp","href":"https:\/\/api.w.org\/{rel}","templated":true}]}}