{"id":18039,"date":"2015-06-11T16:13:52","date_gmt":"2015-06-11T14:13:52","guid":{"rendered":"https:\/\/annabis.es\/producto\/complexo-vitaminico-de-colageno-arthrocann-%c2%b7-suplemento-dietetico-natural-para-cuidados-das-articulacoes\/"},"modified":"2015-06-11T16:13:52","modified_gmt":"2015-06-11T14:13:52","slug":"complexo-vitaminico-de-colageno-arthrocann-%c2%b7-suplemento-dietetico-natural-para-cuidados-das-articulacoes","status":"publish","type":"product","link":"https:\/\/annabis.es\/pt-pt\/producto\/complexo-vitaminico-de-colageno-arthrocann-%c2%b7-suplemento-dietetico-natural-para-cuidados-das-articulacoes\/","title":{"rendered":"COMPLEXO VITAM\u00cdNICO DE COL\u00c1GENO ARTHROCANN + \u00b7 Suplemento diet\u00e9tico natural para cuidados das articula\u00e7\u00f5es"},"content":{"rendered":"<p><strong>Ingredientes:<\/strong> Sulfato de glucosamina 2 KCl (crust\u00e1ceos), colag\u00e9nio hidrolisado tipo I e II, sulfato de condroitina, agente de volume (celulose microcristalina), MSM (metilsulfonilmetano), vitamina C (\u00e1cido L-asc\u00f3rbico), sementes mo\u00eddas de Cannabis Sativa L. (Cannabis Sativa L., sementes), extrato de urtiga (Urtica dioica L., raiz), agentes antiaglomerantes (di\u00f3xido de sil\u00edcio, estearato de magn\u00e9sio), hialuronato de s\u00f3dio (\u00e1cido hialur\u00f3nico),  Extrato de gengibre 5% Gingerol (Zingiber officinale Rosc., rizoma), Extrato de c\u00farcuma 95% curcumina (Curcuma Longa L., rizoma), colecalciferol (vitamina D3), cianocobalamina (vitamina B12). O sulfato de condroitina \u00e9 obtido por fermenta\u00e7\u00e3o microbiana e sulfata\u00e7\u00e3o. <strong>Embalagem:<\/strong> 60 comprimidos. ARTHROCANN Collagen Vitamin Complex comprimidos cont\u00eam uma combina\u00e7\u00e3o \u00fanica de subst\u00e2ncias ativas: <\/p>\n<table class=\"demo\">\n<caption> <\/caption>\n<thead>\n<tr>\n<th>Ingredientes<\/th>\n<th>1 comp. \/ % NRV <\/th>\n<\/tr>\n<\/thead>\n<tbody>\n<tr>\n<td> Sulfato de glucosamina 2KCI<\/td>\n<td>500 mg gen\u00e9rico<\/td>\n<\/tr>\n<tr>\n<td> Colag\u00e9nio Hidrolisado Tipo II &amp; II<\/td>\n<td>225 mg gen\u00e9rico<\/td>\n<\/tr>\n<tr>\n Sulfato de <\/p>\n<td> Condroitina<\/td>\n<td>160 mg gen\u00e9rico<\/td>\n<\/tr>\n<tr>\n<td> MSM<\/td>\n<td>175 mg gen\u00e9rico<\/td>\n<\/tr>\n<tr>\n \u00c1cido <\/p>\n<td> hialur\u00f3nico<\/td>\n<td>0,5 mg gen\u00e9rico<\/td>\n<\/tr>\n<tr>\n<td> Vitamina C<\/td>\n<td>100 mg \/ 125%*<\/td>\n<\/tr>\n<tr>\n<td> Vitamina D3<\/td>\n<td>5 \u03bcg \/ 100%*<\/td>\n<\/tr>\n<tr>\n<td> Vitamina B12<\/td>\n<td>3 \u03bcg \/ 120%*<\/td>\n<\/tr>\n<tr>\n Sementes mo\u00eddas <\/p>\n<td> de Cannabis Sativa L.<\/td>\n<td>15 mg gen\u00e9rico<\/td>\n<\/tr>\n<tr>\n Extrato <\/p>\n<td> de urtiga<\/td>\n<td>15 mg gen\u00e9rico<\/td>\n<\/tr>\n<tr>\n<td> Extrato de<br \/>\n gengibre &#8211; Gingerol<\/td>\n<td>0,5 mg<br \/>\n0,025 mg<\/td>\n<\/tr>\n<tr>\n<td> Extrato de c\u00farcuma-curcumina\n<\/td>\n<td>0,5 mg<br \/>\n0,48 mg<\/td>\n<\/tr>\n<\/tbody>\n<\/table>\n<p>&nbsp;<\/p>\n","protected":false},"excerpt":{"rendered":"<div class=\"highlighted-green\"><strong>ARTHROCANN Collagen Vitamin Complex+<\/strong> \u00e9 um suplemento diet\u00e9tico \u00e0 base de sulfato de glucosamina, condroitina, colag\u00e9nio, MSM, \u00e1cido hialur\u00f3nico, vitaminas, c\u00e2nhamo e outras plantas.<\/div>\n<div><\/div>\n<div class=\"highlighted-green\">O colag\u00e9nio \u00e9 um componente estrutural b\u00e1sico da cartilagem articular. A vitamina C contribui para o normal funcionamento do sistema imunit\u00e1rio durante o exerc\u00edcio f\u00edsico intenso e, ap\u00f3s isso, contribui para a normal forma\u00e7\u00e3o de colag\u00e9nio para o normal funcionamento dos ossos e cartilagens. Tamb\u00e9m ajuda a reduzir o cansa\u00e7o e a fadiga. A vitamina D contribui para a normal absor\u00e7\u00e3o e utiliza\u00e7\u00e3o do c\u00e1lcio e f\u00f3sforo, para a manuten\u00e7\u00e3o de n\u00edveis normais de c\u00e1lcio no sangue, para a manuten\u00e7\u00e3o de ossos normais e contribui para o normal funcionamento dos m\u00fasculos.   <\/div>\n<div><\/div>\n<div class=\"highlighted-green\"><\/div>\n<div class=\"highlighted-green\"><strong>Dose recomendada: <\/strong>1 comprimido por dia. Recomenda-se tomar por pelo menos 2 meses para melhores resultados. Adequado para uso a longo prazo.  <\/div>\n<div class=\"highlighted-green\"><\/div>\n<div><\/div>\n<div class=\"highlighted-green\"><strong>Advert\u00eancias: <\/strong>Manter fora do alcance de crian\u00e7as pequenas. N\u00e3o exceda a dose di\u00e1ria expressamente recomendada. Os suplementos alimentares n\u00e3o devem ser utilizados como substitutos de uma dieta equilibrada. N\u00e3o deve ser consumido por mulheres gr\u00e1vidas ou a amamentar, nem por crian\u00e7as ou adolescentes com menos de 18 anos de idade.   <\/div>\n","protected":false},"featured_media":16769,"comment_status":"open","ping_status":"closed","template":"","meta":{"_acf_changed":false,"_et_pb_use_builder":"","_et_pb_old_content":"","_et_gb_content_width":""},"product_brand":[],"product_cat":[3596,3876],"product_tag":[3633,3877,3879,3880,3878],"class_list":{"0":"post-18039","1":"product","2":"type-product","3":"status-publish","4":"has-post-thumbnail","6":"product_cat-alivio-e-massagem","7":"product_cat-nutricao","8":"product_tag-articulacoes","9":"product_tag-cartilagem","10":"product_tag-ligamentos-pt-pt","11":"product_tag-nutricao-articular","12":"product_tag-suplemento-alimentar","14":"first","15":"instock","16":"taxable","17":"shipping-taxable","18":"purchasable","19":"product-type-simple"},"acf":[],"_links":{"self":[{"href":"https:\/\/annabis.es\/pt-pt\/wp-json\/wp\/v2\/product\/18039","targetHints":{"allow":["GET"]}}],"collection":[{"href":"https:\/\/annabis.es\/pt-pt\/wp-json\/wp\/v2\/product"}],"about":[{"href":"https:\/\/annabis.es\/pt-pt\/wp-json\/wp\/v2\/types\/product"}],"replies":[{"embeddable":true,"href":"https:\/\/annabis.es\/pt-pt\/wp-json\/wp\/v2\/comments?post=18039"}],"wp:featuredmedia":[{"embeddable":true,"href":"https:\/\/annabis.es\/pt-pt\/wp-json\/wp\/v2\/media\/16769"}],"wp:attachment":[{"href":"https:\/\/annabis.es\/pt-pt\/wp-json\/wp\/v2\/media?parent=18039"}],"wp:term":[{"taxonomy":"product_brand","embeddable":true,"href":"https:\/\/annabis.es\/pt-pt\/wp-json\/wp\/v2\/product_brand?post=18039"},{"taxonomy":"product_cat","embeddable":true,"href":"https:\/\/annabis.es\/pt-pt\/wp-json\/wp\/v2\/product_cat?post=18039"},{"taxonomy":"product_tag","embeddable":true,"href":"https:\/\/annabis.es\/pt-pt\/wp-json\/wp\/v2\/product_tag?post=18039"}],"curies":[{"name":"wp","href":"https:\/\/api.w.org\/{rel}","templated":true}]}}