{"id":18078,"date":"2015-05-25T18:19:43","date_gmt":"2015-05-25T16:19:43","guid":{"rendered":"https:\/\/annabis.es\/producto\/handcann-q10-creme-de-maos-natural-de-canhamo-hidratante-e-regenerador\/"},"modified":"2015-05-25T18:19:43","modified_gmt":"2015-05-25T16:19:43","slug":"handcann-q10-creme-de-maos-natural-de-canhamo-hidratante-e-regenerador","status":"publish","type":"product","link":"https:\/\/annabis.es\/pt-pt\/producto\/handcann-q10-creme-de-maos-natural-de-canhamo-hidratante-e-regenerador\/","title":{"rendered":"HANDCANN Q10 \u2022 Creme de m\u00e3os natural de c\u00e2nhamo hidratante e regenerador"},"content":{"rendered":"<p><strong>Componentes:<\/strong> HANDCANN Q10 \u00e9 um creme de m\u00e3os natural n\u00e3o gorduroso \u00e0 base de \u00f3leo de sementes de c\u00e2nhamo, um dos \u00f3leos vegetais menos gordurosos e untuosos que recupera a pele das suas m\u00e3os gra\u00e7as aos seus ingredientes ativos naturais, tais como:<\/p>\n<ul>\n<li>\u00d3leo de sementes de c\u00e2nhamo<\/li>\n<li>Extrato de semente de c\u00e2nhamo<\/li>\n<li>Coenzima Q10<\/li>\n<li>\u00d3leo de am\u00eandoa<\/li>\n<li>Manteiga de karit\u00e9<\/li>\n<li>Vitamina E<\/li>\n<li>Cera de abelhas<\/li>\n<li>\u00d3leo de Lavanda<\/li>\n<\/ul>\n<p><strong>Recipiente:<\/strong> 75 ml. <strong>Ingredientes (INCI):<\/strong> Aqua\/\u00c1gua, \u00d3leo de Semente de Cannabis Sativa, \u00d3leo de Prunus Amygdalus Dulcis, Citrato de Estearato de Glicerilo, \u00c1lcool Cetear\u00edlico, Manteiga de Butyrospermum Parkii, \u00d3leo de Fruta Olea Europaea, Estearato de Glicerilo, Tocoferol, Cera Alba, Extrato de Semente de Cannabis Sativa, Glucos\u00eddeo Cetearilo, Azeitona de Sorbitano, \u00d3leo de Casca de Amyris Balsamifera, \u00d3leo de Lavandula Angustifolia, \u00d3leo de Casca de Sinensis C\u00edtrica, Benzoato de S\u00f3dio, Sorbato de Pot\u00e1ssio, \u00c1cido C\u00edtrico,  Linalol, D-Limoneno.<\/p>\n","protected":false},"excerpt":{"rendered":"<p><strong>HANDCANN Q10<\/strong> \u00e9 um creme de m\u00e3os natural que regenera e hidrata adequado para todos os tipos de pele, especialmente para m\u00e3os secas propensas a rachaduras. A sua f\u00f3rmula 100% natural tem um elevado teor de \u00e1cidos gordos essenciais \u00f3mega 3-6 provenientes do \u00f3leo de c\u00e2nhamo e extrato de sementes de c\u00e2nhamo, entre outros ingredientes naturais como manteiga de karit\u00e9 e azeite. Os seus ingredientes ativos naturais criam uma camada protetora na pele, hidratando as m\u00e3os, unhas e cut\u00edculas. Indicado como um creme de m\u00e3os de manuten\u00e7\u00e3o hidratante e regenerador e especificamente para m\u00e3os castigadas, muito secas, com tend\u00eancia a fissuras, cut\u00edculas e outras altera\u00e7\u00f5es espec\u00edficas da pele, como tend\u00eancia \u00e0 atopia, tend\u00eancia a fissuras e frieiras, ou descama\u00e7\u00e3o grave. O creme de m\u00e3os natural HANDCANN Q10 foi concebido para uso di\u00e1rio, pelo que se recomenda aplic\u00e1-lo v\u00e1rias vezes ao longo do dia. Gra\u00e7as \u00e0 sua textura, absorve facilmente sem deixar uma sensa\u00e7\u00e3o gordurosa, criando uma camada de prote\u00e7\u00e3o na pele e regenerando-a naturalmente. Possui Certifica\u00e7\u00e3o Natural CPK (<em>Certified Natural Cosmetics<\/em>) e \u00e9 adequado para uso em crian\u00e7as e beb\u00eas de 0 a 3 anos de idade. Mant\u00e9m a sa\u00fade das suas m\u00e3os gra\u00e7as ao seu formato de viagem confort\u00e1vel. <\/p>\n","protected":false},"featured_media":16763,"comment_status":"closed","ping_status":"closed","template":"","meta":{"_acf_changed":false,"_et_pb_use_builder":"","_et_pb_old_content":"","_et_gb_content_width":""},"product_brand":[],"product_cat":[3852,3800,3620],"product_tag":[3864,3868,3865,3866,3854,3853,3867],"class_list":{"0":"post-18078","1":"product","2":"type-product","3":"status-publish","4":"has-post-thumbnail","6":"product_cat-criancas-e-lactentes","7":"product_cat-cuidados-com-o-corpo","8":"product_cat-natural-e-bio","9":"product_tag-cuticulas-pt-pt","10":"product_tag-descamacao","11":"product_tag-maos","12":"product_tag-pele-aspera","13":"product_tag-pele-psoriatica","14":"product_tag-pele-seca","15":"product_tag-unhas","17":"first","18":"instock","19":"taxable","20":"shipping-taxable","21":"purchasable","22":"product-type-simple"},"acf":[],"_links":{"self":[{"href":"https:\/\/annabis.es\/pt-pt\/wp-json\/wp\/v2\/product\/18078","targetHints":{"allow":["GET"]}}],"collection":[{"href":"https:\/\/annabis.es\/pt-pt\/wp-json\/wp\/v2\/product"}],"about":[{"href":"https:\/\/annabis.es\/pt-pt\/wp-json\/wp\/v2\/types\/product"}],"replies":[{"embeddable":true,"href":"https:\/\/annabis.es\/pt-pt\/wp-json\/wp\/v2\/comments?post=18078"}],"wp:featuredmedia":[{"embeddable":true,"href":"https:\/\/annabis.es\/pt-pt\/wp-json\/wp\/v2\/media\/16763"}],"wp:attachment":[{"href":"https:\/\/annabis.es\/pt-pt\/wp-json\/wp\/v2\/media?parent=18078"}],"wp:term":[{"taxonomy":"product_brand","embeddable":true,"href":"https:\/\/annabis.es\/pt-pt\/wp-json\/wp\/v2\/product_brand?post=18078"},{"taxonomy":"product_cat","embeddable":true,"href":"https:\/\/annabis.es\/pt-pt\/wp-json\/wp\/v2\/product_cat?post=18078"},{"taxonomy":"product_tag","embeddable":true,"href":"https:\/\/annabis.es\/pt-pt\/wp-json\/wp\/v2\/product_tag?post=18078"}],"curies":[{"name":"wp","href":"https:\/\/api.w.org\/{rel}","templated":true}]}}