{"id":18089,"date":"2017-11-22T13:00:18","date_gmt":"2017-11-22T11:00:18","guid":{"rendered":"https:\/\/annabis.es\/producto\/arthrocann-gel-efeito-calor-1l-%c2%b7-gel-de-canhamo-natural-para-alivio-e-massagem\/"},"modified":"2017-11-22T13:00:18","modified_gmt":"2017-11-22T11:00:18","slug":"arthrocann-gel-efeito-calor-1l-%c2%b7-gel-de-canhamo-natural-para-alivio-e-massagem","status":"publish","type":"product","link":"https:\/\/annabis.es\/pt-pt\/producto\/arthrocann-gel-efeito-calor-1l-%c2%b7-gel-de-canhamo-natural-para-alivio-e-massagem\/","title":{"rendered":"ARTHROCANN GEL efeito calor 1L \u00b7 Gel de c\u00e2nhamo natural para al\u00edvio e massagem"},"content":{"rendered":"<p><strong>Componentes:<\/strong> ARTHROCANN Heat Effect Gel tem at\u00e9 16 ingredientes ativos naturais, tais como:<\/p>\n<ul>\n<li>\u00d3leo e extrato de sementes de c\u00e2nhamo<\/li>\n<li>Extrato de capsaicina<\/li>\n<li>Extrato de Castanha das \u00cdndias<\/li>\n<li>Extrato de confrei<\/li>\n<li>Extrato de Canela<\/li>\n<li>Prata coloidal<\/li>\n<\/ul>\n<p><strong>Recipiente<\/strong>: 1000 ml.<\/p>\n<p>&nbsp;<\/p>\n<h3 style=\"color: #ff9900;\">Um gel de efeito quente adequado para veganos que proporciona uma sensa\u00e7\u00e3o calmante e tonificante gra\u00e7as \u00e0 capsaicina.<\/h3>\n<p>&nbsp;<\/p>\n<p><strong>Ingredientes (INCI): <\/strong>Aqua\/\u00c1gua, Glicerina, \u00c1lcool Denat., Extrato de Semente de Cannabis Sativa, C\u00e2nfora, Propilenoglicol, Extrato de Resina de Boswellia Serrata, \u00d3leo de Semente de Cannabis Sativa, \u00d3leo de Fruta de Olea Europaea, Extrato de Fruta de Aesculus Hippocastanum, Extrato de Raiz de Symphytum Officinale, Extrato de Raiz de Zingiber Officinale, Carb\u00f3mero, Trietanolamina, \u00d3leo de Casca de Cinnamomum Zeylanicum, \u00d3leo de Folha de Eucalyptus Globulus, Extrato de Folha de Rosmarinus Officinalis, Extrato de Fruta de Capsicum Frutescens, \u00d3leo de Semente de Helianthus Annuus,  \u00d3leo de Melaleuca Leucadendron Cajaputi, Extrato de Resina Styrax Tonkinensis, \u00d3leo de Thymus Vulgaris, Prata Coloidal. <strong>Uso recomendado:<\/strong> Aplique no m\u00e1ximo 2 vezes ao dia na \u00e1rea desejada, respeitando um intervalo de 3 horas entre cada aplica\u00e7\u00e3o. <strong>Advert\u00eancias: <\/strong>Produto concebido para uso adulto. As pessoas com hipersensibilidade conhecida a qualquer uma das subst\u00e2ncias ativas contidas n\u00e3o devem utilizar este produto. N\u00e3o utilize \u00e0 volta dos olhos, se a pele estiver danificada, ou nas membranas mucosas. Ap\u00f3s a aplica\u00e7\u00e3o, lave as m\u00e3os com bastante \u00e1gua.<\/p>\n","protected":false},"excerpt":{"rendered":"<p class=\"p1\">ARTHROCANN Heat Effect Gel em formato 1L, \u00e0 base de c\u00e2nhamo e prata coloidal, \u00e9 um gel de massagem com extrato de pimenta ou capsaicina, que lhe confere uma agrad\u00e1vel sensa\u00e7\u00e3o de calor ideal para aplica\u00e7\u00e3o por massagem na pele dos m\u00fasculos e articula\u00e7\u00f5es.<\/p>\n<p class=\"p1\">A capsaicina como ingrediente natural tem a propriedade de aumentar a temperatura corporal na \u00e1rea de aplica\u00e7\u00e3o, proporcionando uma sensa\u00e7\u00e3o t\u00e9rmica relaxante e tonificante. Al\u00e9m disso, a sua poderosa f\u00f3rmula cont\u00e9m at\u00e9 16 ingredientes ativos naturais com os quais o \u00f3leo e extrato de sementes de c\u00e2nhamo s\u00e3o combinados, sem qualquer efeito psicoativo, aumentando o seu efeito calmante e relaxante e cuidados com a pele gra\u00e7as \u00e0 sua contribui\u00e7\u00e3o de \u00f3leos essenciais \u00d3mega 3 e 6. Tamb\u00e9m indicado para mulheres com p\u00e9s frios ou para aplica\u00e7\u00e3o pr\u00e9 e p\u00f3s desportiva. Um produto para veganos, tamb\u00e9m dispon\u00edvel <a href=\"https:\/\/annabis.es\/producto\/arthrocann-gel-de-canamo-masaje-1l\/\">sem efeito de calor<\/a>.   <\/p>\n","protected":false},"featured_media":18344,"comment_status":"open","ping_status":"closed","template":"","meta":{"_acf_changed":false,"_et_pb_use_builder":"","_et_pb_old_content":"","_et_gb_content_width":""},"product_brand":[],"product_cat":[3596,3900,3619],"product_tag":[3633,3634,3635],"class_list":{"0":"post-18089","1":"product","2":"type-product","3":"status-publish","4":"has-post-thumbnail","6":"product_cat-alivio-e-massagem","7":"product_cat-formato-maxi-pt-pt","8":"product_cat-produtos-veganos","9":"product_tag-articulacoes","10":"product_tag-massagem","11":"product_tag-musculos-pt-pt","13":"first","14":"instock","15":"taxable","16":"shipping-taxable","17":"purchasable","18":"product-type-simple"},"acf":[],"_links":{"self":[{"href":"https:\/\/annabis.es\/pt-pt\/wp-json\/wp\/v2\/product\/18089","targetHints":{"allow":["GET"]}}],"collection":[{"href":"https:\/\/annabis.es\/pt-pt\/wp-json\/wp\/v2\/product"}],"about":[{"href":"https:\/\/annabis.es\/pt-pt\/wp-json\/wp\/v2\/types\/product"}],"replies":[{"embeddable":true,"href":"https:\/\/annabis.es\/pt-pt\/wp-json\/wp\/v2\/comments?post=18089"}],"wp:featuredmedia":[{"embeddable":true,"href":"https:\/\/annabis.es\/pt-pt\/wp-json\/wp\/v2\/media\/18344"}],"wp:attachment":[{"href":"https:\/\/annabis.es\/pt-pt\/wp-json\/wp\/v2\/media?parent=18089"}],"wp:term":[{"taxonomy":"product_brand","embeddable":true,"href":"https:\/\/annabis.es\/pt-pt\/wp-json\/wp\/v2\/product_brand?post=18089"},{"taxonomy":"product_cat","embeddable":true,"href":"https:\/\/annabis.es\/pt-pt\/wp-json\/wp\/v2\/product_cat?post=18089"},{"taxonomy":"product_tag","embeddable":true,"href":"https:\/\/annabis.es\/pt-pt\/wp-json\/wp\/v2\/product_tag?post=18089"}],"curies":[{"name":"wp","href":"https:\/\/api.w.org\/{rel}","templated":true}]}}