{"id":18274,"date":"2024-12-05T17:17:46","date_gmt":"2024-12-05T15:17:46","guid":{"rendered":"https:\/\/annabis.es\/?post_type=product&#038;p=18274"},"modified":"2024-12-05T17:31:26","modified_gmt":"2024-12-05T15:31:26","slug":"pack-de-oferta-mime-se-dedique-tempo-a-si-mesmo-o-presente-perfeito","status":"publish","type":"product","link":"https:\/\/annabis.es\/pt-pt\/producto\/pack-de-oferta-mime-se-dedique-tempo-a-si-mesmo-o-presente-perfeito\/","title":{"rendered":"Pack de oferta Mime-se &#8211; Dedique tempo a si mesmo: o presente perfeito"},"content":{"rendered":"<h3>Porqu\u00ea escolher o pack &#8220;Mime-se&#8221;?<\/h3>\n<p>O Conjunto &#8220;Mime-se&#8221; \u00e9 perfeito para quem pretende uma rotina facial eficaz e natural. As suas f\u00f3rmulas combinam ci\u00eancia e natureza para resultados vis\u00edveis desde as primeiras aplica\u00e7\u00f5es.<\/p>\n<p><strong>Benef\u00edcios do pack &#8220;Mime-se&#8221;:<\/strong><\/p>\n<p>Hidrata e nutre intensamente.<br \/>\nReduz os sinais vis\u00edveis de envelhecimento.<br \/>\nProtege e acalma a pele contra as agress\u00f5es externas.<\/p>\n","protected":false},"excerpt":{"rendered":"<p>Mime-se ou proporcione-se uma experi\u00eancia de cuidado di\u00e1rio e de luxo. Com o pack \u201cMime-se\u201d ir\u00e1 investir na sa\u00fade e beleza natural. Comece a cuidar de si hoje mesmo!<\/p>\n<p>Um momento para si \u00e9 o melhor presente que pode dar a si pr\u00f3prio. O Pack Presente &#8220;Mime-se&#8221; inclui dois cuidados naturais essenciais, concebidos para revitalizar e nutrir profundamente a pele: um s\u00e9rum e um creme que combinam os benef\u00edcios do c\u00e2nhamo e do \u00e1cido hialur\u00f3nico.<\/p>\n<p><strong>\u00a0O detalhe ideal para algu\u00e9m especial, com uma mensagem \u00fanica: <\/strong>&#8220;Mime-se todos os dias, porque voc\u00ea merece.&#8221;<\/p>\n<h3>O que inclui este pack?<\/h3>\n<p><strong>1\ufe0f\u20e3 S\u00e9rum Hidratante Intensivo N\u00c9OCANN (50 ml)<br \/>\n2\ufe0f\u20e3 Creme Hidratante Antirrugas CREMCANN Hyaluron (50 ml)<\/strong><\/p>\n<h3>Sobre os produtos<\/h3>\n<p><strong>S\u00e9rum Hidratante Intensivo N\u00c9OCANN (50 ml):<\/strong><br \/>\nUm s\u00e9rum de textura leve enriquecido com \u00e1cido hialur\u00f3nico, \u00f3leo de sementes de c\u00e2nhamo e outros princ\u00edpios ativos que acalmam, hidratam e rejuvenescem a pele. R\u00e1pida absor\u00e7\u00e3o que deixa a pele macia, luminosa e suave, ajudando a reduzir as linhas de express\u00e3o e a melhorar a uniformidade do tom facial.<\/p>\n<p><strong>Creme facial antirrugas CREMCANN Hyaluron (50 ml):<\/strong><br \/>\nCreme facial formulado com \u00e1cido hialur\u00f3nico, \u00f3leo de c\u00e2nhamo e extratos naturais, perfeito para hidratar, refor\u00e7ar a barreira cut\u00e2nea e restaurar a elasticidade da pele. A sua embalagem airless mant\u00e9m a f\u00f3rmula fresca e eficaz, ideal para peles maduras ou que necessitem de hidrata\u00e7\u00e3o extra.<\/p>\n","protected":false},"featured_media":18264,"comment_status":"closed","ping_status":"closed","template":"","meta":{"_acf_changed":false,"_et_pb_use_builder":"","_et_pb_old_content":"","_et_gb_content_width":""},"product_brand":[],"product_cat":[3640,3638,3639,3723],"product_tag":[],"class_list":{"0":"post-18274","1":"product","2":"type-product","3":"status-publish","4":"has-post-thumbnail","6":"product_cat-cosmeticos-bioativos","7":"product_cat-cosmeticos-faciais","8":"product_cat-novos-produtos-de-cannabis","9":"product_cat-pacotes-de-cuidados","11":"first","12":"instock","13":"sale","14":"taxable","15":"shipping-taxable","16":"purchasable","17":"product-type-simple"},"acf":[],"_links":{"self":[{"href":"https:\/\/annabis.es\/pt-pt\/wp-json\/wp\/v2\/product\/18274","targetHints":{"allow":["GET"]}}],"collection":[{"href":"https:\/\/annabis.es\/pt-pt\/wp-json\/wp\/v2\/product"}],"about":[{"href":"https:\/\/annabis.es\/pt-pt\/wp-json\/wp\/v2\/types\/product"}],"replies":[{"embeddable":true,"href":"https:\/\/annabis.es\/pt-pt\/wp-json\/wp\/v2\/comments?post=18274"}],"wp:featuredmedia":[{"embeddable":true,"href":"https:\/\/annabis.es\/pt-pt\/wp-json\/wp\/v2\/media\/18264"}],"wp:attachment":[{"href":"https:\/\/annabis.es\/pt-pt\/wp-json\/wp\/v2\/media?parent=18274"}],"wp:term":[{"taxonomy":"product_brand","embeddable":true,"href":"https:\/\/annabis.es\/pt-pt\/wp-json\/wp\/v2\/product_brand?post=18274"},{"taxonomy":"product_cat","embeddable":true,"href":"https:\/\/annabis.es\/pt-pt\/wp-json\/wp\/v2\/product_cat?post=18274"},{"taxonomy":"product_tag","embeddable":true,"href":"https:\/\/annabis.es\/pt-pt\/wp-json\/wp\/v2\/product_tag?post=18274"}],"curies":[{"name":"wp","href":"https:\/\/api.w.org\/{rel}","templated":true}]}}