{"id":18276,"date":"2024-12-05T17:34:12","date_gmt":"2024-12-05T15:34:12","guid":{"rendered":"https:\/\/annabis.es\/?post_type=product&#038;p=18276"},"modified":"2024-12-05T17:46:10","modified_gmt":"2024-12-05T15:46:10","slug":"pack-de-oferta-cuide-se-porque-cuidar-de-si-e-o-mais-importante","status":"publish","type":"product","link":"https:\/\/annabis.es\/pt-pt\/producto\/pack-de-oferta-cuide-se-porque-cuidar-de-si-e-o-mais-importante\/","title":{"rendered":"Pack de oferta Cuide-se &#8211; Porque cuidar de si \u00e9 o mais importante"},"content":{"rendered":"<h3>Porqu\u00ea escolher o pack &#8220;Cuida-se&#8221;?<\/h3>\n<p>Este conjunto oferece uma solu\u00e7\u00e3o completa para manter as zonas mais sens\u00edveis do corpo hidratadas e protegidas. Gra\u00e7as \u00e0s suas f\u00f3rmulas naturais isentas de ingredientes agressivos, \u00e9 adequado at\u00e9 para peles sens\u00edveis.<\/p>\n<p><strong>Benef\u00edcios do Conjunto &#8220;Cuida-se&#8221;:<\/strong><\/p>\n<ul>\n<li>Hidrata\u00e7\u00e3o profunda e prote\u00e7\u00e3o duradoura.<\/li>\n<li>Ingredientes naturais enriquecidos com c\u00e2nhamo.<\/li>\n<li>Ideal para o cuidado di\u00e1rio do rosto, m\u00e3os e l\u00e1bios.<\/li>\n<\/ul>\n<p>&nbsp;<\/p>\n","protected":false},"excerpt":{"rendered":"<p>D\u00ea \u00e0 sua pele a aten\u00e7\u00e3o que ela merece com o Conjunto \u201cCuida-se\u201d. Fa\u00e7a do seu bem-estar uma prioridade di\u00e1ria e desfrute de uma rotina natural que mima a sua pele.<\/p>\n<p>O Pack Presente &#8220;Cuida-se&#8221; foi pensado para oferecer um cuidado integral e natural ao rosto, m\u00e3os e l\u00e1bios. Este pr\u00e1tico pack inclui tr\u00eas produtos essenciais que mimam as zonas mais delicadas e expostas do seu corpo, acompanhados de uma mensagem especial: \u201c<strong>Fa\u00e7a uma pausa para se sentir bem, por dentro e por fora\u201d.<\/strong><\/p>\n<p><strong>O que inclui este pack?<\/strong><\/p>\n<ul>\n<li>1 Creme Facial Hidratante e Regenerador Natural CREMCANN Q10 (50 ml)<\/li>\n<li>1 Creme de M\u00e3os Hidratante Intensivo Natural HANDCANN Q10 (75 ml)<\/li>\n<li>1 b\u00e1lsamo labial natural LIPSTICANN Natur (15 ml)<\/li>\n<\/ul>\n<p><strong>Sobre os produtos<\/strong><\/p>\n<p>1\ufe0f\u20e3 Creme Facial Hidratante e Regenerador CREMCANN Q10 (50 ml):<br \/>\nCom coenzima Q10, \u00f3leo de c\u00e2nhamo e \u00f3leos naturais, este creme hidrata em profundidade, melhora a elasticidade da pele e ajuda a combater os sinais de envelhecimento. Ideal para um rosto revitalizado e luminoso.<\/p>\n<p>2\ufe0f\u20e3 Creme Hidratante de M\u00e3os HANDCANN Q10 (75 ml):<br \/>\nFormulado com c\u00e2nhamo, manteiga de karit\u00e9 e \u00f3leos essenciais, este creme repara e hidrata as m\u00e3os secas ou gretadas, deixando uma sensa\u00e7\u00e3o de suavidade e prote\u00e7\u00e3o contra fatores externos.<\/p>\n<p>3\ufe0f\u20e3 B\u00e1lsamo Labial LIPSTICANN Natur (15 ml):<br \/>\nRico em c\u00e2nhamo e cera de abelha, este b\u00e1lsamo hidrata e protege os l\u00e1bios secos ou gretados. A sua f\u00f3rmula leve acalma e restaura a suavidade natural, perfeita para o uso di\u00e1rio.<\/p>\n<p>Mime a sua pele com este pack completo e desfrute de uma rotina de cuidados totalmente natural!<\/p>\n","protected":false},"featured_media":18268,"comment_status":"closed","ping_status":"closed","template":"","meta":{"_acf_changed":false,"_et_pb_use_builder":"","_et_pb_old_content":"","_et_gb_content_width":""},"product_brand":[],"product_cat":[3640,3638,3800,3686,3639,3723],"product_tag":[],"class_list":{"0":"post-18276","1":"product","2":"type-product","3":"status-publish","4":"has-post-thumbnail","6":"product_cat-cosmeticos-bioativos","7":"product_cat-cosmeticos-faciais","8":"product_cat-cuidados-com-o-corpo","9":"product_cat-higiene-oral","10":"product_cat-novos-produtos-de-cannabis","11":"product_cat-pacotes-de-cuidados","13":"first","14":"instock","15":"sale","16":"taxable","17":"shipping-taxable","18":"purchasable","19":"product-type-simple"},"acf":[],"_links":{"self":[{"href":"https:\/\/annabis.es\/pt-pt\/wp-json\/wp\/v2\/product\/18276","targetHints":{"allow":["GET"]}}],"collection":[{"href":"https:\/\/annabis.es\/pt-pt\/wp-json\/wp\/v2\/product"}],"about":[{"href":"https:\/\/annabis.es\/pt-pt\/wp-json\/wp\/v2\/types\/product"}],"replies":[{"embeddable":true,"href":"https:\/\/annabis.es\/pt-pt\/wp-json\/wp\/v2\/comments?post=18276"}],"wp:featuredmedia":[{"embeddable":true,"href":"https:\/\/annabis.es\/pt-pt\/wp-json\/wp\/v2\/media\/18268"}],"wp:attachment":[{"href":"https:\/\/annabis.es\/pt-pt\/wp-json\/wp\/v2\/media?parent=18276"}],"wp:term":[{"taxonomy":"product_brand","embeddable":true,"href":"https:\/\/annabis.es\/pt-pt\/wp-json\/wp\/v2\/product_brand?post=18276"},{"taxonomy":"product_cat","embeddable":true,"href":"https:\/\/annabis.es\/pt-pt\/wp-json\/wp\/v2\/product_cat?post=18276"},{"taxonomy":"product_tag","embeddable":true,"href":"https:\/\/annabis.es\/pt-pt\/wp-json\/wp\/v2\/product_tag?post=18276"}],"curies":[{"name":"wp","href":"https:\/\/api.w.org\/{rel}","templated":true}]}}