{"id":18489,"date":"2025-01-27T21:07:54","date_gmt":"2025-01-27T19:07:54","guid":{"rendered":"https:\/\/annabis.es\/?post_type=product&#038;p=18489"},"modified":"2025-01-27T21:17:30","modified_gmt":"2025-01-27T19:17:30","slug":"activate-pack-o-prazer-de-se-sentir-ativo-copia","status":"publish","type":"product","link":"https:\/\/annabis.es\/pt-pt\/producto\/activate-pack-o-prazer-de-se-sentir-ativo-copia\/","title":{"rendered":"Activate Pack &#8211; o prazer de se sentir ativo (copia)"},"content":{"rendered":"<p><strong>Porqu\u00ea escolher o Pack &#8220;Ativar&#8221;?<\/strong><\/p>\n<p>Uma solu\u00e7\u00e3o integral de cuidado f\u00edsico e mental, criada para quem quer levar um estilo de vida ativo sem abdicar dos benef\u00edcios dos produtos naturais. Ideal para atletas, idosos ou quem procura o bem-estar di\u00e1rio.<\/p>\n<p><strong>Vantagens do conjunto &#8220;Ativar&#8221;:<\/strong><\/p>\n<p>Relaxa e revitaliza os m\u00fasculos.<br \/>\nPromove a sa\u00fade das articula\u00e7\u00f5es e dos ossos.<br \/>\nIngredientes naturais da mais alta qualidade.<\/p>\n<p>Mime-se ou surpreenda algu\u00e9m especial com este conjunto pr\u00e1tico e cheio de benef\u00edcios. Ative o seu bem-estar com o equil\u00edbrio perfeito entre cuidados internos e externos!<\/p>\n","protected":false},"excerpt":{"rendered":"<p><strong>Recupere a sua vitalidade<\/strong><\/p>\n<p>Naqueles momentos em que precisa de energia extra, o Conjunto de Presentes &#8220;Ativar&#8221; est\u00e1 aqui para o manter ativo e cheio de vitalidade. Com uma mensagem especial: \u201cAtive o seu bem-estar\u201d, \u00e9 ideal para oferecer ou para cuidar de si.<\/p>\n<p>Concebido para complementar um estilo de vida ativo e saud\u00e1vel, este conjunto combina dois produtos premium que atuam no interior e no exterior do corpo.<\/p>\n<p><strong>O que cont\u00e9m este pack?<\/strong><\/p>\n<p>1\ufe0f\u20e3 Gel de massagem ACTIVECANN CBD+CBG (75 ml): Um gel de massagem com CBD, c\u00e2nfora e extratos naturais que proporciona um al\u00edvio imediato aos m\u00fasculos ap\u00f3s esfor\u00e7o f\u00edsico. A sua f\u00f3rmula de r\u00e1pida absor\u00e7\u00e3o oferece um efeito refrescante e calmante instant\u00e2neo.<br \/>\n2\ufe0f\u20e3 Suplemento alimentar ARTHROCANN COLLAGEN VITAMIN COMPLEX (60 comprimidos): Este suplemento combina colag\u00e9nio, \u00e1cido hialur\u00f3nico, vitamina C e glucosamina para fortalecer as articula\u00e7\u00f5es, cartilagens e ossos. Perfeito para manter a mobilidade e prevenir o desgaste das articula\u00e7\u00f5es.<\/p>\n","protected":false},"featured_media":18491,"comment_status":"closed","ping_status":"closed","template":"","meta":{"_acf_changed":false,"_et_pb_use_builder":"","_et_pb_old_content":"","_et_gb_content_width":""},"product_brand":[],"product_cat":[3596,3723],"product_tag":[],"class_list":{"0":"post-18489","1":"product","2":"type-product","3":"status-publish","4":"has-post-thumbnail","6":"product_cat-alivio-e-massagem","7":"product_cat-pacotes-de-cuidados","9":"first","10":"instock","11":"sale","12":"taxable","13":"shipping-taxable","14":"purchasable","15":"product-type-simple"},"acf":[],"_links":{"self":[{"href":"https:\/\/annabis.es\/pt-pt\/wp-json\/wp\/v2\/product\/18489","targetHints":{"allow":["GET"]}}],"collection":[{"href":"https:\/\/annabis.es\/pt-pt\/wp-json\/wp\/v2\/product"}],"about":[{"href":"https:\/\/annabis.es\/pt-pt\/wp-json\/wp\/v2\/types\/product"}],"replies":[{"embeddable":true,"href":"https:\/\/annabis.es\/pt-pt\/wp-json\/wp\/v2\/comments?post=18489"}],"wp:featuredmedia":[{"embeddable":true,"href":"https:\/\/annabis.es\/pt-pt\/wp-json\/wp\/v2\/media\/18491"}],"wp:attachment":[{"href":"https:\/\/annabis.es\/pt-pt\/wp-json\/wp\/v2\/media?parent=18489"}],"wp:term":[{"taxonomy":"product_brand","embeddable":true,"href":"https:\/\/annabis.es\/pt-pt\/wp-json\/wp\/v2\/product_brand?post=18489"},{"taxonomy":"product_cat","embeddable":true,"href":"https:\/\/annabis.es\/pt-pt\/wp-json\/wp\/v2\/product_cat?post=18489"},{"taxonomy":"product_tag","embeddable":true,"href":"https:\/\/annabis.es\/pt-pt\/wp-json\/wp\/v2\/product_tag?post=18489"}],"curies":[{"name":"wp","href":"https:\/\/api.w.org\/{rel}","templated":true}]}}