{"id":18516,"date":"2025-01-28T10:46:14","date_gmt":"2025-01-28T08:46:14","guid":{"rendered":"https:\/\/annabis.es\/?post_type=product&#038;p=18516"},"modified":"2025-01-29T11:18:22","modified_gmt":"2025-01-29T09:18:22","slug":"cremcann-q10-creme-facial-hidratante-e-regenerador-natural-%c2%b7-recipiente-airless-de-50-ml-novo-copia","status":"publish","type":"product","link":"https:\/\/annabis.es\/pt-pt\/producto\/cremcann-q10-creme-facial-hidratante-e-regenerador-natural-%c2%b7-recipiente-airless-de-50-ml-novo-copia\/","title":{"rendered":"CREMCANN Q10 \u2022 Creme facial hidratante e regenerador natural \u00b7 Recipiente airless de 50 ml NOVO! (copia)"},"content":{"rendered":"<p>Gra\u00e7as \u00e0 sua nova embalagem airless, este creme natural n\u00e3o entra em contacto com o ar e, portanto, evita a sua oxida\u00e7\u00e3o e degrada\u00e7\u00e3o. Gra\u00e7as a isso, conseguimos reduzir o uso de conservantes na sua f\u00f3rmula e concentrarmo-nos apenas nos ingredientes que s\u00e3o realmente eficazes e ben\u00e9ficos para a sua pele. <strong>Ingredientes<\/strong>: CREMCANN Q10 creme de rosto cont\u00e9m 19 ingredientes ativos naturais, incluindo: <\/p>\n<ul>\n<li>\u00d3leo de sementes de c\u00e2nhamo biol\u00f3gico<\/li>\n<li>Coenzima Q10<\/li>\n<li>\u00d3leo de am\u00eandoa<\/li>\n<li>Manteiga de karit\u00e9<\/li>\n<li>Vitamina E<\/li>\n<li>\u00d3leo de Lavanda<\/li>\n<li>Cera de abelhas<\/li>\n<\/ul>\n<p>&nbsp;<\/p>\n<p><strong>Embalagem:<\/strong> 50 ml em recipiente airless para maior comodidade na dosagem e melhor conserva\u00e7\u00e3o. <\/p>\n<p class=\"p1\"><span class=\"s1\"><strong>Ingredientes (INCI):  <\/strong><em>Aqua, Triglicer\u00eddeo Capr\u00edlico\/C\u00e1prico, \u00d3leo de Semente de Cannabis Sativa*, Citrato de Estearato de Glicerilo, Manteiga de Butyrospermum Parkii, \u00c1lcool Cetear\u00edlico, PrunusAmygdalus Dulcis Oil, Estearato de Glicerilo, \u00d3leo de Semente de Helianthus Annuus, Cera Alba, Glucos\u00eddeo Cetearilo, Olivato de Sorbitano, Tocoferol, Parfum, Ferulato de Etilo, Ubiquinona, \u00d3leo de Casca de AmyrisBalsamifera, \u00d3leo de Lavandula Angustifolia, \u00d3leo de Casca de Sinensis C\u00edtrica Expresso, Extrato de Humulus Lupulus, Benzoato de S\u00f3dio, Sorbato de Pot\u00e1ssio, \u00c1cido C\u00edtrico, Limoneno, Linalol,  Citral, Citronelol, Isoeugenol, Geraniol. *org\u00e2nico <\/em><\/span><\/p>\n","protected":false},"excerpt":{"rendered":"<p><strong>CREMCANN Q10<\/strong> \u00e9 um hidratante facial regenerador natural baseado na Coenzima Q10 e \u00f3leo de semente de c\u00e2nhamo org\u00e2nico projetado para o cuidado di\u00e1rio da pele. <span class=\"a-list-item\">Um <strong>creme com<\/strong> certifica\u00e7\u00e3o CPK natural adequado para todos os tipos de pele que ajuda a reduzir rugas profundas e linhas de express\u00e3o, nutrindo a pele em profundidade e prevenindo o aparecimento de novas rugas.<\/span> Com <strong>99% de ingredientes naturais<\/strong>, \u00e9 um creme altamente eficaz para o cuidado da pele e para restaurar o seu equil\u00edbrio e barreira protetora natural. A sua f\u00f3rmula \u00e0 base de extratos de ervas e ubiquinona, mais conhecida como coenzima Q10, reenergiza as c\u00e9lulas e ajuda a prevenir rugas e sinais de envelhecimento precoce. <\/p>\n<p>  <span class=\"a-list-item\">A Coenzima Q10 e o \u00d3leo de Semente de C\u00e2nhamo Org\u00e2nico contribuem para a regenera\u00e7\u00e3o, previnem a forma\u00e7\u00e3o de rugas, fornecem energia \u00e0s c\u00e9lulas da pele e protegem a pele dos danos causados pelos radicais livres t\u00f3xicos.  <\/span><\/p>\n<p><span class=\"a-list-item\">Um creme com f\u00f3rmula 100% <strong>vegan<\/strong>, indicado<\/span>para todos os tipos de pele, especialmente pele seca ou sens\u00edvel, ajuda a reduzir rugas profundas e linhas finas, nutrindo a pele em profundidade e prevenindo o aparecimento de novas rugas. <strong>Uso recomendado:<\/strong> <span class=\"a-list-item\">Recomenda-se aplicar o creme facial de manh\u00e3 e \u00e0 noite sobre a pele limpa no rosto, pesco\u00e7o e zona do decote dando uma leve massagem com movimentos circulares e para cima.<\/span> <em><strong>Uma dica de cuidado!<\/strong><\/em> Combine-o com o s\u00e9rum de hidrata\u00e7\u00e3o intensiva <a href=\"https:\/\/annabis.es\/producto\/serum-facial-natural-acido-hialuronico-neocann\/\">N\u00c9OCANN<\/a> como um passo antes da sua aplica\u00e7\u00e3o e com algumas gotas do nosso \u00f3leo <a href=\"https:\/\/annabis.es\/producto\/cannol-aceite-de-canamo-cannabis-organico-hidratante-multiusos\/\">org\u00e2nico CANNOL<\/a> como o \u00faltimo passo para completar a sua rotina para obter os melhores resultados.<\/p>\n","protected":false},"featured_media":18528,"comment_status":"closed","ping_status":"closed","template":"","meta":{"_acf_changed":false,"_et_pb_use_builder":"","_et_pb_old_content":"","_et_gb_content_width":""},"product_brand":[],"product_cat":[3640,3638,3620,3639,3622],"product_tag":[3628],"class_list":{"0":"post-18516","1":"product","2":"type-product","3":"status-publish","4":"has-post-thumbnail","6":"product_cat-cosmeticos-bioativos","7":"product_cat-cosmeticos-faciais","8":"product_cat-natural-e-bio","9":"product_cat-novos-produtos-de-cannabis","10":"product_cat-ofertas-em-produtos-de-cannabis","11":"product_tag-pele-sensivel","13":"first","14":"instock","15":"sale","16":"taxable","17":"shipping-taxable","18":"purchasable","19":"product-type-simple"},"acf":[],"_links":{"self":[{"href":"https:\/\/annabis.es\/pt-pt\/wp-json\/wp\/v2\/product\/18516","targetHints":{"allow":["GET"]}}],"collection":[{"href":"https:\/\/annabis.es\/pt-pt\/wp-json\/wp\/v2\/product"}],"about":[{"href":"https:\/\/annabis.es\/pt-pt\/wp-json\/wp\/v2\/types\/product"}],"replies":[{"embeddable":true,"href":"https:\/\/annabis.es\/pt-pt\/wp-json\/wp\/v2\/comments?post=18516"}],"wp:featuredmedia":[{"embeddable":true,"href":"https:\/\/annabis.es\/pt-pt\/wp-json\/wp\/v2\/media\/18528"}],"wp:attachment":[{"href":"https:\/\/annabis.es\/pt-pt\/wp-json\/wp\/v2\/media?parent=18516"}],"wp:term":[{"taxonomy":"product_brand","embeddable":true,"href":"https:\/\/annabis.es\/pt-pt\/wp-json\/wp\/v2\/product_brand?post=18516"},{"taxonomy":"product_cat","embeddable":true,"href":"https:\/\/annabis.es\/pt-pt\/wp-json\/wp\/v2\/product_cat?post=18516"},{"taxonomy":"product_tag","embeddable":true,"href":"https:\/\/annabis.es\/pt-pt\/wp-json\/wp\/v2\/product_tag?post=18516"}],"curies":[{"name":"wp","href":"https:\/\/api.w.org\/{rel}","templated":true}]}}