{"id":18619,"date":"2025-05-05T09:59:47","date_gmt":"2025-05-05T07:59:47","guid":{"rendered":"https:\/\/annabis.es\/?post_type=product&#038;p=18619"},"modified":"2025-05-05T10:59:02","modified_gmt":"2025-05-05T08:59:02","slug":"varicann-q10-gel-de-massagem-natural-para-pernas-cansadas-copia","status":"publish","type":"product","link":"https:\/\/annabis.es\/pt-pt\/producto\/varicann-q10-gel-de-massagem-natural-para-pernas-cansadas-copia\/","title":{"rendered":"VARICANN Q10 \u2022 Gel de massagem natural para pernas cansadas (copia)"},"content":{"rendered":"<p><strong>Modo de usar:<\/strong> aplicar massajando na pele das pernas, quantas vezes ao dia forem necess\u00e1rias. Recomenda-se aplicar por massagem circular para cima dos tornozelos aos joelhos, promovendo assim o retorno da circula\u00e7\u00e3o. <\/p>\n<p>&nbsp;<\/p>\n<p><strong>Componentes:<\/strong> A f\u00f3rmula original do gel de c\u00e2nhamo natural e vegan VARICANN Q10, cont\u00e9m 15 ingredientes ativos naturais, incluindo:<\/p>\n<ul>\n<li>\u00d3leo e extrato de sementes de c\u00e2nhamo (<em>Cannabis Sativa L<\/em>.)<\/li>\n<li>Ubiquinona &#8211; Coenzima Q10<\/li>\n<li>Extrato de Castanha das \u00cdndias<\/li>\n<li>Extrato de Meliloto<\/li>\n<li>Prata coloidal<\/li>\n<li>Extrato de vassoura de a\u00e7ougueiro<\/li>\n<li>Extrato de avel\u00e3 de bruxa<\/li>\n<li>Extrato de videira<\/li>\n<\/ul>\n<p>&nbsp;<\/p>\n<p><strong>Ingredientes (INCI):<\/strong>\u00c1gua\/ Aqua, Glicerina, Propilenoglicol, Extrato de Semente de Cannabis Sativa*, Extrato de Fruta de Aesculus Hippocastanum, Alcohol Denat., Extrato de Folha de Hamamelis Virginiana, Extrato de Raiz de Ruscus Aculeatus, \u00d3leo de Semente de Cannabis Sativa*, \u00d3leo de Fruta Olea Europaea*, Extrato de Folha de Vitis Vinifera, Extrato de Folha de Centella Asiatica, Extrato de Folha de Ginkgo Biloba, Extrato de Melilotus Officinalis, Dimeticona, Troxerutina, Carb\u00f3mero, Trietanolamina, Acetato de Tocoferol, Alanto\u00edna, Diosmina, Ubiquinona, Hesperidina,  \u00d3leo de folha de Cymbopogon citratus, prata coloidal, <em>citral.<\/em>* <strong>Advert\u00eancias org\u00e2nicas:<\/strong> Manter fora do alcance das crian\u00e7as. Produto indicado para uso t\u00f3pico, n\u00e3o adequado para ingest\u00e3o. <strong>EAN:<\/strong> 8594167141154.<\/p>\n","protected":false},"excerpt":{"rendered":"<p>VARICANN Q10 \u00e9 um gel vegan <strong>\u00e0 base de Cannabis<\/strong>, com Coenzima Q10 e prata coloidal para aplicar e massajar nas pernas cansadas, proporcionando uma sensa\u00e7\u00e3o de frescura e al\u00edvio imediato. A combina\u00e7\u00e3o \u00fanica na sua formula\u00e7\u00e3o <strong>de \u00f3leo de semente de cannabis<\/strong> com outros 15 extratos naturais, promove a microcircula\u00e7\u00e3o e proporciona uma agrad\u00e1vel sensa\u00e7\u00e3o de frescura e bem-estar. A sua textura aquosa em gel permite uma aplica\u00e7\u00e3o confort\u00e1vel atrav\u00e9s de massagem em meias pernas em qualquer lugar e a qualquer hora do dia, proporcionando uma agrad\u00e1vel sensa\u00e7\u00e3o relaxante na pele sem deixar uma sensa\u00e7\u00e3o gordurosa, pelo que lhe permite vestir-se com total conforto. Um produto natural e vegano ideal para pessoas que passam muito tempo em p\u00e9, idosos ou pessoas com excesso de peso. O uso regular do gel VARICANN Q10 tamb\u00e9m ajuda a melhorar o aspeto da pele, gra\u00e7as \u00e0 ubiquinona ou coenzima Q10 contida na sua f\u00f3rmula, que atua como um regenerador natural da pele. <strong>Formato<\/strong>: 75 ml.<\/p>\n","protected":false},"featured_media":18623,"comment_status":"closed","ping_status":"closed","template":"","meta":{"_acf_changed":false,"_et_pb_use_builder":"","_et_pb_old_content":"","_et_gb_content_width":""},"product_brand":[],"product_cat":[3800,3619],"product_tag":[3906,3904,3905],"class_list":{"0":"post-18619","1":"product","2":"type-product","3":"status-publish","4":"has-post-thumbnail","6":"product_cat-cuidados-com-o-corpo","7":"product_cat-produtos-veganos","8":"product_tag-formigueiro","9":"product_tag-inchaco-do-tornozelo","10":"product_tag-pernas-cansadas","12":"first","13":"instock","14":"taxable","15":"shipping-taxable","16":"purchasable","17":"product-type-simple"},"acf":[],"_links":{"self":[{"href":"https:\/\/annabis.es\/pt-pt\/wp-json\/wp\/v2\/product\/18619","targetHints":{"allow":["GET"]}}],"collection":[{"href":"https:\/\/annabis.es\/pt-pt\/wp-json\/wp\/v2\/product"}],"about":[{"href":"https:\/\/annabis.es\/pt-pt\/wp-json\/wp\/v2\/types\/product"}],"replies":[{"embeddable":true,"href":"https:\/\/annabis.es\/pt-pt\/wp-json\/wp\/v2\/comments?post=18619"}],"wp:featuredmedia":[{"embeddable":true,"href":"https:\/\/annabis.es\/pt-pt\/wp-json\/wp\/v2\/media\/18623"}],"wp:attachment":[{"href":"https:\/\/annabis.es\/pt-pt\/wp-json\/wp\/v2\/media?parent=18619"}],"wp:term":[{"taxonomy":"product_brand","embeddable":true,"href":"https:\/\/annabis.es\/pt-pt\/wp-json\/wp\/v2\/product_brand?post=18619"},{"taxonomy":"product_cat","embeddable":true,"href":"https:\/\/annabis.es\/pt-pt\/wp-json\/wp\/v2\/product_cat?post=18619"},{"taxonomy":"product_tag","embeddable":true,"href":"https:\/\/annabis.es\/pt-pt\/wp-json\/wp\/v2\/product_tag?post=18619"}],"curies":[{"name":"wp","href":"https:\/\/api.w.org\/{rel}","templated":true}]}}